{"id":12194,"date":"2019-03-14T16:42:13","date_gmt":"2019-03-14T14:42:13","guid":{"rendered":"http:\/\/www.ladyfrombelarus.com\/?page_id=12194"},"modified":"2019-08-01T14:42:53","modified_gmt":"2019-08-01T12:42:53","slug":"partnercheck","status":"publish","type":"page","link":"https:\/\/www.ladyfrombelarus.com\/es\/partnercheck\/","title":{"rendered":"Verificaci\u00f3n de pareja"},"content":{"rendered":"\n<ul class=\"wp-block-list\"><li>Enviamos su perfil antes traducido al ruso con fotos adjuntadas a las chicas que Ud ha elegido.<\/li><li> Ud puede elegir 1-2 chicas as\u00ed como denecas de ellas.<\/li><li> Podemos negar de hacer la verificaci\u00f3n de pareja si un hombre no tiene <strong>fotos de calidad buena o cuestionario completo<\/strong>.<\/li><li> Nos reservamos el derecho de <strong>pedir documentos<\/strong> como confirmaci\u00f3n de su identidad y en caso de su negaci\u00f3n de hacerlo, no enviar su perfil a las chicas o si su perfil no corresponde a las reglas de nuestra agencia.<\/li><li> En caso de que veamos que su perfil tiene <strong>cr\u00edticamente poco respuestas positivas<\/strong>, podemos negar de enviar su perfil si Usted no cambia su criterias de elecci\u00f3n y su cuestionario.<\/li><li> Habitualmente los resultados de la verificaci\u00f3n de pareja est\u00e1n preparados dentro de <strong>2-5 d\u00edas<\/strong>.<\/li><li> Tratamos de recibir el mayor n\u00famero de respuestas possible, pero gracias a causas naturales recoger todas las respuestas no es siempre factible.<\/li><li> Nos reservamos el derecho de recoger todas las respuestas paulatinamente hasta la organizaci\u00f3n actual del viaje.<\/li><li> Si ya hemos enviado su perfil a una chica, no podemos enviarselo una vez m\u00e1s.<\/li><li> Junto con su perfil podemos enviar su <strong>carta de presentaci\u00f3n<\/strong> a una chica pero las respuestas ser\u00e1n de forma s\u00ed\/no si ella acepta\/niega de encontrarse con Usted.<\/li><li> <strong>No traducimos<\/strong> la carta de presentaci\u00f3n y la enviamos a la chica tal como est\u00e1.<\/li><li> Puede <strong>pedir la traducci\u00f3n<\/strong> de su carta de presentaci\u00f3n de antemano.<\/li><\/ul>\n","protected":false},"excerpt":{"rendered":"Enviamos su perfil antes traducido al ruso con fotos adjuntadas a las chicas que Ud ha elegido. Ud puede elegir 1-2 chicas as\u00ed como denecas de ellas. Podemos negar de hacer la verificaci\u00f3n de pareja si un hombre no tiene fotos de calidad buena o cuestionario completo. Nos reservamos el derecho de pedir documentos como &hellip; <p class=\"link-more\"><a href=\"https:\/\/www.ladyfrombelarus.com\/es\/partnercheck\/\" class=\"more-link\">Continuar leyendo<span class=\"screen-reader-text\"> &#8220;Verificaci\u00f3n de pareja&#8221;<\/span><\/a><\/p>","protected":false},"author":1,"featured_media":0,"parent":0,"menu_order":0,"comment_status":"closed","ping_status":"closed","template":"","meta":{"footnotes":""},"class_list":["post-12194","page","type-page","status-publish","hentry"],"translation":{"provider":"WPGlobus","version":"3.0.2","language":"es","enabled_languages":["en","de","fr","it","es"],"languages":{"en":{"title":true,"content":true,"excerpt":false},"de":{"title":true,"content":true,"excerpt":false},"fr":{"title":false,"content":false,"excerpt":false},"it":{"title":false,"content":false,"excerpt":false},"es":{"title":true,"content":true,"excerpt":false}}},"yoast_head":"<!-- This site is optimized with the Yoast SEO plugin v27.4 - https:\/\/yoast.com\/product\/yoast-seo-wordpress\/ -->\n<title>Verificaci\u00f3n de pareja &#8902; Agencia matrimonial Ladyfrombelarus<\/title>\n<meta name=\"robots\" content=\"index, follow, max-snippet:-1, max-image-preview:large, max-video-preview:-1\" \/>\n<link rel=\"canonical\" href=\"https:\/\/www.ladyfrombelarus.com\/de\/partnercheck\/\" \/>\n<meta property=\"og:locale\" content=\"es_ES\" \/>\n<meta property=\"og:type\" content=\"article\" \/>\n<meta property=\"og:title\" content=\"Verificaci\u00f3n de pareja &#8902; Agencia matrimonial Ladyfrombelarus\" \/>\n<meta property=\"og:url\" content=\"https:\/\/www.ladyfrombelarus.com\/de\/partnercheck\/\" \/>\n<meta property=\"og:site_name\" content=\"Agencia matrimonial Ladyfrombelarus\" \/>\n<meta property=\"article:publisher\" content=\"https:\/\/www.facebook.com\/ladyfrombelarus\/\" \/>\n<meta property=\"article:modified_time\" content=\"2019-08-01T12:42:53+00:00\" \/>\n<meta property=\"og:image\" content=\"https:\/\/www.ladyfrombelarus.com\/wp-content\/uploads\/2018\/08\/1.jpg\" \/>\n\t<meta property=\"og:image:width\" content=\"800\" \/>\n\t<meta property=\"og:image:height\" content=\"800\" \/>\n\t<meta property=\"og:image:type\" content=\"image\/jpeg\" \/>\n<meta name=\"twitter:card\" content=\"summary_large_image\" \/>\n<meta name=\"twitter:label1\" content=\"Tiempo de lectura\" \/>\n\t<meta name=\"twitter:data1\" content=\"4 minutos\" \/>\n<script type=\"application\/ld+json\" class=\"yoast-schema-graph\">{\"@context\":\"https:\\\/\\\/schema.org\",\"@graph\":[{\"@type\":\"WebPage\",\"@id\":\"https:\\\/\\\/www.ladyfrombelarus.com\\\/de\\\/partnercheck\\\/\",\"url\":\"https:\\\/\\\/www.ladyfrombelarus.com\\\/de\\\/partnercheck\\\/\",\"name\":\"Verificaci\u00f3n de pareja &#8902; Agencia matrimonial Ladyfrombelarus\",\"isPartOf\":{\"@id\":\"https:\\\/\\\/www.ladyfrombelarus.com\\\/#website\"},\"datePublished\":\"2019-03-14T14:42:13+00:00\",\"dateModified\":\"2019-08-01T12:42:53+00:00\",\"breadcrumb\":{\"@id\":\"https:\\\/\\\/www.ladyfrombelarus.com\\\/de\\\/partnercheck\\\/#breadcrumb\"},\"inLanguage\":\"es\",\"potentialAction\":[{\"@type\":\"ReadAction\",\"target\":[\"https:\\\/\\\/www.ladyfrombelarus.com\\\/de\\\/partnercheck\\\/\"]}]},{\"@type\":\"BreadcrumbList\",\"@id\":\"https:\\\/\\\/www.ladyfrombelarus.com\\\/de\\\/partnercheck\\\/#breadcrumb\",\"itemListElement\":[{\"@type\":\"ListItem\",\"position\":1,\"name\":\"Home\",\"item\":\"https:\\\/\\\/www.ladyfrombelarus.com\\\/\"},{\"@type\":\"ListItem\",\"position\":2,\"name\":\"Partnercheck\"}]},{\"@type\":\"WebSite\",\"@id\":\"https:\\\/\\\/www.ladyfrombelarus.com\\\/#website\",\"url\":\"https:\\\/\\\/www.ladyfrombelarus.com\\\/\",\"name\":\"{:en}Ladyfrombelarus Marriage agency {:}{:de}Osteurop\u00e4ische Partnervermittlung LadyfromBelarus{:}{:fr}Agence de mariage Ladyfrombelarus{:}{:it}Agenzia di matrimonio Ladyfrombelarus{:}{:es}Agencia matrimonial Ladyfrombelarus{:}\",\"description\":\"Desde 1998 llevamos ayudando a los hombres de la Uni\u00f3n Europea y los Estados Unidos a conocer las mujeres solteras de Belar\u00fas con fin de formar la familia.\",\"publisher\":{\"@id\":\"https:\\\/\\\/www.ladyfrombelarus.com\\\/#organization\"},\"potentialAction\":[{\"@type\":\"SearchAction\",\"target\":{\"@type\":\"EntryPoint\",\"urlTemplate\":\"https:\\\/\\\/www.ladyfrombelarus.com\\\/?s={search_term_string}\"},\"query-input\":{\"@type\":\"PropertyValueSpecification\",\"valueRequired\":true,\"valueName\":\"search_term_string\"}}],\"inLanguage\":\"es\"},{\"@type\":\"Organization\",\"@id\":\"https:\\\/\\\/www.ladyfrombelarus.com\\\/#organization\",\"name\":\"marriage agency Ladyfrombelarus\",\"url\":\"https:\\\/\\\/www.ladyfrombelarus.com\\\/\",\"logo\":{\"@type\":\"ImageObject\",\"inLanguage\":\"es\",\"@id\":\"https:\\\/\\\/www.ladyfrombelarus.com\\\/#\\\/schema\\\/logo\\\/image\\\/\",\"url\":\"https:\\\/\\\/www.ladyfrombelarus.com\\\/wp-content\\\/uploads\\\/2019\\\/09\\\/cropped-LOGO_wide.png\",\"contentUrl\":\"https:\\\/\\\/www.ladyfrombelarus.com\\\/wp-content\\\/uploads\\\/2019\\\/09\\\/cropped-LOGO_wide.png\",\"width\":512,\"height\":512,\"caption\":\"marriage agency Ladyfrombelarus\"},\"image\":{\"@id\":\"https:\\\/\\\/www.ladyfrombelarus.com\\\/#\\\/schema\\\/logo\\\/image\\\/\"},\"sameAs\":[\"https:\\\/\\\/www.facebook.com\\\/ladyfrombelarus\\\/\",\"https:\\\/\\\/www.instagram.com\\\/ladyfrombelarus\\\/\",\"https:\\\/\\\/www.youtube.com\\\/user\\\/agency4marriage\"]}]}<\/script>\n<!-- \/ Yoast SEO plugin. -->","yoast_head_json":{"title":"Verificaci\u00f3n de pareja &#8902; Agencia matrimonial Ladyfrombelarus","robots":{"index":"index","follow":"follow","max-snippet":"max-snippet:-1","max-image-preview":"max-image-preview:large","max-video-preview":"max-video-preview:-1"},"canonical":"https:\/\/www.ladyfrombelarus.com\/de\/partnercheck\/","og_locale":"es_ES","og_type":"article","og_title":"Verificaci\u00f3n de pareja &#8902; Agencia matrimonial Ladyfrombelarus","og_url":"https:\/\/www.ladyfrombelarus.com\/de\/partnercheck\/","og_site_name":"Agencia matrimonial Ladyfrombelarus","article_publisher":"https:\/\/www.facebook.com\/ladyfrombelarus\/","article_modified_time":"2019-08-01T12:42:53+00:00","og_image":[{"width":800,"height":800,"url":"https:\/\/www.ladyfrombelarus.com\/wp-content\/uploads\/2018\/08\/1.jpg","type":"image\/jpeg"}],"twitter_card":"summary_large_image","twitter_misc":{"Tiempo de lectura":"4 minutos"},"schema":{"@context":"https:\/\/schema.org","@graph":[{"@type":"WebPage","@id":"https:\/\/www.ladyfrombelarus.com\/de\/partnercheck\/","url":"https:\/\/www.ladyfrombelarus.com\/de\/partnercheck\/","name":"Verificaci\u00f3n de pareja &#8902; Agencia matrimonial Ladyfrombelarus","isPartOf":{"@id":"https:\/\/www.ladyfrombelarus.com\/#website"},"datePublished":"2019-03-14T14:42:13+00:00","dateModified":"2019-08-01T12:42:53+00:00","breadcrumb":{"@id":"https:\/\/www.ladyfrombelarus.com\/de\/partnercheck\/#breadcrumb"},"inLanguage":"es","potentialAction":[{"@type":"ReadAction","target":["https:\/\/www.ladyfrombelarus.com\/de\/partnercheck\/"]}]},{"@type":"BreadcrumbList","@id":"https:\/\/www.ladyfrombelarus.com\/de\/partnercheck\/#breadcrumb","itemListElement":[{"@type":"ListItem","position":1,"name":"Home","item":"https:\/\/www.ladyfrombelarus.com\/"},{"@type":"ListItem","position":2,"name":"Partnercheck"}]},{"@type":"WebSite","@id":"https:\/\/www.ladyfrombelarus.com\/#website","url":"https:\/\/www.ladyfrombelarus.com\/","name":"{:en}Ladyfrombelarus Marriage agency {:}{:de}Osteurop\u00e4ische Partnervermittlung LadyfromBelarus{:}{:fr}Agence de mariage Ladyfrombelarus{:}{:it}Agenzia di matrimonio Ladyfrombelarus{:}{:es}Agencia matrimonial Ladyfrombelarus{:}","description":"Desde 1998 llevamos ayudando a los hombres de la Uni\u00f3n Europea y los Estados Unidos a conocer las mujeres solteras de Belar\u00fas con fin de formar la familia.","publisher":{"@id":"https:\/\/www.ladyfrombelarus.com\/#organization"},"potentialAction":[{"@type":"SearchAction","target":{"@type":"EntryPoint","urlTemplate":"https:\/\/www.ladyfrombelarus.com\/?s={search_term_string}"},"query-input":{"@type":"PropertyValueSpecification","valueRequired":true,"valueName":"search_term_string"}}],"inLanguage":"es"},{"@type":"Organization","@id":"https:\/\/www.ladyfrombelarus.com\/#organization","name":"marriage agency Ladyfrombelarus","url":"https:\/\/www.ladyfrombelarus.com\/","logo":{"@type":"ImageObject","inLanguage":"es","@id":"https:\/\/www.ladyfrombelarus.com\/#\/schema\/logo\/image\/","url":"https:\/\/www.ladyfrombelarus.com\/wp-content\/uploads\/2019\/09\/cropped-LOGO_wide.png","contentUrl":"https:\/\/www.ladyfrombelarus.com\/wp-content\/uploads\/2019\/09\/cropped-LOGO_wide.png","width":512,"height":512,"caption":"marriage agency Ladyfrombelarus"},"image":{"@id":"https:\/\/www.ladyfrombelarus.com\/#\/schema\/logo\/image\/"},"sameAs":["https:\/\/www.facebook.com\/ladyfrombelarus\/","https:\/\/www.instagram.com\/ladyfrombelarus\/","https:\/\/www.youtube.com\/user\/agency4marriage"]}]}},"_links":{"self":[{"href":"https:\/\/www.ladyfrombelarus.com\/es\/wp-json\/wp\/v2\/pages\/12194","targetHints":{"allow":["GET"]}}],"collection":[{"href":"https:\/\/www.ladyfrombelarus.com\/es\/wp-json\/wp\/v2\/pages"}],"about":[{"href":"https:\/\/www.ladyfrombelarus.com\/es\/wp-json\/wp\/v2\/types\/page"}],"author":[{"embeddable":true,"href":"https:\/\/www.ladyfrombelarus.com\/es\/wp-json\/wp\/v2\/users\/1"}],"replies":[{"embeddable":true,"href":"https:\/\/www.ladyfrombelarus.com\/es\/wp-json\/wp\/v2\/comments?post=12194"}],"version-history":[{"count":6,"href":"https:\/\/www.ladyfrombelarus.com\/es\/wp-json\/wp\/v2\/pages\/12194\/revisions"}],"predecessor-version":[{"id":12598,"href":"https:\/\/www.ladyfrombelarus.com\/es\/wp-json\/wp\/v2\/pages\/12194\/revisions\/12598"}],"wp:attachment":[{"href":"https:\/\/www.ladyfrombelarus.com\/es\/wp-json\/wp\/v2\/media?parent=12194"}],"curies":[{"name":"wp","href":"https:\/\/api.w.org\/{rel}","templated":true}]}}