{"id":12834,"date":"2019-08-05T13:39:13","date_gmt":"2019-08-05T11:39:13","guid":{"rendered":"https:\/\/www.ladyfrombelarus.com\/?page_id=12834"},"modified":"2023-12-07T18:44:38","modified_gmt":"2023-12-07T16:44:38","slug":"vision","status":"publish","type":"page","link":"https:\/\/www.ladyfrombelarus.com\/es\/vision\/","title":{"rendered":"Nuestra visi\u00f3n"},"content":{"rendered":"<\/p>\n\n\n<div class=\"wp-block-media-text alignwide is-stacked-on-mobile\"><figure class=\"wp-block-media-text__media\"><img fetchpriority=\"high\" decoding=\"async\" width=\"450\" height=\"600\" src=\"https:\/\/www.ladyfrombelarus.com\/wp-content\/uploads\/2021\/06\/our-vision.jpg\" alt=\"\" class=\"wp-image-14366 size-full\" srcset=\"https:\/\/www.ladyfrombelarus.com\/wp-content\/uploads\/2021\/06\/our-vision.jpg 450w, https:\/\/www.ladyfrombelarus.com\/wp-content\/uploads\/2021\/06\/our-vision-225x300.jpg 225w, https:\/\/www.ladyfrombelarus.com\/wp-content\/uploads\/2021\/06\/our-vision-113x150.jpg 113w\" sizes=\"(max-width: 450px) 100vw, 450px\" \/><\/figure><div class=\"wp-block-media-text__content\">\n<p> Ahora toda la gente se conoce por Internet o casi toda. Pero hab\u00eda tiempo cuando la frase &#8216;hemos conocido por Internet&#8217; fue algo raro.<br>No puedo decir que nuestras conversaciones con Igor en Internet fueron algo especial. Pero una vez que nos hubi\u00e9ramos encontrado en la vida real, pas\u00f3 algo incre\u00edble &#8211; y dentro de 3 horas de comunicaci\u00f3n era evidente que nos tuvimos el uno al otro.<\/p>\n\n\n\n<p>Result\u00f3 que mi marido tuvo un trabajo extraordinario &#8211; agencia matrimonial. En la oficina siempre hab\u00eda mucho ruido y alegr\u00eda &#8211; alguien obsequi\u00f3 con su comida nacional, alguien celebr\u00f3 su noviazgo, hab\u00eda la gente de otros pa\u00edses que quer\u00eda encontrar novias bielorrusas. <\/p>\n<\/div><\/div>\n\n\n\n<p>En aqu\u00e9l tiempo hab\u00eda muchas agencias pero su trabajo fue muy ineficaz. En general su trabajo fue vender la colecci\u00f3n de direcciones postal (que a aqu\u00e9l momento pod\u00eda ser no actuales) o tratar conseguir m\u00e1s dinero posible de hombres por la traducci\u00f3n y env\u00edo de las cartas o por los servicios adicionales &#8211; la opci\u00f3n obligatoria de la agencia deb\u00eda ser la entrega de flores, canastas de alimentos y, por supuesto, omnipresente teddybear, al recibir que cada princesa bielorrusa deb\u00eda tirarse a los pies del hombre.<\/p>\n\n\n\n<p>A este tiempo mi marido y yo hab\u00edamos pasado nuestro camino de relaciones virtuales y est\u00e1bamos seguros que la primera cita fue muy importante, este mecanismo secreto que se llama &#8216;qu\u00edmica&#8217; o &#8216;chispa&#8217; jugaba gran papel.<br>Por eso pusimos todos nuestros esfuerzos en lo que desde la primera vista a las fotos hasta la primera cita pasaba el menor tiempo posible, lo significa cancelamos la correspondencia antes de la cita.<\/p>\n\n\n\n<p>Nuestro objetivo se puso darle a los hombres la informaci\u00f3n actual y verificada sobre mujeres, confirmar la identidad de hombres as\u00ed como de mujeres. Todo eso hizo nuestro base de datos pr\u00e1cticamente 100% libre de scam.<br>Adem\u00e1s prohibimos todas cita fuera de la oficina, de aqu\u00ed en adelante todas primeras citas deben ser organizadas s\u00f3lo en el territorio de la agencia. <\/p>\n\n\n\n<p>De este modo nos libramos de la gente que ven\u00eda a las citas s\u00f3lo para divertirse o pasar buen tiempo.<br>Como resultado llegamos al sistema que funciona como un reloj. Y m\u00e1s de 1510 familia formadas es la confirmaci\u00f3n de eso. <\/p>\n\n\n<p>","protected":false},"excerpt":{"rendered":"Ahora toda la gente se conoce por Internet o casi toda. Pero hab\u00eda tiempo cuando la frase &#8216;hemos conocido por Internet&#8217; fue algo raro.No puedo decir que nuestras conversaciones con Igor en Internet fueron algo especial. Pero una vez que nos hubi\u00e9ramos encontrado en la vida real, pas\u00f3 algo incre\u00edble &#8211; y dentro de 3 &hellip; <p class=\"link-more\"><a href=\"https:\/\/www.ladyfrombelarus.com\/es\/vision\/\" class=\"more-link\">Continuar leyendo<span class=\"screen-reader-text\"> &#8220;Nuestra visi\u00f3n&#8221;<\/span><\/a><\/p>","protected":false},"author":1,"featured_media":0,"parent":0,"menu_order":0,"comment_status":"closed","ping_status":"closed","template":"","meta":{"footnotes":""},"class_list":["post-12834","page","type-page","status-publish","hentry"],"translation":{"provider":"WPGlobus","version":"3.0.2","language":"es","enabled_languages":["en","de","fr","it","es"],"languages":{"en":{"title":true,"content":true,"excerpt":false},"de":{"title":true,"content":true,"excerpt":false},"fr":{"title":true,"content":true,"excerpt":false},"it":{"title":true,"content":true,"excerpt":false},"es":{"title":true,"content":true,"excerpt":false}}},"yoast_head":"<!-- This site is optimized with the Yoast SEO plugin v27.4 - https:\/\/yoast.com\/product\/yoast-seo-wordpress\/ -->\n<title>Belarusian brides agency &quot;LadyFromBelarus&quot; in Minsk, Belarus<\/title>\n<meta name=\"description\" content=\"Professional bride agency Ladyfrombelarus in Minsk, Belarus. We help gentlemen from EU, USA, Canada, Australia to get acquainted with single Belarusian women in order to create a family. 950 real single Belarusian women. 1310 happy couples within the last 21 years\" \/>\n<meta name=\"robots\" content=\"index, follow, max-snippet:-1, max-image-preview:large, max-video-preview:-1\" \/>\n<link rel=\"canonical\" href=\"https:\/\/www.ladyfrombelarus.com\/vision\/\" \/>\n<meta property=\"og:locale\" content=\"es_ES\" \/>\n<meta property=\"og:type\" content=\"article\" \/>\n<meta property=\"og:title\" content=\"Nuestra visi\u00f3n &#8902; Agencia matrimonial Ladyfrombelarus\" \/>\n<meta property=\"og:description\" content=\"Professional bride agency Ladyfrombelarus in Minsk, Belarus. We help gentlemen from EU, USA, Canada, Australia to get acquainted with single Belarusian women in order to create a family. 950 real single Belarusian women. 1310 happy couples within the last 21 years\" \/>\n<meta property=\"og:url\" content=\"https:\/\/www.ladyfrombelarus.com\/vision\/\" \/>\n<meta property=\"og:site_name\" content=\"Agencia matrimonial Ladyfrombelarus\" \/>\n<meta property=\"article:publisher\" content=\"https:\/\/www.facebook.com\/ladyfrombelarus\/\" \/>\n<meta property=\"article:modified_time\" content=\"2023-12-07T16:44:38+00:00\" \/>\n<meta property=\"og:image\" content=\"https:\/\/www.ladyfrombelarus.com\/wp-content\/uploads\/2021\/06\/our-vision-1.jpg\" \/>\n<meta name=\"twitter:card\" content=\"summary_large_image\" \/>\n<meta name=\"twitter:label1\" content=\"Tiempo de lectura\" \/>\n\t<meta name=\"twitter:data1\" content=\"9 minutos\" \/>\n<script type=\"application\/ld+json\" class=\"yoast-schema-graph\">{\"@context\":\"https:\\\/\\\/schema.org\",\"@graph\":[{\"@type\":\"WebPage\",\"@id\":\"https:\\\/\\\/www.ladyfrombelarus.com\\\/vision\\\/\",\"url\":\"https:\\\/\\\/www.ladyfrombelarus.com\\\/vision\\\/\",\"name\":\"Belarusian brides agency \\\"LadyFromBelarus\\\" in Minsk, Belarus\",\"isPartOf\":{\"@id\":\"https:\\\/\\\/www.ladyfrombelarus.com\\\/#website\"},\"primaryImageOfPage\":{\"@id\":\"https:\\\/\\\/www.ladyfrombelarus.com\\\/vision\\\/#primaryimage\"},\"image\":{\"@id\":\"https:\\\/\\\/www.ladyfrombelarus.com\\\/vision\\\/#primaryimage\"},\"thumbnailUrl\":\"https:\\\/\\\/www.ladyfrombelarus.com\\\/wp-content\\\/uploads\\\/2021\\\/06\\\/our-vision-1.jpg\",\"datePublished\":\"2019-08-05T11:39:13+00:00\",\"dateModified\":\"2023-12-07T16:44:38+00:00\",\"description\":\"Professional bride agency Ladyfrombelarus in Minsk, Belarus. We help gentlemen from EU, USA, Canada, Australia to get acquainted with single Belarusian women in order to create a family. 950 real single Belarusian women. 1310 happy couples within the last 21 years\",\"breadcrumb\":{\"@id\":\"https:\\\/\\\/www.ladyfrombelarus.com\\\/vision\\\/#breadcrumb\"},\"inLanguage\":\"es\",\"potentialAction\":[{\"@type\":\"ReadAction\",\"target\":[\"https:\\\/\\\/www.ladyfrombelarus.com\\\/vision\\\/\"]}]},{\"@type\":\"ImageObject\",\"inLanguage\":\"es\",\"@id\":\"https:\\\/\\\/www.ladyfrombelarus.com\\\/vision\\\/#primaryimage\",\"url\":\"https:\\\/\\\/www.ladyfrombelarus.com\\\/wp-content\\\/uploads\\\/2021\\\/06\\\/our-vision-1.jpg\",\"contentUrl\":\"https:\\\/\\\/www.ladyfrombelarus.com\\\/wp-content\\\/uploads\\\/2021\\\/06\\\/our-vision-1.jpg\"},{\"@type\":\"BreadcrumbList\",\"@id\":\"https:\\\/\\\/www.ladyfrombelarus.com\\\/vision\\\/#breadcrumb\",\"itemListElement\":[{\"@type\":\"ListItem\",\"position\":1,\"name\":\"Home\",\"item\":\"https:\\\/\\\/www.ladyfrombelarus.com\\\/\"},{\"@type\":\"ListItem\",\"position\":2,\"name\":\"{:en}Our Vision{:}{:de}Unsere Vision{:}{:fr}Notre vision{:}{:it}La nostra visione{:}{:es}Nuestra visi\u00f3n{:}\"}]},{\"@type\":\"WebSite\",\"@id\":\"https:\\\/\\\/www.ladyfrombelarus.com\\\/#website\",\"url\":\"https:\\\/\\\/www.ladyfrombelarus.com\\\/\",\"name\":\"{:en}Ladyfrombelarus Marriage agency {:}{:de}Osteurop\u00e4ische Partnervermittlung LadyfromBelarus{:}{:fr}Agence de mariage Ladyfrombelarus{:}{:it}Agenzia di matrimonio Ladyfrombelarus{:}{:es}Agencia matrimonial Ladyfrombelarus{:}\",\"description\":\"Desde 1998 llevamos ayudando a los hombres de la Uni\u00f3n Europea y los Estados Unidos a conocer las mujeres solteras de Belar\u00fas con fin de formar la familia.\",\"publisher\":{\"@id\":\"https:\\\/\\\/www.ladyfrombelarus.com\\\/#organization\"},\"potentialAction\":[{\"@type\":\"SearchAction\",\"target\":{\"@type\":\"EntryPoint\",\"urlTemplate\":\"https:\\\/\\\/www.ladyfrombelarus.com\\\/?s={search_term_string}\"},\"query-input\":{\"@type\":\"PropertyValueSpecification\",\"valueRequired\":true,\"valueName\":\"search_term_string\"}}],\"inLanguage\":\"es\"},{\"@type\":\"Organization\",\"@id\":\"https:\\\/\\\/www.ladyfrombelarus.com\\\/#organization\",\"name\":\"marriage agency Ladyfrombelarus\",\"url\":\"https:\\\/\\\/www.ladyfrombelarus.com\\\/\",\"logo\":{\"@type\":\"ImageObject\",\"inLanguage\":\"es\",\"@id\":\"https:\\\/\\\/www.ladyfrombelarus.com\\\/#\\\/schema\\\/logo\\\/image\\\/\",\"url\":\"https:\\\/\\\/www.ladyfrombelarus.com\\\/wp-content\\\/uploads\\\/2019\\\/09\\\/cropped-LOGO_wide.png\",\"contentUrl\":\"https:\\\/\\\/www.ladyfrombelarus.com\\\/wp-content\\\/uploads\\\/2019\\\/09\\\/cropped-LOGO_wide.png\",\"width\":512,\"height\":512,\"caption\":\"marriage agency Ladyfrombelarus\"},\"image\":{\"@id\":\"https:\\\/\\\/www.ladyfrombelarus.com\\\/#\\\/schema\\\/logo\\\/image\\\/\"},\"sameAs\":[\"https:\\\/\\\/www.facebook.com\\\/ladyfrombelarus\\\/\",\"https:\\\/\\\/www.instagram.com\\\/ladyfrombelarus\\\/\",\"https:\\\/\\\/www.youtube.com\\\/user\\\/agency4marriage\"]}]}<\/script>\n<!-- \/ Yoast SEO plugin. -->","yoast_head_json":{"title":"Belarusian brides agency \"LadyFromBelarus\" in Minsk, Belarus","description":"Professional bride agency Ladyfrombelarus in Minsk, Belarus. We help gentlemen from EU, USA, Canada, Australia to get acquainted with single Belarusian women in order to create a family. 950 real single Belarusian women. 1310 happy couples within the last 21 years","robots":{"index":"index","follow":"follow","max-snippet":"max-snippet:-1","max-image-preview":"max-image-preview:large","max-video-preview":"max-video-preview:-1"},"canonical":"https:\/\/www.ladyfrombelarus.com\/vision\/","og_locale":"es_ES","og_type":"article","og_title":"Nuestra visi\u00f3n &#8902; Agencia matrimonial Ladyfrombelarus","og_description":"Professional bride agency Ladyfrombelarus in Minsk, Belarus. We help gentlemen from EU, USA, Canada, Australia to get acquainted with single Belarusian women in order to create a family. 950 real single Belarusian women. 1310 happy couples within the last 21 years","og_url":"https:\/\/www.ladyfrombelarus.com\/vision\/","og_site_name":"Agencia matrimonial Ladyfrombelarus","article_publisher":"https:\/\/www.facebook.com\/ladyfrombelarus\/","article_modified_time":"2023-12-07T16:44:38+00:00","og_image":[{"url":"https:\/\/www.ladyfrombelarus.com\/wp-content\/uploads\/2021\/06\/our-vision-1.jpg","type":"","width":"","height":""}],"twitter_card":"summary_large_image","twitter_misc":{"Tiempo de lectura":"9 minutos"},"schema":{"@context":"https:\/\/schema.org","@graph":[{"@type":"WebPage","@id":"https:\/\/www.ladyfrombelarus.com\/vision\/","url":"https:\/\/www.ladyfrombelarus.com\/vision\/","name":"Belarusian brides agency \"LadyFromBelarus\" in Minsk, Belarus","isPartOf":{"@id":"https:\/\/www.ladyfrombelarus.com\/#website"},"primaryImageOfPage":{"@id":"https:\/\/www.ladyfrombelarus.com\/vision\/#primaryimage"},"image":{"@id":"https:\/\/www.ladyfrombelarus.com\/vision\/#primaryimage"},"thumbnailUrl":"https:\/\/www.ladyfrombelarus.com\/wp-content\/uploads\/2021\/06\/our-vision-1.jpg","datePublished":"2019-08-05T11:39:13+00:00","dateModified":"2023-12-07T16:44:38+00:00","description":"Professional bride agency Ladyfrombelarus in Minsk, Belarus. We help gentlemen from EU, USA, Canada, Australia to get acquainted with single Belarusian women in order to create a family. 950 real single Belarusian women. 1310 happy couples within the last 21 years","breadcrumb":{"@id":"https:\/\/www.ladyfrombelarus.com\/vision\/#breadcrumb"},"inLanguage":"es","potentialAction":[{"@type":"ReadAction","target":["https:\/\/www.ladyfrombelarus.com\/vision\/"]}]},{"@type":"ImageObject","inLanguage":"es","@id":"https:\/\/www.ladyfrombelarus.com\/vision\/#primaryimage","url":"https:\/\/www.ladyfrombelarus.com\/wp-content\/uploads\/2021\/06\/our-vision-1.jpg","contentUrl":"https:\/\/www.ladyfrombelarus.com\/wp-content\/uploads\/2021\/06\/our-vision-1.jpg"},{"@type":"BreadcrumbList","@id":"https:\/\/www.ladyfrombelarus.com\/vision\/#breadcrumb","itemListElement":[{"@type":"ListItem","position":1,"name":"Home","item":"https:\/\/www.ladyfrombelarus.com\/"},{"@type":"ListItem","position":2,"name":"{:en}Our Vision{:}{:de}Unsere Vision{:}{:fr}Notre vision{:}{:it}La nostra visione{:}{:es}Nuestra visi\u00f3n{:}"}]},{"@type":"WebSite","@id":"https:\/\/www.ladyfrombelarus.com\/#website","url":"https:\/\/www.ladyfrombelarus.com\/","name":"{:en}Ladyfrombelarus Marriage agency {:}{:de}Osteurop\u00e4ische Partnervermittlung LadyfromBelarus{:}{:fr}Agence de mariage Ladyfrombelarus{:}{:it}Agenzia di matrimonio Ladyfrombelarus{:}{:es}Agencia matrimonial Ladyfrombelarus{:}","description":"Desde 1998 llevamos ayudando a los hombres de la Uni\u00f3n Europea y los Estados Unidos a conocer las mujeres solteras de Belar\u00fas con fin de formar la familia.","publisher":{"@id":"https:\/\/www.ladyfrombelarus.com\/#organization"},"potentialAction":[{"@type":"SearchAction","target":{"@type":"EntryPoint","urlTemplate":"https:\/\/www.ladyfrombelarus.com\/?s={search_term_string}"},"query-input":{"@type":"PropertyValueSpecification","valueRequired":true,"valueName":"search_term_string"}}],"inLanguage":"es"},{"@type":"Organization","@id":"https:\/\/www.ladyfrombelarus.com\/#organization","name":"marriage agency Ladyfrombelarus","url":"https:\/\/www.ladyfrombelarus.com\/","logo":{"@type":"ImageObject","inLanguage":"es","@id":"https:\/\/www.ladyfrombelarus.com\/#\/schema\/logo\/image\/","url":"https:\/\/www.ladyfrombelarus.com\/wp-content\/uploads\/2019\/09\/cropped-LOGO_wide.png","contentUrl":"https:\/\/www.ladyfrombelarus.com\/wp-content\/uploads\/2019\/09\/cropped-LOGO_wide.png","width":512,"height":512,"caption":"marriage agency Ladyfrombelarus"},"image":{"@id":"https:\/\/www.ladyfrombelarus.com\/#\/schema\/logo\/image\/"},"sameAs":["https:\/\/www.facebook.com\/ladyfrombelarus\/","https:\/\/www.instagram.com\/ladyfrombelarus\/","https:\/\/www.youtube.com\/user\/agency4marriage"]}]}},"_links":{"self":[{"href":"https:\/\/www.ladyfrombelarus.com\/es\/wp-json\/wp\/v2\/pages\/12834","targetHints":{"allow":["GET"]}}],"collection":[{"href":"https:\/\/www.ladyfrombelarus.com\/es\/wp-json\/wp\/v2\/pages"}],"about":[{"href":"https:\/\/www.ladyfrombelarus.com\/es\/wp-json\/wp\/v2\/types\/page"}],"author":[{"embeddable":true,"href":"https:\/\/www.ladyfrombelarus.com\/es\/wp-json\/wp\/v2\/users\/1"}],"replies":[{"embeddable":true,"href":"https:\/\/www.ladyfrombelarus.com\/es\/wp-json\/wp\/v2\/comments?post=12834"}],"version-history":[{"count":40,"href":"https:\/\/www.ladyfrombelarus.com\/es\/wp-json\/wp\/v2\/pages\/12834\/revisions"}],"predecessor-version":[{"id":15404,"href":"https:\/\/www.ladyfrombelarus.com\/es\/wp-json\/wp\/v2\/pages\/12834\/revisions\/15404"}],"wp:attachment":[{"href":"https:\/\/www.ladyfrombelarus.com\/es\/wp-json\/wp\/v2\/media?parent=12834"}],"curies":[{"name":"wp","href":"https:\/\/api.w.org\/{rel}","templated":true}]}}