{"id":12847,"date":"2019-08-05T14:20:06","date_gmt":"2019-08-05T12:20:06","guid":{"rendered":"https:\/\/www.ladyfrombelarus.com\/?page_id=12847"},"modified":"2023-12-07T18:49:35","modified_gmt":"2023-12-07T16:49:35","slug":"process","status":"publish","type":"page","link":"https:\/\/www.ladyfrombelarus.com\/es\/process\/","title":{"rendered":"Nuestro proceso"},"content":{"rendered":"<\/p>\n\n\n<p>Nuestro proceso empieza con conocer a Usted. No dude en escribirnos o rellenar el cuestionario o enviar un mensaje en nuestros messengers para empezar.<\/p>\n\n\n\n<p>Utilizando nuestra experiencia que hemos afinado a lo largo de 25 a\u00f1os, creamos un enfoque personalizado especialmente para Ud.&nbsp; Porque, al final, conocer a alguien es la \u00fanica forma de ver si salen chispas.<\/p>\n\n\n\n<div class=\"wp-block-columns has-2-columns is-layout-flex wp-container-core-columns-is-layout-9d6595d7 wp-block-columns-is-layout-flex\">\n<div class=\"wp-block-column is-layout-flow wp-block-column-is-layout-flow\">\n<p><strong> 1. Conocemos a Ud.<\/strong><br><\/p>\n\n\n\n<p>Ud puede rellenar el cuestionario en nuestro sitio web, (cuanto m\u00e1s detallado sea, es mejor) o puede mandarnos en email detallado o explicarnos todo sobre Ud durante una conversaci\u00f3n.<\/p>\n\n\n\n<p>Si prefiere rellenar el cuestionario, est\u00e1 bien. Si quiere hablar con nosotros, escribanos, por favor, y hablaremos con Ud por Skype.<\/p>\n\n\n\n<p>Cuanto m\u00e1s completa est\u00e9 su cuestionario, cuanto mejor sea la calidad de sus fotos, m\u00e1s eficiente ser\u00e1 el resultado en el segundo paso. En este paso tambi\u00e9n pediremos su ID.<\/p>\n<\/div>\n\n\n\n<div class=\"wp-block-column is-layout-flow wp-block-column-is-layout-flow\">\n<figure class=\"wp-block-image\"><img fetchpriority=\"high\" decoding=\"async\" width=\"1024\" height=\"1024\" src=\"https:\/\/www.ladyfrombelarus.com\/wp-content\/uploads\/2019\/08\/1_fill-in-the-application-1024x1024.jpg\" alt=\"\" class=\"wp-image-12867\" srcset=\"https:\/\/www.ladyfrombelarus.com\/wp-content\/uploads\/2019\/08\/1_fill-in-the-application-1024x1024.jpg 1024w, https:\/\/www.ladyfrombelarus.com\/wp-content\/uploads\/2019\/08\/1_fill-in-the-application-150x150.jpg 150w, https:\/\/www.ladyfrombelarus.com\/wp-content\/uploads\/2019\/08\/1_fill-in-the-application-300x300.jpg 300w, https:\/\/www.ladyfrombelarus.com\/wp-content\/uploads\/2019\/08\/1_fill-in-the-application-768x768.jpg 768w, https:\/\/www.ladyfrombelarus.com\/wp-content\/uploads\/2019\/08\/1_fill-in-the-application-100x100.jpg 100w, https:\/\/www.ladyfrombelarus.com\/wp-content\/uploads\/2019\/08\/1_fill-in-the-application.jpg 1080w\" sizes=\"(max-width: 706px) 89vw, (max-width: 767px) 82vw, 740px\" \/><\/figure>\n<\/div>\n<\/div>\n\n\n\n<div class=\"wp-block-columns has-2-columns is-layout-flex wp-container-core-columns-is-layout-9d6595d7 wp-block-columns-is-layout-flex\">\n<div class=\"wp-block-column is-layout-flow wp-block-column-is-layout-flow\">\n<figure class=\"wp-block-image\"><img decoding=\"async\" width=\"1024\" height=\"1024\" src=\"https:\/\/www.ladyfrombelarus.com\/wp-content\/uploads\/2019\/08\/2_select-the-ladies-1024x1024.jpg\" alt=\"\" class=\"wp-image-12871\" srcset=\"https:\/\/www.ladyfrombelarus.com\/wp-content\/uploads\/2019\/08\/2_select-the-ladies-1024x1024.jpg 1024w, https:\/\/www.ladyfrombelarus.com\/wp-content\/uploads\/2019\/08\/2_select-the-ladies-150x150.jpg 150w, https:\/\/www.ladyfrombelarus.com\/wp-content\/uploads\/2019\/08\/2_select-the-ladies-300x300.jpg 300w, https:\/\/www.ladyfrombelarus.com\/wp-content\/uploads\/2019\/08\/2_select-the-ladies-768x768.jpg 768w, https:\/\/www.ladyfrombelarus.com\/wp-content\/uploads\/2019\/08\/2_select-the-ladies-100x100.jpg 100w, https:\/\/www.ladyfrombelarus.com\/wp-content\/uploads\/2019\/08\/2_select-the-ladies.jpg 1080w\" sizes=\"(max-width: 706px) 89vw, (max-width: 767px) 82vw, 740px\" \/><\/figure>\n<\/div>\n\n\n\n<div class=\"wp-block-column is-layout-flow wp-block-column-is-layout-flow\">\n<p><strong> 2. Selecci\u00f3n de chicas<\/strong><br><\/p>\n\n\n\n<p>Creo que el hombre debe hacer la primera selecci\u00f3n. Por favor, elija 20-30 chicas que le gustan m\u00e1s de todo en nuestro sitio web para que podamos entender sus expectaciones.<\/p>\n\n\n\n<p>Enviaremos su perfil a las chicas que ha elegido para ver si hay coincidencias entre sus expectaciones y su perfil.<\/p>\n\n\n\n<p>Recibimos el feedback de la chicas dentro de 2-5 d\u00edas. Normalmente parece a la table con respuestas s\u00ed\/no.<\/p>\n\n\n\n<p>50% de las respuestas positivas es un indicador bueno y significa que para Ud vale la pena venir a Minsk para conocer a las chicas y puede encontrar su media naranja entre las chicas que le atraen y necesitar\u00e1 la ayuda de la agencia s\u00f3lo para la organizaci\u00f3n de citas.<\/p>\n<\/div>\n<\/div>\n\n\n\n<div class=\"wp-block-columns has-2-columns is-layout-flex wp-container-core-columns-is-layout-9d6595d7 wp-block-columns-is-layout-flex\">\n<div class=\"wp-block-column is-layout-flow wp-block-column-is-layout-flow\">\n<h4 class=\"wp-block-heading\"> 3.  Consejo<\/h4>\n\n\n\n<p>Si no tiene suficientes respuestas positivas, significa que sus expectativas son un poco altas.<\/p>\n\n\n\n<p>Tendr\u00e1 que mejorar su perfil o hacer la selecci\u00f3n de mujeres en el otro grupo de edad \/ profesional.<\/p>\n\n\n\n<p>O podemos ayudarle a elegir a las damas de acuerdo con sus criterios principales.<\/p>\n\n\n\n<p>Conocemos personalmente a la mayor\u00eda de nuestras damas no solo en el papel, sino a un nivel verdaderamente humano gracias a nuestra interacci\u00f3n y comunicaci\u00f3n regular con ellas.<\/p>\n\n\n\n<p>Podemos preseleccionar a las mujeres de nuestra agencia que podr\u00edan estar felices de conocerte para obtener respuestas positivas y dentro de un par de d\u00edas enviarle la lista de las que est\u00e1n interesadas en la cita con Ud.<\/p>\n\n\n\n<p>Como sabe, este tipo de servicio cuesta cientos y miles en otras agencias. Aqu\u00ed puede conseguirlo gratis, as\u00ed que no pierda la oportunidad.<\/p>\n<\/div>\n\n\n\n<div class=\"wp-block-column is-layout-flow wp-block-column-is-layout-flow\">\n<figure class=\"wp-block-image\"><img decoding=\"async\" width=\"1024\" height=\"1024\" src=\"https:\/\/www.ladyfrombelarus.com\/wp-content\/uploads\/2019\/08\/3_matchmaking-1024x1024.jpg\" alt=\"\" class=\"wp-image-12877\" srcset=\"https:\/\/www.ladyfrombelarus.com\/wp-content\/uploads\/2019\/08\/3_matchmaking-1024x1024.jpg 1024w, https:\/\/www.ladyfrombelarus.com\/wp-content\/uploads\/2019\/08\/3_matchmaking-150x150.jpg 150w, https:\/\/www.ladyfrombelarus.com\/wp-content\/uploads\/2019\/08\/3_matchmaking-300x300.jpg 300w, https:\/\/www.ladyfrombelarus.com\/wp-content\/uploads\/2019\/08\/3_matchmaking-768x768.jpg 768w, https:\/\/www.ladyfrombelarus.com\/wp-content\/uploads\/2019\/08\/3_matchmaking-100x100.jpg 100w, https:\/\/www.ladyfrombelarus.com\/wp-content\/uploads\/2019\/08\/3_matchmaking.jpg 1080w\" sizes=\"(max-width: 706px) 89vw, (max-width: 767px) 82vw, 740px\" \/><\/figure>\n<\/div>\n<\/div>\n\n\n\n<div class=\"wp-block-columns has-2-columns is-layout-flex wp-container-core-columns-is-layout-9d6595d7 wp-block-columns-is-layout-flex\">\n<div class=\"wp-block-column is-layout-flow wp-block-column-is-layout-flow\">\n<figure class=\"wp-block-image\"><img loading=\"lazy\" decoding=\"async\" width=\"1024\" height=\"1024\" src=\"https:\/\/www.ladyfrombelarus.com\/wp-content\/uploads\/2019\/08\/4_feedback-table-1024x1024.jpg\" alt=\"\" class=\"wp-image-12879\" srcset=\"https:\/\/www.ladyfrombelarus.com\/wp-content\/uploads\/2019\/08\/4_feedback-table-1024x1024.jpg 1024w, https:\/\/www.ladyfrombelarus.com\/wp-content\/uploads\/2019\/08\/4_feedback-table-150x150.jpg 150w, https:\/\/www.ladyfrombelarus.com\/wp-content\/uploads\/2019\/08\/4_feedback-table-300x300.jpg 300w, https:\/\/www.ladyfrombelarus.com\/wp-content\/uploads\/2019\/08\/4_feedback-table-768x768.jpg 768w, https:\/\/www.ladyfrombelarus.com\/wp-content\/uploads\/2019\/08\/4_feedback-table-100x100.jpg 100w, https:\/\/www.ladyfrombelarus.com\/wp-content\/uploads\/2019\/08\/4_feedback-table.jpg 1080w\" sizes=\"(max-width: 706px) 89vw, (max-width: 767px) 82vw, 740px\" \/><\/figure>\n<\/div>\n\n\n\n<div class=\"wp-block-column is-layout-flow wp-block-column-is-layout-flow\">\n<p><strong> 4.  Reuniones<\/strong><\/p>\n\n\n\n<p>El objetivo de los 2 pasos anteriores es recoger respuestas positivas de las damas y comenzar a programar las reuniones.<\/p>\n\n\n\n<p>Entendemos que nuestros clientes son en su mayor\u00eda personas muy ocupadas y el tiempo es dinero. Es por eso que la videoconferencia es \u00fatil.<\/p>\n\n\n\n<p>El objetivo de las video-reuniones es ver a una dama, hablar con ella, hacer las principales preguntas y obtener la primera impresi\u00f3n. En caso de inter\u00e9s mutuo, puede acordar continuar con la comunicaci\u00f3n directa. Si\u00e9ntase libre de intercambiar informaci\u00f3n de contacto en una reuni\u00f3n, pero si olvida preguntar a los contactos directos de una chica, se los daremos.<\/p>\n\n\n\n<p>Por lo general, recomendamos hablar con 7-10 mujeres ya que, seg\u00fan nuestra experiencia, hace que su b\u00fasqueda sea m\u00e1s eficiente y aumenta las posibilidades de encontrar su \u00e1nima gemela.<\/p>\n\n\n\n<p>En caso de que pueda venir a Bielorrusia en un futuro pr\u00f3ximo y le gustar\u00eda conocer a las chicas en persona, estaremos encantados de organizar reuniones personales. Por lo general, se llevan a cabo en nuestra oficina, tenemos habitaciones separadas para eso.<\/p>\n\n\n\n<p>Le ofrecemos una taza de caf\u00e9 o t\u00e9 y tratamos de crear el ambiente que haga que conocer a su pareja sea lo m\u00e1s f\u00e1cil posible. Puede pasar este tiempo en una habitaci\u00f3n o puede invitar a una chica a tomar una taza de caf\u00e9 o almorzar.<\/p>\n<\/div>\n<\/div>\n\n\n\n<div class=\"wp-block-columns has-2-columns is-layout-flex wp-container-core-columns-is-layout-9d6595d7 wp-block-columns-is-layout-flex\">\n<div class=\"wp-block-column is-layout-flow wp-block-column-is-layout-flow\">\n<p><strong> 5. Subsiguiente comunicaci\u00f3n<\/strong><br><\/p>\n\n\n\n<p>Recomendamos mantener la comunicaci\u00f3n con todas las mujeres que conoci\u00f3 por video o en persona.<\/p>\n\n\n\n<p>Eventualmente, despu\u00e9s de comunicarte online con las mujeres durante bastante tiempo, deber\u00edas pensar en conocerla en persona. Aqu\u00ed, tambi\u00e9n estaremos encantados de ayudarle y programar la primera cita real en nuestra oficina.<\/p>\n\n\n\n<p>O si lo desea, podemos recomendarle una cafeter\u00eda o restaurante acogedor o reservar una mesa.<\/p>\n\n\n\n<p>Si Ud es una persona creativa y est\u00e1 listo para una reuni\u00f3n inusual, por ejemplo, patinaje sobre hielo o paseos a caballo, un viaje rom\u00e1ntico a los castillos bielorrusos, no dude en organizarlos, siempre estamos abiertos a apoyar ideas interesantes.<\/p>\n\n\n\n<p>O simplemente puede organizar su primera cita real en alg\u00fan lugar de la ciudad.<\/p>\n<\/div>\n\n\n\n<div class=\"wp-block-column is-layout-flow wp-block-column-is-layout-flow\">\n<figure class=\"wp-block-image\"><img loading=\"lazy\" decoding=\"async\" width=\"1024\" height=\"1024\" src=\"https:\/\/www.ladyfrombelarus.com\/wp-content\/uploads\/2019\/08\/5_real-meeting-1024x1024.jpg\" alt=\"\" class=\"wp-image-12881\" srcset=\"https:\/\/www.ladyfrombelarus.com\/wp-content\/uploads\/2019\/08\/5_real-meeting-1024x1024.jpg 1024w, https:\/\/www.ladyfrombelarus.com\/wp-content\/uploads\/2019\/08\/5_real-meeting-150x150.jpg 150w, https:\/\/www.ladyfrombelarus.com\/wp-content\/uploads\/2019\/08\/5_real-meeting-300x300.jpg 300w, https:\/\/www.ladyfrombelarus.com\/wp-content\/uploads\/2019\/08\/5_real-meeting-768x768.jpg 768w, https:\/\/www.ladyfrombelarus.com\/wp-content\/uploads\/2019\/08\/5_real-meeting-100x100.jpg 100w, https:\/\/www.ladyfrombelarus.com\/wp-content\/uploads\/2019\/08\/5_real-meeting.jpg 1080w\" sizes=\"(max-width: 706px) 89vw, (max-width: 767px) 82vw, 740px\" \/><\/figure>\n<\/div>\n<\/div>\n\n\n\n<div class=\"wp-block-columns has-2-columns is-layout-flex wp-container-core-columns-is-layout-9d6595d7 wp-block-columns-is-layout-flex\">\n<div class=\"wp-block-column is-layout-flow wp-block-column-is-layout-flow\">\n<p>\u00bfChispas?<\/p>\n\n\n\n<p>\u00a1Estupendo! Cont\u00e1ctenos para hacernos saber que la dar\u00e1 a su nueva relaci\u00f3n algo de tiempo para florecer. Por supuesto, no todos las citas son un \u00e9xito. Pero sabemos que nuestro enfoque de citas renovar\u00e1 su entusiasmo y optimismo por encontrar a alguien especial.<\/p>\n\n\n\n<p>Al elegir Ladyfrombelarus, se abre al mundo de nuevas oportunidades en las que quiz\u00e1s nunca pens\u00f3 o esperaba. Despu\u00e9s de 25 a\u00f1os de ayudar a los solteros a encontrarse, sabemos que tener a alguien en tu equipo que te ayude a navegar por el complejo mundo de las citas de Europa del Este es una forma segura de acercarte a la qu\u00edmica real. Y la verdadera diversi\u00f3n es ver c\u00f3mo encajan las cosas.<\/p>\n<\/div>\n\n\n\n<div class=\"wp-block-column is-layout-flow wp-block-column-is-layout-flow\">\n<figure class=\"wp-block-image\"><img loading=\"lazy\" decoding=\"async\" width=\"1024\" height=\"1024\" src=\"https:\/\/www.ladyfrombelarus.com\/wp-content\/uploads\/2019\/08\/7_happy-1024x1024.jpg\" alt=\"\" class=\"wp-image-12884\" srcset=\"https:\/\/www.ladyfrombelarus.com\/wp-content\/uploads\/2019\/08\/7_happy-1024x1024.jpg 1024w, https:\/\/www.ladyfrombelarus.com\/wp-content\/uploads\/2019\/08\/7_happy-150x150.jpg 150w, https:\/\/www.ladyfrombelarus.com\/wp-content\/uploads\/2019\/08\/7_happy-300x300.jpg 300w, https:\/\/www.ladyfrombelarus.com\/wp-content\/uploads\/2019\/08\/7_happy-768x768.jpg 768w, https:\/\/www.ladyfrombelarus.com\/wp-content\/uploads\/2019\/08\/7_happy-100x100.jpg 100w, https:\/\/www.ladyfrombelarus.com\/wp-content\/uploads\/2019\/08\/7_happy.jpg 1080w\" sizes=\"(max-width: 706px) 89vw, (max-width: 767px) 82vw, 740px\" \/><\/figure>\n<\/div>\n<\/div>\n\n\n<p>","protected":false},"excerpt":{"rendered":"Nuestro proceso empieza con conocer a Usted. No dude en escribirnos o rellenar el cuestionario o enviar un mensaje en nuestros messengers para empezar. Utilizando nuestra experiencia que hemos afinado a lo largo de 25 a\u00f1os, creamos un enfoque personalizado especialmente para Ud.&nbsp; Porque, al final, conocer a alguien es la \u00fanica forma de ver &hellip; <p class=\"link-more\"><a href=\"https:\/\/www.ladyfrombelarus.com\/es\/process\/\" class=\"more-link\">Continuar leyendo<span class=\"screen-reader-text\"> &#8220;Nuestro proceso&#8221;<\/span><\/a><\/p>","protected":false},"author":1,"featured_media":0,"parent":0,"menu_order":0,"comment_status":"closed","ping_status":"closed","template":"","meta":{"footnotes":""},"class_list":["post-12847","page","type-page","status-publish","hentry"],"translation":{"provider":"WPGlobus","version":"3.0.2","language":"es","enabled_languages":["en","de","fr","it","es"],"languages":{"en":{"title":true,"content":true,"excerpt":false},"de":{"title":true,"content":true,"excerpt":false},"fr":{"title":true,"content":true,"excerpt":false},"it":{"title":true,"content":true,"excerpt":false},"es":{"title":true,"content":true,"excerpt":false}}},"yoast_head":"<!-- This site is optimized with the Yoast SEO plugin v27.4 - https:\/\/yoast.com\/product\/yoast-seo-wordpress\/ -->\n<title>Dating agency in Minsk, Belarus \u2013 site Ladyfrombelarus.com<\/title>\n<meta name=\"description\" content=\"Mejor agencia de citas Ladyfrombelarus en Minsk, Bielorrusia. 1283 mujeres bielorrusas solteras reales en el sitio. Ayudamos a caballeros de la UE, EE. UU., Canad\u00e1 y Australia a que se familiaricen con mujeres bielorrusas solteras para crear una familia. 1510 parejas felices en los \u00faltimos 25 a\u00f1os\" \/>\n<meta name=\"robots\" content=\"index, follow, max-snippet:-1, max-image-preview:large, max-video-preview:-1\" \/>\n<link rel=\"canonical\" href=\"https:\/\/www.ladyfrombelarus.com\/process\/\" \/>\n<meta property=\"og:locale\" content=\"es_ES\" \/>\n<meta property=\"og:type\" content=\"article\" \/>\n<meta property=\"og:title\" content=\"Nuestro proceso &#8902; Agencia matrimonial Ladyfrombelarus\" \/>\n<meta property=\"og:description\" content=\"Mejor agencia de citas Ladyfrombelarus en Minsk, Bielorrusia. 1283 mujeres bielorrusas solteras reales en el sitio. Ayudamos a caballeros de la UE, EE. UU., Canad\u00e1 y Australia a que se familiaricen con mujeres bielorrusas solteras para crear una familia. 1510 parejas felices en los \u00faltimos 25 a\u00f1os\" \/>\n<meta property=\"og:url\" content=\"https:\/\/www.ladyfrombelarus.com\/process\/\" \/>\n<meta property=\"og:site_name\" content=\"Agencia matrimonial Ladyfrombelarus\" \/>\n<meta property=\"article:publisher\" content=\"https:\/\/www.facebook.com\/ladyfrombelarus\/\" \/>\n<meta property=\"article:modified_time\" content=\"2023-12-07T16:49:35+00:00\" \/>\n<meta property=\"og:image\" content=\"https:\/\/www.ladyfrombelarus.com\/wp-content\/uploads\/2019\/08\/1_fill-in-the-application-1024x1024.jpg\" \/>\n<meta name=\"twitter:card\" content=\"summary_large_image\" \/>\n<meta name=\"twitter:label1\" content=\"Tiempo de lectura\" \/>\n\t<meta name=\"twitter:data1\" content=\"26 minutos\" \/>\n<script type=\"application\/ld+json\" class=\"yoast-schema-graph\">{\"@context\":\"https:\\\/\\\/schema.org\",\"@graph\":[{\"@type\":\"WebPage\",\"@id\":\"https:\\\/\\\/www.ladyfrombelarus.com\\\/process\\\/\",\"url\":\"https:\\\/\\\/www.ladyfrombelarus.com\\\/process\\\/\",\"name\":\"Dating agency in Minsk, Belarus \u2013 site Ladyfrombelarus.com\",\"isPartOf\":{\"@id\":\"https:\\\/\\\/www.ladyfrombelarus.com\\\/#website\"},\"primaryImageOfPage\":{\"@id\":\"https:\\\/\\\/www.ladyfrombelarus.com\\\/process\\\/#primaryimage\"},\"image\":{\"@id\":\"https:\\\/\\\/www.ladyfrombelarus.com\\\/process\\\/#primaryimage\"},\"thumbnailUrl\":\"https:\\\/\\\/www.ladyfrombelarus.com\\\/wp-content\\\/uploads\\\/2019\\\/08\\\/1_fill-in-the-application-1024x1024.jpg\",\"datePublished\":\"2019-08-05T12:20:06+00:00\",\"dateModified\":\"2023-12-07T16:49:35+00:00\",\"description\":\"Mejor agencia de citas Ladyfrombelarus en Minsk, Bielorrusia. 1283 mujeres bielorrusas solteras reales en el sitio. Ayudamos a caballeros de la UE, EE. UU., Canad\u00e1 y Australia a que se familiaricen con mujeres bielorrusas solteras para crear una familia. 1510 parejas felices en los \u00faltimos 25 a\u00f1os\",\"breadcrumb\":{\"@id\":\"https:\\\/\\\/www.ladyfrombelarus.com\\\/process\\\/#breadcrumb\"},\"inLanguage\":\"es\",\"potentialAction\":[{\"@type\":\"ReadAction\",\"target\":[\"https:\\\/\\\/www.ladyfrombelarus.com\\\/process\\\/\"]}]},{\"@type\":\"ImageObject\",\"inLanguage\":\"es\",\"@id\":\"https:\\\/\\\/www.ladyfrombelarus.com\\\/process\\\/#primaryimage\",\"url\":\"https:\\\/\\\/www.ladyfrombelarus.com\\\/wp-content\\\/uploads\\\/2019\\\/08\\\/1_fill-in-the-application-1024x1024.jpg\",\"contentUrl\":\"https:\\\/\\\/www.ladyfrombelarus.com\\\/wp-content\\\/uploads\\\/2019\\\/08\\\/1_fill-in-the-application-1024x1024.jpg\"},{\"@type\":\"BreadcrumbList\",\"@id\":\"https:\\\/\\\/www.ladyfrombelarus.com\\\/process\\\/#breadcrumb\",\"itemListElement\":[{\"@type\":\"ListItem\",\"position\":1,\"name\":\"Home\",\"item\":\"https:\\\/\\\/www.ladyfrombelarus.com\\\/\"},{\"@type\":\"ListItem\",\"position\":2,\"name\":\"{:en}Our Process{:}{:de}Unser Prozess{:}{:fr}NOTRE PROCESSUS{:}{:it}LA NOSTRA PROCEDURA{:}{:es}Nuestro proceso{:}\"}]},{\"@type\":\"WebSite\",\"@id\":\"https:\\\/\\\/www.ladyfrombelarus.com\\\/#website\",\"url\":\"https:\\\/\\\/www.ladyfrombelarus.com\\\/\",\"name\":\"{:en}Ladyfrombelarus Marriage agency {:}{:de}Osteurop\u00e4ische Partnervermittlung LadyfromBelarus{:}{:fr}Agence de mariage Ladyfrombelarus{:}{:it}Agenzia di matrimonio Ladyfrombelarus{:}{:es}Agencia matrimonial Ladyfrombelarus{:}\",\"description\":\"Desde 1998 llevamos ayudando a los hombres de la Uni\u00f3n Europea y los Estados Unidos a conocer las mujeres solteras de Belar\u00fas con fin de formar la familia.\",\"publisher\":{\"@id\":\"https:\\\/\\\/www.ladyfrombelarus.com\\\/#organization\"},\"potentialAction\":[{\"@type\":\"SearchAction\",\"target\":{\"@type\":\"EntryPoint\",\"urlTemplate\":\"https:\\\/\\\/www.ladyfrombelarus.com\\\/?s={search_term_string}\"},\"query-input\":{\"@type\":\"PropertyValueSpecification\",\"valueRequired\":true,\"valueName\":\"search_term_string\"}}],\"inLanguage\":\"es\"},{\"@type\":\"Organization\",\"@id\":\"https:\\\/\\\/www.ladyfrombelarus.com\\\/#organization\",\"name\":\"marriage agency Ladyfrombelarus\",\"url\":\"https:\\\/\\\/www.ladyfrombelarus.com\\\/\",\"logo\":{\"@type\":\"ImageObject\",\"inLanguage\":\"es\",\"@id\":\"https:\\\/\\\/www.ladyfrombelarus.com\\\/#\\\/schema\\\/logo\\\/image\\\/\",\"url\":\"https:\\\/\\\/www.ladyfrombelarus.com\\\/wp-content\\\/uploads\\\/2019\\\/09\\\/cropped-LOGO_wide.png\",\"contentUrl\":\"https:\\\/\\\/www.ladyfrombelarus.com\\\/wp-content\\\/uploads\\\/2019\\\/09\\\/cropped-LOGO_wide.png\",\"width\":512,\"height\":512,\"caption\":\"marriage agency Ladyfrombelarus\"},\"image\":{\"@id\":\"https:\\\/\\\/www.ladyfrombelarus.com\\\/#\\\/schema\\\/logo\\\/image\\\/\"},\"sameAs\":[\"https:\\\/\\\/www.facebook.com\\\/ladyfrombelarus\\\/\",\"https:\\\/\\\/www.instagram.com\\\/ladyfrombelarus\\\/\",\"https:\\\/\\\/www.youtube.com\\\/user\\\/agency4marriage\"]}]}<\/script>\n<!-- \/ Yoast SEO plugin. -->","yoast_head_json":{"title":"Dating agency in Minsk, Belarus \u2013 site Ladyfrombelarus.com","description":"Mejor agencia de citas Ladyfrombelarus en Minsk, Bielorrusia. 1283 mujeres bielorrusas solteras reales en el sitio. Ayudamos a caballeros de la UE, EE. UU., Canad\u00e1 y Australia a que se familiaricen con mujeres bielorrusas solteras para crear una familia. 1510 parejas felices en los \u00faltimos 25 a\u00f1os","robots":{"index":"index","follow":"follow","max-snippet":"max-snippet:-1","max-image-preview":"max-image-preview:large","max-video-preview":"max-video-preview:-1"},"canonical":"https:\/\/www.ladyfrombelarus.com\/process\/","og_locale":"es_ES","og_type":"article","og_title":"Nuestro proceso &#8902; Agencia matrimonial Ladyfrombelarus","og_description":"Mejor agencia de citas Ladyfrombelarus en Minsk, Bielorrusia. 1283 mujeres bielorrusas solteras reales en el sitio. Ayudamos a caballeros de la UE, EE. UU., Canad\u00e1 y Australia a que se familiaricen con mujeres bielorrusas solteras para crear una familia. 1510 parejas felices en los \u00faltimos 25 a\u00f1os","og_url":"https:\/\/www.ladyfrombelarus.com\/process\/","og_site_name":"Agencia matrimonial Ladyfrombelarus","article_publisher":"https:\/\/www.facebook.com\/ladyfrombelarus\/","article_modified_time":"2023-12-07T16:49:35+00:00","og_image":[{"url":"https:\/\/www.ladyfrombelarus.com\/wp-content\/uploads\/2019\/08\/1_fill-in-the-application-1024x1024.jpg","type":"","width":"","height":""}],"twitter_card":"summary_large_image","twitter_misc":{"Tiempo de lectura":"26 minutos"},"schema":{"@context":"https:\/\/schema.org","@graph":[{"@type":"WebPage","@id":"https:\/\/www.ladyfrombelarus.com\/process\/","url":"https:\/\/www.ladyfrombelarus.com\/process\/","name":"Dating agency in Minsk, Belarus \u2013 site Ladyfrombelarus.com","isPartOf":{"@id":"https:\/\/www.ladyfrombelarus.com\/#website"},"primaryImageOfPage":{"@id":"https:\/\/www.ladyfrombelarus.com\/process\/#primaryimage"},"image":{"@id":"https:\/\/www.ladyfrombelarus.com\/process\/#primaryimage"},"thumbnailUrl":"https:\/\/www.ladyfrombelarus.com\/wp-content\/uploads\/2019\/08\/1_fill-in-the-application-1024x1024.jpg","datePublished":"2019-08-05T12:20:06+00:00","dateModified":"2023-12-07T16:49:35+00:00","description":"Mejor agencia de citas Ladyfrombelarus en Minsk, Bielorrusia. 1283 mujeres bielorrusas solteras reales en el sitio. Ayudamos a caballeros de la UE, EE. UU., Canad\u00e1 y Australia a que se familiaricen con mujeres bielorrusas solteras para crear una familia. 1510 parejas felices en los \u00faltimos 25 a\u00f1os","breadcrumb":{"@id":"https:\/\/www.ladyfrombelarus.com\/process\/#breadcrumb"},"inLanguage":"es","potentialAction":[{"@type":"ReadAction","target":["https:\/\/www.ladyfrombelarus.com\/process\/"]}]},{"@type":"ImageObject","inLanguage":"es","@id":"https:\/\/www.ladyfrombelarus.com\/process\/#primaryimage","url":"https:\/\/www.ladyfrombelarus.com\/wp-content\/uploads\/2019\/08\/1_fill-in-the-application-1024x1024.jpg","contentUrl":"https:\/\/www.ladyfrombelarus.com\/wp-content\/uploads\/2019\/08\/1_fill-in-the-application-1024x1024.jpg"},{"@type":"BreadcrumbList","@id":"https:\/\/www.ladyfrombelarus.com\/process\/#breadcrumb","itemListElement":[{"@type":"ListItem","position":1,"name":"Home","item":"https:\/\/www.ladyfrombelarus.com\/"},{"@type":"ListItem","position":2,"name":"{:en}Our Process{:}{:de}Unser Prozess{:}{:fr}NOTRE PROCESSUS{:}{:it}LA NOSTRA PROCEDURA{:}{:es}Nuestro proceso{:}"}]},{"@type":"WebSite","@id":"https:\/\/www.ladyfrombelarus.com\/#website","url":"https:\/\/www.ladyfrombelarus.com\/","name":"{:en}Ladyfrombelarus Marriage agency {:}{:de}Osteurop\u00e4ische Partnervermittlung LadyfromBelarus{:}{:fr}Agence de mariage Ladyfrombelarus{:}{:it}Agenzia di matrimonio Ladyfrombelarus{:}{:es}Agencia matrimonial Ladyfrombelarus{:}","description":"Desde 1998 llevamos ayudando a los hombres de la Uni\u00f3n Europea y los Estados Unidos a conocer las mujeres solteras de Belar\u00fas con fin de formar la familia.","publisher":{"@id":"https:\/\/www.ladyfrombelarus.com\/#organization"},"potentialAction":[{"@type":"SearchAction","target":{"@type":"EntryPoint","urlTemplate":"https:\/\/www.ladyfrombelarus.com\/?s={search_term_string}"},"query-input":{"@type":"PropertyValueSpecification","valueRequired":true,"valueName":"search_term_string"}}],"inLanguage":"es"},{"@type":"Organization","@id":"https:\/\/www.ladyfrombelarus.com\/#organization","name":"marriage agency Ladyfrombelarus","url":"https:\/\/www.ladyfrombelarus.com\/","logo":{"@type":"ImageObject","inLanguage":"es","@id":"https:\/\/www.ladyfrombelarus.com\/#\/schema\/logo\/image\/","url":"https:\/\/www.ladyfrombelarus.com\/wp-content\/uploads\/2019\/09\/cropped-LOGO_wide.png","contentUrl":"https:\/\/www.ladyfrombelarus.com\/wp-content\/uploads\/2019\/09\/cropped-LOGO_wide.png","width":512,"height":512,"caption":"marriage agency Ladyfrombelarus"},"image":{"@id":"https:\/\/www.ladyfrombelarus.com\/#\/schema\/logo\/image\/"},"sameAs":["https:\/\/www.facebook.com\/ladyfrombelarus\/","https:\/\/www.instagram.com\/ladyfrombelarus\/","https:\/\/www.youtube.com\/user\/agency4marriage"]}]}},"_links":{"self":[{"href":"https:\/\/www.ladyfrombelarus.com\/es\/wp-json\/wp\/v2\/pages\/12847","targetHints":{"allow":["GET"]}}],"collection":[{"href":"https:\/\/www.ladyfrombelarus.com\/es\/wp-json\/wp\/v2\/pages"}],"about":[{"href":"https:\/\/www.ladyfrombelarus.com\/es\/wp-json\/wp\/v2\/types\/page"}],"author":[{"embeddable":true,"href":"https:\/\/www.ladyfrombelarus.com\/es\/wp-json\/wp\/v2\/users\/1"}],"replies":[{"embeddable":true,"href":"https:\/\/www.ladyfrombelarus.com\/es\/wp-json\/wp\/v2\/comments?post=12847"}],"version-history":[{"count":76,"href":"https:\/\/www.ladyfrombelarus.com\/es\/wp-json\/wp\/v2\/pages\/12847\/revisions"}],"predecessor-version":[{"id":15408,"href":"https:\/\/www.ladyfrombelarus.com\/es\/wp-json\/wp\/v2\/pages\/12847\/revisions\/15408"}],"wp:attachment":[{"href":"https:\/\/www.ladyfrombelarus.com\/es\/wp-json\/wp\/v2\/media?parent=12847"}],"curies":[{"name":"wp","href":"https:\/\/api.w.org\/{rel}","templated":true}]}}