{"id":130,"date":"2009-03-03T18:02:35","date_gmt":"2009-03-03T16:02:35","guid":{"rendered":"http:\/\/6.freedom.z8.ru\/?page_id=130"},"modified":"2021-06-11T21:39:10","modified_gmt":"2021-06-11T19:39:10","slug":"contact","status":"publish","type":"page","link":"https:\/\/www.ladyfrombelarus.com\/es\/contact\/","title":{"rendered":"Contactos"},"content":{"rendered":"\n<div class=\"wp-block-columns has-2-columns is-layout-flex wp-container-core-columns-is-layout-9d6595d7 wp-block-columns-is-layout-flex\">\n<div class=\"wp-block-column is-layout-flow wp-block-column-is-layout-flow\">\n<p>Nos alegre de verle en Minsk! Aqui tiene nuestra direcci\u00f3n:<\/p>\n\n\n\n<p><strong>+375-296-741-644<\/strong>&nbsp; n\u00famero de tel\u00e9fono, whatsapp, viber, telegram&nbsp;&nbsp;<\/p>\n\n\n\n<p>E-Mail:  <strong>agency@ladyfrombelarus.com<\/strong><\/p>\n\n\n\n<p>Skype :&nbsp;&nbsp;<strong>igofreedom<\/strong><\/p>\n\n\n\n<p> <strong>calle Kuybyshava 38 app 1, Minsk, Belarus <\/strong><\/p>\n\n\n\n<h4 class=\"wp-block-heading\">  Horas <\/h4>\n\n\n\n<p>\n\nDe lunes a viernes de 11:00 a 19:00<br>S\u00e1bado 11: 00-15: 00<br>Domingo libre\n\n<\/p>\n<\/div>\n\n\n\n<div class=\"wp-block-column is-layout-flow wp-block-column-is-layout-flow\">\n<figure><iframe src=\"https:\/\/www.google.com\/maps\/embed?pb=!1m18!1m12!1m3!1d2349.7339521013164!2d27.574059465129668!3d53.91870342393249!2m3!1f0!2f0!3f0!3m2!1i1024!2i768!4f13.1!3m3!1m2!1s0x46dbcf986c169ddb%3A0x3aea763ea9e3d6cf!2sVulitsa+Kuybyshava+38%2C+Minsk!5e0!3m2!1sen!2sby!4v1535985918721\" width=\"600\" height=\"450\" allowfullscreen=\"allowfullscreen\"><\/iframe><\/figure>\n<\/div>\n<\/div>\n\n\n\n<p>Guarde nuestra tarjeta de visita para mostrar la direcci\u00f3n en ruso al taxista<\/p>\n\n\n\n<div class=\"wp-block-image\"><figure class=\"aligncenter\"><img fetchpriority=\"high\" decoding=\"async\" width=\"666\" height=\"400\" src=\"https:\/\/www.ladyfrombelarus.com\/wp-content\/uploads\/2019\/10\/lfb_1_small.jpg\" alt=\"\" class=\"wp-image-13143\" srcset=\"https:\/\/www.ladyfrombelarus.com\/wp-content\/uploads\/2019\/10\/lfb_1_small.jpg 666w, https:\/\/www.ladyfrombelarus.com\/wp-content\/uploads\/2019\/10\/lfb_1_small-150x90.jpg 150w, https:\/\/www.ladyfrombelarus.com\/wp-content\/uploads\/2019\/10\/lfb_1_small-300x180.jpg 300w\" sizes=\"(max-width: 666px) 100vw, 666px\" \/><\/figure><\/div>\n\n\n\n<div class=\"wp-block-image\"><figure class=\"aligncenter is-resized\"><img decoding=\"async\" src=\"http:\/\/www.ladyfrombelarus.com\/wp-content\/uploads\/2018\/09\/lfb2.jpg\" alt=\"\" class=\"wp-image-12053\" width=\"704\" height=\"405\" srcset=\"https:\/\/www.ladyfrombelarus.com\/wp-content\/uploads\/2018\/09\/lfb2-150x87.jpg 150w, https:\/\/www.ladyfrombelarus.com\/wp-content\/uploads\/2018\/09\/lfb2-300x174.jpg 300w\" sizes=\"(max-width: 704px) 100vw, 704px\" \/><\/figure><\/div>\n\n\n\n<hr class=\"wp-block-separator\"\/>\n\n\n\n<p>Private unitary enterprise &#8220;Pinchuk&#8221;, <a href=\"\/wp-content\/uploads\/2016\/09\/license-for-website3.jpg\" target=\"_blank\" rel=\"noopener noreferrer\">marriage agency license<\/a> # 02010\/134 valid until 23.09.2025<\/p>\n\n\n<p><\/p>\n<table border=\"1\" align=\"center\">\n<tbody>\n<tr>\n<td>\n<p style=\"text-align: center;\"><img decoding=\"async\" class=\"alignleft size-medium wp-image-11403\" src=\"http:\/\/www.ladyfrombelarus.com\/wp-content\/uploads\/2016\/08\/socia_en_barcelona_agencia_matrimonial-195x300.jpg\" alt=\"socia_en_barcelona_agencia_matrimonial\" width=\"195\" height=\"300\" srcset=\"https:\/\/www.ladyfrombelarus.com\/wp-content\/uploads\/2016\/08\/socia_en_barcelona_agencia_matrimonial-195x300.jpg 195w, https:\/\/www.ladyfrombelarus.com\/wp-content\/uploads\/2016\/08\/socia_en_barcelona_agencia_matrimonial-97x150.jpg 97w, https:\/\/www.ladyfrombelarus.com\/wp-content\/uploads\/2016\/08\/socia_en_barcelona_agencia_matrimonial.jpg 389w\" sizes=\"(max-width: 195px) 100vw, 195px\" \/><br><a title=\"Elena Kalinchankava - nuestro socio en Barcelona\" href=\"\/es\/espanol-elena-kalinchankava-nuestro-socio-en-barcelona\/\" target=\"_blank\" rel=\"noopener noreferrer\"><b>SERVICIOS PERSONALIZADOS EN ESPA\u00d1OL DESDE NUESTRA<\/b><\/a><br>OFICINA EN BARCELONA<\/p>\n<p>Av. Josep Tarradellas, 38, bajos \u2013 08029 BARCELONA<\/p>\n<p>Contacto: +34.935.182.947<\/p>\n<p>Mail: am.kalin@hotmail.com<\/p>\n<p>Whatsapp and Viber: +34.678.350.004<\/p>\n<\/td>\n<\/tr>\n<\/tbody>\n<\/table>","protected":false},"excerpt":{"rendered":"Nos alegre de verle en Minsk! Aqui tiene nuestra direcci\u00f3n: +375-296-741-644&nbsp; n\u00famero de tel\u00e9fono, whatsapp, viber, telegram&nbsp;&nbsp; E-Mail: agency@ladyfrombelarus.com Skype :&nbsp;&nbsp;igofreedom calle Kuybyshava 38 app 1, Minsk, Belarus Horas De lunes a viernes de 11:00 a 19:00S\u00e1bado 11: 00-15: 00Domingo libre Guarde nuestra tarjeta de visita para mostrar la direcci\u00f3n en ruso al taxista Private &hellip; <p class=\"link-more\"><a href=\"https:\/\/www.ladyfrombelarus.com\/es\/contact\/\" class=\"more-link\">Continuar leyendo<span class=\"screen-reader-text\"> &#8220;Contactos&#8221;<\/span><\/a><\/p>","protected":false},"author":1,"featured_media":0,"parent":0,"menu_order":0,"comment_status":"closed","ping_status":"closed","template":"","meta":{"footnotes":""},"class_list":["post-130","page","type-page","status-publish","hentry"],"translation":{"provider":"WPGlobus","version":"3.0.2","language":"es","enabled_languages":["en","de","fr","it","es"],"languages":{"en":{"title":true,"content":true,"excerpt":false},"de":{"title":true,"content":true,"excerpt":false},"fr":{"title":true,"content":true,"excerpt":false},"it":{"title":true,"content":true,"excerpt":false},"es":{"title":true,"content":true,"excerpt":false}}},"yoast_head":"<!-- This site is optimized with the Yoast SEO plugin v27.4 - https:\/\/yoast.com\/product\/yoast-seo-wordpress\/ -->\n<title>Contacts of the matrimonial agency &quot;LadyFromBelarus&quot; in Minsk, Belarus<\/title>\n<meta name=\"robots\" content=\"index, follow, max-snippet:-1, max-image-preview:large, max-video-preview:-1\" \/>\n<link rel=\"canonical\" href=\"https:\/\/www.ladyfrombelarus.com\/de\/contact\/\" \/>\n<meta property=\"og:locale\" content=\"es_ES\" \/>\n<meta property=\"og:type\" content=\"article\" \/>\n<meta property=\"og:title\" content=\"Contactos  &#8902; Agencia matrimonial Ladyfrombelarus\" \/>\n<meta property=\"og:url\" content=\"https:\/\/www.ladyfrombelarus.com\/de\/contact\/\" \/>\n<meta property=\"og:site_name\" content=\"Agencia matrimonial Ladyfrombelarus\" \/>\n<meta property=\"article:publisher\" content=\"https:\/\/www.facebook.com\/ladyfrombelarus\/\" \/>\n<meta property=\"article:modified_time\" content=\"2021-06-11T19:39:10+00:00\" \/>\n<meta property=\"og:image\" content=\"https:\/\/www.ladyfrombelarus.com\/wp-content\/uploads\/2019\/10\/lfb_1_small.jpg\" \/>\n<meta name=\"twitter:card\" content=\"summary_large_image\" \/>\n<meta name=\"twitter:label1\" content=\"Tiempo de lectura\" \/>\n\t<meta name=\"twitter:data1\" content=\"2 minutos\" \/>\n<script type=\"application\/ld+json\" class=\"yoast-schema-graph\">{\"@context\":\"https:\\\/\\\/schema.org\",\"@graph\":[{\"@type\":\"WebPage\",\"@id\":\"https:\\\/\\\/www.ladyfrombelarus.com\\\/de\\\/contact\\\/\",\"url\":\"https:\\\/\\\/www.ladyfrombelarus.com\\\/de\\\/contact\\\/\",\"name\":\"Contacts of the matrimonial agency \\\"LadyFromBelarus\\\" in Minsk, Belarus\",\"isPartOf\":{\"@id\":\"https:\\\/\\\/www.ladyfrombelarus.com\\\/#website\"},\"primaryImageOfPage\":{\"@id\":\"https:\\\/\\\/www.ladyfrombelarus.com\\\/de\\\/contact\\\/#primaryimage\"},\"image\":{\"@id\":\"https:\\\/\\\/www.ladyfrombelarus.com\\\/de\\\/contact\\\/#primaryimage\"},\"thumbnailUrl\":\"https:\\\/\\\/www.ladyfrombelarus.com\\\/wp-content\\\/uploads\\\/2019\\\/10\\\/lfb_1_small.jpg\",\"datePublished\":\"2009-03-03T16:02:35+00:00\",\"dateModified\":\"2021-06-11T19:39:10+00:00\",\"description\":\"Professional matrimonial agency Ladyfrombelarus in Minsk, Belarus. We help gentlemen from EU, USA, Canada, Australia to get acquainted with single Belarusian ladies in order to create a family. Contact us +375-296-741-644 (phone number, WhatsApp, Viber, telegram).\",\"breadcrumb\":{\"@id\":\"https:\\\/\\\/www.ladyfrombelarus.com\\\/de\\\/contact\\\/#breadcrumb\"},\"inLanguage\":\"es\",\"potentialAction\":[{\"@type\":\"ReadAction\",\"target\":[\"https:\\\/\\\/www.ladyfrombelarus.com\\\/de\\\/contact\\\/\"]}]},{\"@type\":\"ImageObject\",\"inLanguage\":\"es\",\"@id\":\"https:\\\/\\\/www.ladyfrombelarus.com\\\/de\\\/contact\\\/#primaryimage\",\"url\":\"https:\\\/\\\/www.ladyfrombelarus.com\\\/wp-content\\\/uploads\\\/2019\\\/10\\\/lfb_1_small.jpg\",\"contentUrl\":\"https:\\\/\\\/www.ladyfrombelarus.com\\\/wp-content\\\/uploads\\\/2019\\\/10\\\/lfb_1_small.jpg\"},{\"@type\":\"BreadcrumbList\",\"@id\":\"https:\\\/\\\/www.ladyfrombelarus.com\\\/de\\\/contact\\\/#breadcrumb\",\"itemListElement\":[{\"@type\":\"ListItem\",\"position\":1,\"name\":\"Home\",\"item\":\"https:\\\/\\\/www.ladyfrombelarus.com\\\/\"},{\"@type\":\"ListItem\",\"position\":2,\"name\":\"Contact\"}]},{\"@type\":\"WebSite\",\"@id\":\"https:\\\/\\\/www.ladyfrombelarus.com\\\/#website\",\"url\":\"https:\\\/\\\/www.ladyfrombelarus.com\\\/\",\"name\":\"{:en}Ladyfrombelarus Marriage agency {:}{:de}Osteurop\u00e4ische Partnervermittlung LadyfromBelarus{:}{:fr}Agence de mariage Ladyfrombelarus{:}{:it}Agenzia di matrimonio Ladyfrombelarus{:}{:es}Agencia matrimonial Ladyfrombelarus{:}\",\"description\":\"Desde 1998 llevamos ayudando a los hombres de la Uni\u00f3n Europea y los Estados Unidos a conocer las mujeres solteras de Belar\u00fas con fin de formar la familia.\",\"publisher\":{\"@id\":\"https:\\\/\\\/www.ladyfrombelarus.com\\\/#organization\"},\"potentialAction\":[{\"@type\":\"SearchAction\",\"target\":{\"@type\":\"EntryPoint\",\"urlTemplate\":\"https:\\\/\\\/www.ladyfrombelarus.com\\\/?s={search_term_string}\"},\"query-input\":{\"@type\":\"PropertyValueSpecification\",\"valueRequired\":true,\"valueName\":\"search_term_string\"}}],\"inLanguage\":\"es\"},{\"@type\":\"Organization\",\"@id\":\"https:\\\/\\\/www.ladyfrombelarus.com\\\/#organization\",\"name\":\"marriage agency Ladyfrombelarus\",\"url\":\"https:\\\/\\\/www.ladyfrombelarus.com\\\/\",\"logo\":{\"@type\":\"ImageObject\",\"inLanguage\":\"es\",\"@id\":\"https:\\\/\\\/www.ladyfrombelarus.com\\\/#\\\/schema\\\/logo\\\/image\\\/\",\"url\":\"https:\\\/\\\/www.ladyfrombelarus.com\\\/wp-content\\\/uploads\\\/2019\\\/09\\\/cropped-LOGO_wide.png\",\"contentUrl\":\"https:\\\/\\\/www.ladyfrombelarus.com\\\/wp-content\\\/uploads\\\/2019\\\/09\\\/cropped-LOGO_wide.png\",\"width\":512,\"height\":512,\"caption\":\"marriage agency Ladyfrombelarus\"},\"image\":{\"@id\":\"https:\\\/\\\/www.ladyfrombelarus.com\\\/#\\\/schema\\\/logo\\\/image\\\/\"},\"sameAs\":[\"https:\\\/\\\/www.facebook.com\\\/ladyfrombelarus\\\/\",\"https:\\\/\\\/www.instagram.com\\\/ladyfrombelarus\\\/\",\"https:\\\/\\\/www.youtube.com\\\/user\\\/agency4marriage\"]}]}<\/script>\n<!-- \/ Yoast SEO plugin. -->","yoast_head_json":{"title":"Contacts of the matrimonial agency \"LadyFromBelarus\" in Minsk, Belarus","robots":{"index":"index","follow":"follow","max-snippet":"max-snippet:-1","max-image-preview":"max-image-preview:large","max-video-preview":"max-video-preview:-1"},"canonical":"https:\/\/www.ladyfrombelarus.com\/de\/contact\/","og_locale":"es_ES","og_type":"article","og_title":"Contactos  &#8902; Agencia matrimonial Ladyfrombelarus","og_url":"https:\/\/www.ladyfrombelarus.com\/de\/contact\/","og_site_name":"Agencia matrimonial Ladyfrombelarus","article_publisher":"https:\/\/www.facebook.com\/ladyfrombelarus\/","article_modified_time":"2021-06-11T19:39:10+00:00","og_image":[{"url":"https:\/\/www.ladyfrombelarus.com\/wp-content\/uploads\/2019\/10\/lfb_1_small.jpg","type":"","width":"","height":""}],"twitter_card":"summary_large_image","twitter_misc":{"Tiempo de lectura":"2 minutos"},"schema":{"@context":"https:\/\/schema.org","@graph":[{"@type":"WebPage","@id":"https:\/\/www.ladyfrombelarus.com\/de\/contact\/","url":"https:\/\/www.ladyfrombelarus.com\/de\/contact\/","name":"Contacts of the matrimonial agency \"LadyFromBelarus\" in Minsk, Belarus","isPartOf":{"@id":"https:\/\/www.ladyfrombelarus.com\/#website"},"primaryImageOfPage":{"@id":"https:\/\/www.ladyfrombelarus.com\/de\/contact\/#primaryimage"},"image":{"@id":"https:\/\/www.ladyfrombelarus.com\/de\/contact\/#primaryimage"},"thumbnailUrl":"https:\/\/www.ladyfrombelarus.com\/wp-content\/uploads\/2019\/10\/lfb_1_small.jpg","datePublished":"2009-03-03T16:02:35+00:00","dateModified":"2021-06-11T19:39:10+00:00","description":"Professional matrimonial agency Ladyfrombelarus in Minsk, Belarus. We help gentlemen from EU, USA, Canada, Australia to get acquainted with single Belarusian ladies in order to create a family. Contact us +375-296-741-644 (phone number, WhatsApp, Viber, telegram).","breadcrumb":{"@id":"https:\/\/www.ladyfrombelarus.com\/de\/contact\/#breadcrumb"},"inLanguage":"es","potentialAction":[{"@type":"ReadAction","target":["https:\/\/www.ladyfrombelarus.com\/de\/contact\/"]}]},{"@type":"ImageObject","inLanguage":"es","@id":"https:\/\/www.ladyfrombelarus.com\/de\/contact\/#primaryimage","url":"https:\/\/www.ladyfrombelarus.com\/wp-content\/uploads\/2019\/10\/lfb_1_small.jpg","contentUrl":"https:\/\/www.ladyfrombelarus.com\/wp-content\/uploads\/2019\/10\/lfb_1_small.jpg"},{"@type":"BreadcrumbList","@id":"https:\/\/www.ladyfrombelarus.com\/de\/contact\/#breadcrumb","itemListElement":[{"@type":"ListItem","position":1,"name":"Home","item":"https:\/\/www.ladyfrombelarus.com\/"},{"@type":"ListItem","position":2,"name":"Contact"}]},{"@type":"WebSite","@id":"https:\/\/www.ladyfrombelarus.com\/#website","url":"https:\/\/www.ladyfrombelarus.com\/","name":"{:en}Ladyfrombelarus Marriage agency {:}{:de}Osteurop\u00e4ische Partnervermittlung LadyfromBelarus{:}{:fr}Agence de mariage Ladyfrombelarus{:}{:it}Agenzia di matrimonio Ladyfrombelarus{:}{:es}Agencia matrimonial Ladyfrombelarus{:}","description":"Desde 1998 llevamos ayudando a los hombres de la Uni\u00f3n Europea y los Estados Unidos a conocer las mujeres solteras de Belar\u00fas con fin de formar la familia.","publisher":{"@id":"https:\/\/www.ladyfrombelarus.com\/#organization"},"potentialAction":[{"@type":"SearchAction","target":{"@type":"EntryPoint","urlTemplate":"https:\/\/www.ladyfrombelarus.com\/?s={search_term_string}"},"query-input":{"@type":"PropertyValueSpecification","valueRequired":true,"valueName":"search_term_string"}}],"inLanguage":"es"},{"@type":"Organization","@id":"https:\/\/www.ladyfrombelarus.com\/#organization","name":"marriage agency Ladyfrombelarus","url":"https:\/\/www.ladyfrombelarus.com\/","logo":{"@type":"ImageObject","inLanguage":"es","@id":"https:\/\/www.ladyfrombelarus.com\/#\/schema\/logo\/image\/","url":"https:\/\/www.ladyfrombelarus.com\/wp-content\/uploads\/2019\/09\/cropped-LOGO_wide.png","contentUrl":"https:\/\/www.ladyfrombelarus.com\/wp-content\/uploads\/2019\/09\/cropped-LOGO_wide.png","width":512,"height":512,"caption":"marriage agency Ladyfrombelarus"},"image":{"@id":"https:\/\/www.ladyfrombelarus.com\/#\/schema\/logo\/image\/"},"sameAs":["https:\/\/www.facebook.com\/ladyfrombelarus\/","https:\/\/www.instagram.com\/ladyfrombelarus\/","https:\/\/www.youtube.com\/user\/agency4marriage"]}]}},"_links":{"self":[{"href":"https:\/\/www.ladyfrombelarus.com\/es\/wp-json\/wp\/v2\/pages\/130","targetHints":{"allow":["GET"]}}],"collection":[{"href":"https:\/\/www.ladyfrombelarus.com\/es\/wp-json\/wp\/v2\/pages"}],"about":[{"href":"https:\/\/www.ladyfrombelarus.com\/es\/wp-json\/wp\/v2\/types\/page"}],"author":[{"embeddable":true,"href":"https:\/\/www.ladyfrombelarus.com\/es\/wp-json\/wp\/v2\/users\/1"}],"replies":[{"embeddable":true,"href":"https:\/\/www.ladyfrombelarus.com\/es\/wp-json\/wp\/v2\/comments?post=130"}],"version-history":[{"count":144,"href":"https:\/\/www.ladyfrombelarus.com\/es\/wp-json\/wp\/v2\/pages\/130\/revisions"}],"predecessor-version":[{"id":14444,"href":"https:\/\/www.ladyfrombelarus.com\/es\/wp-json\/wp\/v2\/pages\/130\/revisions\/14444"}],"wp:attachment":[{"href":"https:\/\/www.ladyfrombelarus.com\/es\/wp-json\/wp\/v2\/media?parent=130"}],"curies":[{"name":"wp","href":"https:\/\/api.w.org\/{rel}","templated":true}]}}