{"id":13119,"date":"2019-09-12T10:26:09","date_gmt":"2019-09-12T08:26:09","guid":{"rendered":"https:\/\/www.ladyfrombelarus.com\/?page_id=13119"},"modified":"2024-11-11T17:09:52","modified_gmt":"2024-11-11T15:09:52","slug":"registration","status":"publish","type":"page","link":"https:\/\/www.ladyfrombelarus.com\/es\/registration\/","title":{"rendered":"Registration in the migration office in Belarus"},"content":{"rendered":"\n<h2 class=\"wp-block-heading\">Registro en la oficina de migraci\u00f3n de Bielorrusia<\/h2>\n\n\n\n<p>En primer lugar, debo admitir que si vienes a nuestra agencia y alquilas nuestro apartamento, la agencia se encargar\u00e1 del registro si es necesario, por lo que no necesitas preocuparte.<\/p>\n\n\n\n<p>Todos los extranjeros que llegan a la hospitalaria Bielorrusia deben registrarse dentro de los 10 d\u00edas en el lugar de residencia, ya sea en l\u00ednea o en el Departamento de Ciudadan\u00eda y Migraci\u00f3n del Ministerio de Asuntos Exteriores. El registro en l\u00ednea es gratuito, mientras que el registro en el Departamento cuesta 10 euros.<\/p>\n\n\n\n<p>Si viene a Bielorrusia por menos de 10 d\u00edas, el registro no es obligatorio<\/p>\n\n\n\n<p>Si un extranjero decide cambiar de residencia, es necesario registrarse en el nuevo lugar dentro de 1 d\u00eda. Aquellos que se alojan en hoteles, sanatorios o casas de hu\u00e9spedes agr\u00edcolas son registrados autom\u00e1ticamente.<\/p>\n\n\n\n<p>Desde el 2 de enero de 2019, los extranjeros pueden registrarse en Bielorrusia en l\u00ednea. El Ministerio del Interior y el Centro Nacional de Servicios Electr\u00f3nicos finalmente han hecho esto posible.<\/p>\n\n\n\n<p>**Aqu\u00ed est\u00e1n los pasos simples a seguir:**<\/p>\n\n\n\n<p>1. Configura una cuenta personal en <a href=\"https:\/\/e-pasluga.by\/\" target=\"_blank\" rel=\"noreferrer noopener nofollow\">https:\/\/e-pasluga.by\/<\/a><br>2. Busca el servicio 200.12.14.1.<br>3. Solicita el servicio &#8220;Registro&#8221;, completa el formulario de solicitud y env\u00edalo.<br>4. Recibe un mensaje sobre el registro exitoso en la direcci\u00f3n de estancia especificada.<\/p>\n\n\n\n<p>El procedimiento en l\u00ednea es gratuito. Est\u00e1 disponible para cualquier persona que llegue a Bielorrusia a trav\u00e9s de cualquiera de los puntos de control fronterizos. Un ciudadano bielorruso tambi\u00e9n puede registrar a un extranjero a trav\u00e9s de su cuenta personal. Si te alojas en un hotel o un hostal, ellos se encargar\u00e1n de tu registro.<\/p>\n","protected":false},"excerpt":{"rendered":"Registro en la oficina de migraci\u00f3n de Bielorrusia En primer lugar, debo admitir que si vienes a nuestra agencia y alquilas nuestro apartamento, la agencia se encargar\u00e1 del registro si es necesario, por lo que no necesitas preocuparte. Todos los extranjeros que llegan a la hospitalaria Bielorrusia deben registrarse dentro de los 10 d\u00edas en &hellip; <p class=\"link-more\"><a href=\"https:\/\/www.ladyfrombelarus.com\/es\/registration\/\" class=\"more-link\">Continuar leyendo<span class=\"screen-reader-text\"> &#8220;Registration in the migration office in Belarus&#8221;<\/span><\/a><\/p>","protected":false},"author":1,"featured_media":0,"parent":0,"menu_order":0,"comment_status":"closed","ping_status":"closed","template":"","meta":{"footnotes":""},"class_list":["post-13119","page","type-page","status-publish","hentry"],"translation":{"provider":"WPGlobus","version":"3.0.2","language":"es","enabled_languages":["en","de","fr","it","es"],"languages":{"en":{"title":true,"content":true,"excerpt":false},"de":{"title":false,"content":true,"excerpt":false},"fr":{"title":false,"content":true,"excerpt":false},"it":{"title":false,"content":true,"excerpt":false},"es":{"title":false,"content":true,"excerpt":false}}},"yoast_head":"<!-- This site is optimized with the Yoast SEO plugin v27.4 - https:\/\/yoast.com\/product\/yoast-seo-wordpress\/ -->\n<title>Registration in the migration office in Belarus &#8902; Agencia matrimonial Ladyfrombelarus<\/title>\n<meta name=\"robots\" content=\"index, follow, max-snippet:-1, max-image-preview:large, max-video-preview:-1\" \/>\n<link rel=\"canonical\" href=\"https:\/\/www.ladyfrombelarus.com\/registration\/\" \/>\n<meta property=\"og:locale\" content=\"es_ES\" \/>\n<meta property=\"og:type\" content=\"article\" \/>\n<meta property=\"og:title\" content=\"Registration in the migration office in Belarus &#8902; Agencia matrimonial Ladyfrombelarus\" \/>\n<meta property=\"og:url\" content=\"https:\/\/www.ladyfrombelarus.com\/registration\/\" \/>\n<meta property=\"og:site_name\" content=\"Agencia matrimonial Ladyfrombelarus\" \/>\n<meta property=\"article:publisher\" content=\"https:\/\/www.facebook.com\/ladyfrombelarus\/\" \/>\n<meta property=\"article:modified_time\" content=\"2024-11-11T15:09:52+00:00\" \/>\n<meta property=\"og:image\" content=\"https:\/\/www.ladyfrombelarus.com\/wp-content\/uploads\/2018\/08\/1.jpg\" \/>\n\t<meta property=\"og:image:width\" content=\"800\" \/>\n\t<meta property=\"og:image:height\" content=\"800\" \/>\n\t<meta property=\"og:image:type\" content=\"image\/jpeg\" \/>\n<meta name=\"twitter:card\" content=\"summary_large_image\" \/>\n<meta name=\"twitter:label1\" content=\"Tiempo de lectura\" \/>\n\t<meta name=\"twitter:data1\" content=\"2 minutos\" \/>\n<script type=\"application\/ld+json\" class=\"yoast-schema-graph\">{\"@context\":\"https:\\\/\\\/schema.org\",\"@graph\":[{\"@type\":\"WebPage\",\"@id\":\"https:\\\/\\\/www.ladyfrombelarus.com\\\/registration\\\/\",\"url\":\"https:\\\/\\\/www.ladyfrombelarus.com\\\/registration\\\/\",\"name\":\"Registration in the migration office in Belarus &#8902; Agencia matrimonial Ladyfrombelarus\",\"isPartOf\":{\"@id\":\"https:\\\/\\\/www.ladyfrombelarus.com\\\/#website\"},\"datePublished\":\"2019-09-12T08:26:09+00:00\",\"dateModified\":\"2024-11-11T15:09:52+00:00\",\"breadcrumb\":{\"@id\":\"https:\\\/\\\/www.ladyfrombelarus.com\\\/registration\\\/#breadcrumb\"},\"inLanguage\":\"es\",\"potentialAction\":[{\"@type\":\"ReadAction\",\"target\":[\"https:\\\/\\\/www.ladyfrombelarus.com\\\/registration\\\/\"]}]},{\"@type\":\"BreadcrumbList\",\"@id\":\"https:\\\/\\\/www.ladyfrombelarus.com\\\/registration\\\/#breadcrumb\",\"itemListElement\":[{\"@type\":\"ListItem\",\"position\":1,\"name\":\"Home\",\"item\":\"https:\\\/\\\/www.ladyfrombelarus.com\\\/\"},{\"@type\":\"ListItem\",\"position\":2,\"name\":\"Registration in the migration office in Belarus\"}]},{\"@type\":\"WebSite\",\"@id\":\"https:\\\/\\\/www.ladyfrombelarus.com\\\/#website\",\"url\":\"https:\\\/\\\/www.ladyfrombelarus.com\\\/\",\"name\":\"{:en}Ladyfrombelarus Marriage agency {:}{:de}Osteurop\u00e4ische Partnervermittlung LadyfromBelarus{:}{:fr}Agence de mariage Ladyfrombelarus{:}{:it}Agenzia di matrimonio Ladyfrombelarus{:}{:es}Agencia matrimonial Ladyfrombelarus{:}\",\"description\":\"Desde 1998 llevamos ayudando a los hombres de la Uni\u00f3n Europea y los Estados Unidos a conocer las mujeres solteras de Belar\u00fas con fin de formar la familia.\",\"publisher\":{\"@id\":\"https:\\\/\\\/www.ladyfrombelarus.com\\\/#organization\"},\"potentialAction\":[{\"@type\":\"SearchAction\",\"target\":{\"@type\":\"EntryPoint\",\"urlTemplate\":\"https:\\\/\\\/www.ladyfrombelarus.com\\\/?s={search_term_string}\"},\"query-input\":{\"@type\":\"PropertyValueSpecification\",\"valueRequired\":true,\"valueName\":\"search_term_string\"}}],\"inLanguage\":\"es\"},{\"@type\":\"Organization\",\"@id\":\"https:\\\/\\\/www.ladyfrombelarus.com\\\/#organization\",\"name\":\"marriage agency Ladyfrombelarus\",\"url\":\"https:\\\/\\\/www.ladyfrombelarus.com\\\/\",\"logo\":{\"@type\":\"ImageObject\",\"inLanguage\":\"es\",\"@id\":\"https:\\\/\\\/www.ladyfrombelarus.com\\\/#\\\/schema\\\/logo\\\/image\\\/\",\"url\":\"https:\\\/\\\/www.ladyfrombelarus.com\\\/wp-content\\\/uploads\\\/2019\\\/09\\\/cropped-LOGO_wide.png\",\"contentUrl\":\"https:\\\/\\\/www.ladyfrombelarus.com\\\/wp-content\\\/uploads\\\/2019\\\/09\\\/cropped-LOGO_wide.png\",\"width\":512,\"height\":512,\"caption\":\"marriage agency Ladyfrombelarus\"},\"image\":{\"@id\":\"https:\\\/\\\/www.ladyfrombelarus.com\\\/#\\\/schema\\\/logo\\\/image\\\/\"},\"sameAs\":[\"https:\\\/\\\/www.facebook.com\\\/ladyfrombelarus\\\/\",\"https:\\\/\\\/www.instagram.com\\\/ladyfrombelarus\\\/\",\"https:\\\/\\\/www.youtube.com\\\/user\\\/agency4marriage\"]}]}<\/script>\n<!-- \/ Yoast SEO plugin. -->","yoast_head_json":{"title":"Registration in the migration office in Belarus &#8902; Agencia matrimonial Ladyfrombelarus","robots":{"index":"index","follow":"follow","max-snippet":"max-snippet:-1","max-image-preview":"max-image-preview:large","max-video-preview":"max-video-preview:-1"},"canonical":"https:\/\/www.ladyfrombelarus.com\/registration\/","og_locale":"es_ES","og_type":"article","og_title":"Registration in the migration office in Belarus &#8902; Agencia matrimonial Ladyfrombelarus","og_url":"https:\/\/www.ladyfrombelarus.com\/registration\/","og_site_name":"Agencia matrimonial Ladyfrombelarus","article_publisher":"https:\/\/www.facebook.com\/ladyfrombelarus\/","article_modified_time":"2024-11-11T15:09:52+00:00","og_image":[{"width":800,"height":800,"url":"https:\/\/www.ladyfrombelarus.com\/wp-content\/uploads\/2018\/08\/1.jpg","type":"image\/jpeg"}],"twitter_card":"summary_large_image","twitter_misc":{"Tiempo de lectura":"2 minutos"},"schema":{"@context":"https:\/\/schema.org","@graph":[{"@type":"WebPage","@id":"https:\/\/www.ladyfrombelarus.com\/registration\/","url":"https:\/\/www.ladyfrombelarus.com\/registration\/","name":"Registration in the migration office in Belarus &#8902; Agencia matrimonial Ladyfrombelarus","isPartOf":{"@id":"https:\/\/www.ladyfrombelarus.com\/#website"},"datePublished":"2019-09-12T08:26:09+00:00","dateModified":"2024-11-11T15:09:52+00:00","breadcrumb":{"@id":"https:\/\/www.ladyfrombelarus.com\/registration\/#breadcrumb"},"inLanguage":"es","potentialAction":[{"@type":"ReadAction","target":["https:\/\/www.ladyfrombelarus.com\/registration\/"]}]},{"@type":"BreadcrumbList","@id":"https:\/\/www.ladyfrombelarus.com\/registration\/#breadcrumb","itemListElement":[{"@type":"ListItem","position":1,"name":"Home","item":"https:\/\/www.ladyfrombelarus.com\/"},{"@type":"ListItem","position":2,"name":"Registration in the migration office in Belarus"}]},{"@type":"WebSite","@id":"https:\/\/www.ladyfrombelarus.com\/#website","url":"https:\/\/www.ladyfrombelarus.com\/","name":"{:en}Ladyfrombelarus Marriage agency {:}{:de}Osteurop\u00e4ische Partnervermittlung LadyfromBelarus{:}{:fr}Agence de mariage Ladyfrombelarus{:}{:it}Agenzia di matrimonio Ladyfrombelarus{:}{:es}Agencia matrimonial Ladyfrombelarus{:}","description":"Desde 1998 llevamos ayudando a los hombres de la Uni\u00f3n Europea y los Estados Unidos a conocer las mujeres solteras de Belar\u00fas con fin de formar la familia.","publisher":{"@id":"https:\/\/www.ladyfrombelarus.com\/#organization"},"potentialAction":[{"@type":"SearchAction","target":{"@type":"EntryPoint","urlTemplate":"https:\/\/www.ladyfrombelarus.com\/?s={search_term_string}"},"query-input":{"@type":"PropertyValueSpecification","valueRequired":true,"valueName":"search_term_string"}}],"inLanguage":"es"},{"@type":"Organization","@id":"https:\/\/www.ladyfrombelarus.com\/#organization","name":"marriage agency Ladyfrombelarus","url":"https:\/\/www.ladyfrombelarus.com\/","logo":{"@type":"ImageObject","inLanguage":"es","@id":"https:\/\/www.ladyfrombelarus.com\/#\/schema\/logo\/image\/","url":"https:\/\/www.ladyfrombelarus.com\/wp-content\/uploads\/2019\/09\/cropped-LOGO_wide.png","contentUrl":"https:\/\/www.ladyfrombelarus.com\/wp-content\/uploads\/2019\/09\/cropped-LOGO_wide.png","width":512,"height":512,"caption":"marriage agency Ladyfrombelarus"},"image":{"@id":"https:\/\/www.ladyfrombelarus.com\/#\/schema\/logo\/image\/"},"sameAs":["https:\/\/www.facebook.com\/ladyfrombelarus\/","https:\/\/www.instagram.com\/ladyfrombelarus\/","https:\/\/www.youtube.com\/user\/agency4marriage"]}]}},"_links":{"self":[{"href":"https:\/\/www.ladyfrombelarus.com\/es\/wp-json\/wp\/v2\/pages\/13119","targetHints":{"allow":["GET"]}}],"collection":[{"href":"https:\/\/www.ladyfrombelarus.com\/es\/wp-json\/wp\/v2\/pages"}],"about":[{"href":"https:\/\/www.ladyfrombelarus.com\/es\/wp-json\/wp\/v2\/types\/page"}],"author":[{"embeddable":true,"href":"https:\/\/www.ladyfrombelarus.com\/es\/wp-json\/wp\/v2\/users\/1"}],"replies":[{"embeddable":true,"href":"https:\/\/www.ladyfrombelarus.com\/es\/wp-json\/wp\/v2\/comments?post=13119"}],"version-history":[{"count":7,"href":"https:\/\/www.ladyfrombelarus.com\/es\/wp-json\/wp\/v2\/pages\/13119\/revisions"}],"predecessor-version":[{"id":15553,"href":"https:\/\/www.ladyfrombelarus.com\/es\/wp-json\/wp\/v2\/pages\/13119\/revisions\/15553"}],"wp:attachment":[{"href":"https:\/\/www.ladyfrombelarus.com\/es\/wp-json\/wp\/v2\/media?parent=13119"}],"curies":[{"name":"wp","href":"https:\/\/api.w.org\/{rel}","templated":true}]}}