{"id":160,"date":"2009-03-04T13:36:56","date_gmt":"2009-03-04T11:36:56","guid":{"rendered":"http:\/\/6.freedom.z8.ru\/?page_id=160"},"modified":"2024-11-01T16:30:19","modified_gmt":"2024-11-01T14:30:19","slug":"belarus-visa","status":"publish","type":"page","link":"https:\/\/www.ladyfrombelarus.com\/es\/belarus-visa\/","title":{"rendered":"Visa-free entry to Belarus"},"content":{"rendered":"\n<p>\u00a1No m\u00e1s visas! Desde julio de 2018, los ciudadanos de la UE, Canad\u00e1 y Australia (76 pa\u00edses en total) pueden permanecer en Bielorrusia hasta 30 d\u00edas sin visado.<\/p>\n\n\n\n<p>NB: desde octubre de 2021, los ciudadanos estadounidenses necesitan una visa bielorrusa.<\/p>\n\n\n\n<h3 class=\"wp-block-heading\" id=\"condiciones-para-la-entrada-sin-visado\">Condiciones para la entrada sin visado:<\/h3>\n\n\n\n<ul class=\"wp-block-list\"><li>entrada\/salida solo a trav\u00e9s del puesto de control fronterizo en el Aeropuerto Internacional de Minsk (MSQ)<\/li><li>un pasaporte v\u00e1lido para viajes al extranjero<\/li><li>seguro m\u00e9dico por un importe de al menos 10.000 \u20ac (se puede hacer en el aeropuerto a la llegada, cuesta alrededor de 1 euro por d\u00eda)<\/li><li>El r\u00e9gimen sin visa no se aplica a las personas que llegan a Bielorrusia en avi\u00f3n desde Rusia y planean ir a los aeropuertos de Rusia (estos son vuelos internos sin control fronterizo).<\/li><\/ul>\n\n\n\n<p><\/p>\n\n\n\n<figure class=\"wp-block-image size-large\"><img fetchpriority=\"high\" decoding=\"async\" width=\"881\" height=\"1024\" src=\"https:\/\/www.ladyfrombelarus.com\/wp-content\/uploads\/2022\/02\/21.10.17_freemove_info_en-881x1024.jpg\" alt=\"\" class=\"wp-image-15106\" srcset=\"https:\/\/www.ladyfrombelarus.com\/wp-content\/uploads\/2022\/02\/21.10.17_freemove_info_en-881x1024.jpg 881w, https:\/\/www.ladyfrombelarus.com\/wp-content\/uploads\/2022\/02\/21.10.17_freemove_info_en-258x300.jpg 258w, https:\/\/www.ladyfrombelarus.com\/wp-content\/uploads\/2022\/02\/21.10.17_freemove_info_en-129x150.jpg 129w, https:\/\/www.ladyfrombelarus.com\/wp-content\/uploads\/2022\/02\/21.10.17_freemove_info_en-768x893.jpg 768w, https:\/\/www.ladyfrombelarus.com\/wp-content\/uploads\/2022\/02\/21.10.17_freemove_info_en-1321x1536.jpg 1321w, https:\/\/www.ladyfrombelarus.com\/wp-content\/uploads\/2022\/02\/21.10.17_freemove_info_en-1762x2048.jpg 1762w, https:\/\/www.ladyfrombelarus.com\/wp-content\/uploads\/2022\/02\/21.10.17_freemove_info_en-scaled.jpg 1900w\" sizes=\"(max-width: 706px) 89vw, (max-width: 767px) 82vw, 740px\" \/><\/figure>\n\n\n\n<figure class=\"wp-block-embed is-type-video is-provider-youtube wp-block-embed-youtube\"><div class=\"wp-block-embed__wrapper\">\n<div class=\"container-lazyload preview-lazyload container-youtube js-lazyload--not-loaded\"><a href=\"https:\/\/youtu.be\/vzthp7Gu6Eo\" class=\"lazy-load-youtube preview-lazyload preview-youtube\" data-video-title=\"Visa-free travel to Belarus\" title=\"Play video &quot;Visa-free travel to Belarus&quot;\">https:\/\/youtu.be\/vzthp7Gu6Eo<\/a><noscript>Video can&#8217;t be loaded because JavaScript is disabled: <a href=\"https:\/\/youtu.be\/vzthp7Gu6Eo\" title=\"Visa-free travel to Belarus\">Visa-free travel to Belarus (https:\/\/youtu.be\/vzthp7Gu6Eo)<\/a><\/noscript><\/div>\n<\/div><\/figure>\n\n\n\n<figure class=\"wp-block-embed is-type-video is-provider-youtube wp-block-embed-youtube wp-embed-aspect-16-9 wp-has-aspect-ratio\"><div class=\"wp-block-embed__wrapper\">\n<div class=\"container-lazyload preview-lazyload container-youtube js-lazyload--not-loaded\"><a href=\"https:\/\/youtu.be\/slVsyt7O_iQ\" class=\"lazy-load-youtube preview-lazyload preview-youtube\" data-video-title=\"30 days visa-free entry to Belarus: pitfalls and hints\" title=\"Play video &quot;30 days visa-free entry to Belarus: pitfalls and hints&quot;\">https:\/\/youtu.be\/slVsyt7O_iQ<\/a><noscript>Video can&#8217;t be loaded because JavaScript is disabled: <a href=\"https:\/\/youtu.be\/slVsyt7O_iQ\" title=\"30 days visa-free entry to Belarus: pitfalls and hints\">30 days visa-free entry to Belarus: pitfalls and hints (https:\/\/youtu.be\/slVsyt7O_iQ)<\/a><\/noscript><\/div>\n<\/div><\/figure>\n","protected":false},"excerpt":{"rendered":"\u00a1No m\u00e1s visas! Desde julio de 2018, los ciudadanos de la UE, Canad\u00e1 y Australia (76 pa\u00edses en total) pueden permanecer en Bielorrusia hasta 30 d\u00edas sin visado. NB: desde octubre de 2021, los ciudadanos estadounidenses necesitan una visa bielorrusa. Condiciones para la entrada sin visado: entrada\/salida solo a trav\u00e9s del puesto de control fronterizo &hellip; <p class=\"link-more\"><a href=\"https:\/\/www.ladyfrombelarus.com\/es\/belarus-visa\/\" class=\"more-link\">Continuar leyendo<span class=\"screen-reader-text\"> &#8220;Visa-free entry to Belarus&#8221;<\/span><\/a><\/p>","protected":false},"author":1,"featured_media":0,"parent":0,"menu_order":0,"comment_status":"closed","ping_status":"closed","template":"","meta":{"footnotes":""},"class_list":["post-160","page","type-page","status-publish","hentry"],"translation":{"provider":"WPGlobus","version":"3.0.2","language":"es","enabled_languages":["en","de","fr","it","es"],"languages":{"en":{"title":true,"content":true,"excerpt":false},"de":{"title":false,"content":true,"excerpt":false},"fr":{"title":false,"content":true,"excerpt":false},"it":{"title":false,"content":true,"excerpt":false},"es":{"title":false,"content":true,"excerpt":false}}},"yoast_head":"<!-- This site is optimized with the Yoast SEO plugin v27.4 - https:\/\/yoast.com\/product\/yoast-seo-wordpress\/ -->\n<title>Visa-free entry to Belarus &#8902; Agencia matrimonial Ladyfrombelarus<\/title>\n<meta name=\"description\" content=\"Desde el 27 de julio de 2018, puede permanecer 30 d\u00edas (29 noches) sin visa en Bielorrusia para los ciudadanos de 74 estados. Lista completa de pa\u00edses. Leer antes de viajar a Bielorrusia\" \/>\n<meta name=\"robots\" content=\"index, follow, max-snippet:-1, max-image-preview:large, max-video-preview:-1\" \/>\n<link rel=\"canonical\" href=\"https:\/\/www.ladyfrombelarus.com\/belarus-visa\/\" \/>\n<meta property=\"og:locale\" content=\"es_ES\" \/>\n<meta property=\"og:type\" content=\"article\" \/>\n<meta property=\"og:title\" content=\"Visa-free entry to Belarus &#8902; Agencia matrimonial Ladyfrombelarus\" \/>\n<meta property=\"og:description\" content=\"Desde el 27 de julio de 2018, puede permanecer 30 d\u00edas (29 noches) sin visa en Bielorrusia para los ciudadanos de 74 estados. Lista completa de pa\u00edses. Leer antes de viajar a Bielorrusia\" \/>\n<meta property=\"og:url\" content=\"https:\/\/www.ladyfrombelarus.com\/belarus-visa\/\" \/>\n<meta property=\"og:site_name\" content=\"Agencia matrimonial Ladyfrombelarus\" \/>\n<meta property=\"article:publisher\" content=\"https:\/\/www.facebook.com\/ladyfrombelarus\/\" \/>\n<meta property=\"article:modified_time\" content=\"2024-11-01T14:30:19+00:00\" \/>\n<meta property=\"og:image\" content=\"https:\/\/www.ladyfrombelarus.com\/wp-content\/uploads\/2022\/02\/21.10.17_freemove_info_en-scaled.jpg\" \/>\n\t<meta property=\"og:image:width\" content=\"1900\" \/>\n\t<meta property=\"og:image:height\" content=\"2209\" \/>\n\t<meta property=\"og:image:type\" content=\"image\/jpeg\" \/>\n<meta name=\"twitter:card\" content=\"summary_large_image\" \/>\n<meta name=\"twitter:label1\" content=\"Tiempo de lectura\" \/>\n\t<meta name=\"twitter:data1\" content=\"2 minutos\" \/>\n<script type=\"application\/ld+json\" class=\"yoast-schema-graph\">{\"@context\":\"https:\\\/\\\/schema.org\",\"@graph\":[{\"@type\":\"WebPage\",\"@id\":\"https:\\\/\\\/www.ladyfrombelarus.com\\\/belarus-visa\\\/\",\"url\":\"https:\\\/\\\/www.ladyfrombelarus.com\\\/belarus-visa\\\/\",\"name\":\"Visa-free entry to Belarus &#8902; Agencia matrimonial Ladyfrombelarus\",\"isPartOf\":{\"@id\":\"https:\\\/\\\/www.ladyfrombelarus.com\\\/#website\"},\"primaryImageOfPage\":{\"@id\":\"https:\\\/\\\/www.ladyfrombelarus.com\\\/belarus-visa\\\/#primaryimage\"},\"image\":{\"@id\":\"https:\\\/\\\/www.ladyfrombelarus.com\\\/belarus-visa\\\/#primaryimage\"},\"thumbnailUrl\":\"https:\\\/\\\/www.ladyfrombelarus.com\\\/wp-content\\\/uploads\\\/2022\\\/02\\\/21.10.17_freemove_info_en-881x1024.jpg\",\"datePublished\":\"2009-03-04T11:36:56+00:00\",\"dateModified\":\"2024-11-01T14:30:19+00:00\",\"description\":\"Since 27.July 2018 you can stay 30 days (29 nights) without visa in Belarus for the citizens of 74 states. Full list of countries. Read before traveling to Belarus\\\/\",\"breadcrumb\":{\"@id\":\"https:\\\/\\\/www.ladyfrombelarus.com\\\/belarus-visa\\\/#breadcrumb\"},\"inLanguage\":\"es\",\"potentialAction\":[{\"@type\":\"ReadAction\",\"target\":[\"https:\\\/\\\/www.ladyfrombelarus.com\\\/belarus-visa\\\/\"]}]},{\"@type\":\"ImageObject\",\"inLanguage\":\"es\",\"@id\":\"https:\\\/\\\/www.ladyfrombelarus.com\\\/belarus-visa\\\/#primaryimage\",\"url\":\"https:\\\/\\\/www.ladyfrombelarus.com\\\/wp-content\\\/uploads\\\/2022\\\/02\\\/21.10.17_freemove_info_en-881x1024.jpg\",\"contentUrl\":\"https:\\\/\\\/www.ladyfrombelarus.com\\\/wp-content\\\/uploads\\\/2022\\\/02\\\/21.10.17_freemove_info_en-881x1024.jpg\"},{\"@type\":\"BreadcrumbList\",\"@id\":\"https:\\\/\\\/www.ladyfrombelarus.com\\\/belarus-visa\\\/#breadcrumb\",\"itemListElement\":[{\"@type\":\"ListItem\",\"position\":1,\"name\":\"Home\",\"item\":\"https:\\\/\\\/www.ladyfrombelarus.com\\\/\"},{\"@type\":\"ListItem\",\"position\":2,\"name\":\"Visa-free entry to Belarus\"}]},{\"@type\":\"WebSite\",\"@id\":\"https:\\\/\\\/www.ladyfrombelarus.com\\\/#website\",\"url\":\"https:\\\/\\\/www.ladyfrombelarus.com\\\/\",\"name\":\"{:en}Ladyfrombelarus Marriage agency {:}{:de}Osteurop\u00e4ische Partnervermittlung LadyfromBelarus{:}{:fr}Agence de mariage Ladyfrombelarus{:}{:it}Agenzia di matrimonio Ladyfrombelarus{:}{:es}Agencia matrimonial Ladyfrombelarus{:}\",\"description\":\"Desde 1998 llevamos ayudando a los hombres de la Uni\u00f3n Europea y los Estados Unidos a conocer las mujeres solteras de Belar\u00fas con fin de formar la familia.\",\"publisher\":{\"@id\":\"https:\\\/\\\/www.ladyfrombelarus.com\\\/#organization\"},\"potentialAction\":[{\"@type\":\"SearchAction\",\"target\":{\"@type\":\"EntryPoint\",\"urlTemplate\":\"https:\\\/\\\/www.ladyfrombelarus.com\\\/?s={search_term_string}\"},\"query-input\":{\"@type\":\"PropertyValueSpecification\",\"valueRequired\":true,\"valueName\":\"search_term_string\"}}],\"inLanguage\":\"es\"},{\"@type\":\"Organization\",\"@id\":\"https:\\\/\\\/www.ladyfrombelarus.com\\\/#organization\",\"name\":\"marriage agency Ladyfrombelarus\",\"url\":\"https:\\\/\\\/www.ladyfrombelarus.com\\\/\",\"logo\":{\"@type\":\"ImageObject\",\"inLanguage\":\"es\",\"@id\":\"https:\\\/\\\/www.ladyfrombelarus.com\\\/#\\\/schema\\\/logo\\\/image\\\/\",\"url\":\"https:\\\/\\\/www.ladyfrombelarus.com\\\/wp-content\\\/uploads\\\/2019\\\/09\\\/cropped-LOGO_wide.png\",\"contentUrl\":\"https:\\\/\\\/www.ladyfrombelarus.com\\\/wp-content\\\/uploads\\\/2019\\\/09\\\/cropped-LOGO_wide.png\",\"width\":512,\"height\":512,\"caption\":\"marriage agency Ladyfrombelarus\"},\"image\":{\"@id\":\"https:\\\/\\\/www.ladyfrombelarus.com\\\/#\\\/schema\\\/logo\\\/image\\\/\"},\"sameAs\":[\"https:\\\/\\\/www.facebook.com\\\/ladyfrombelarus\\\/\",\"https:\\\/\\\/www.instagram.com\\\/ladyfrombelarus\\\/\",\"https:\\\/\\\/www.youtube.com\\\/user\\\/agency4marriage\"]}]}<\/script>\n<!-- \/ Yoast SEO plugin. -->","yoast_head_json":{"title":"Visa-free entry to Belarus &#8902; Agencia matrimonial Ladyfrombelarus","description":"Desde el 27 de julio de 2018, puede permanecer 30 d\u00edas (29 noches) sin visa en Bielorrusia para los ciudadanos de 74 estados. Lista completa de pa\u00edses. Leer antes de viajar a Bielorrusia","robots":{"index":"index","follow":"follow","max-snippet":"max-snippet:-1","max-image-preview":"max-image-preview:large","max-video-preview":"max-video-preview:-1"},"canonical":"https:\/\/www.ladyfrombelarus.com\/belarus-visa\/","og_locale":"es_ES","og_type":"article","og_title":"Visa-free entry to Belarus &#8902; Agencia matrimonial Ladyfrombelarus","og_description":"Desde el 27 de julio de 2018, puede permanecer 30 d\u00edas (29 noches) sin visa en Bielorrusia para los ciudadanos de 74 estados. Lista completa de pa\u00edses. Leer antes de viajar a Bielorrusia","og_url":"https:\/\/www.ladyfrombelarus.com\/belarus-visa\/","og_site_name":"Agencia matrimonial Ladyfrombelarus","article_publisher":"https:\/\/www.facebook.com\/ladyfrombelarus\/","article_modified_time":"2024-11-01T14:30:19+00:00","og_image":[{"width":1900,"height":2209,"url":"https:\/\/www.ladyfrombelarus.com\/wp-content\/uploads\/2022\/02\/21.10.17_freemove_info_en-scaled.jpg","type":"image\/jpeg"}],"twitter_card":"summary_large_image","twitter_misc":{"Tiempo de lectura":"2 minutos"},"schema":{"@context":"https:\/\/schema.org","@graph":[{"@type":"WebPage","@id":"https:\/\/www.ladyfrombelarus.com\/belarus-visa\/","url":"https:\/\/www.ladyfrombelarus.com\/belarus-visa\/","name":"Visa-free entry to Belarus &#8902; Agencia matrimonial Ladyfrombelarus","isPartOf":{"@id":"https:\/\/www.ladyfrombelarus.com\/#website"},"primaryImageOfPage":{"@id":"https:\/\/www.ladyfrombelarus.com\/belarus-visa\/#primaryimage"},"image":{"@id":"https:\/\/www.ladyfrombelarus.com\/belarus-visa\/#primaryimage"},"thumbnailUrl":"https:\/\/www.ladyfrombelarus.com\/wp-content\/uploads\/2022\/02\/21.10.17_freemove_info_en-881x1024.jpg","datePublished":"2009-03-04T11:36:56+00:00","dateModified":"2024-11-01T14:30:19+00:00","description":"Since 27.July 2018 you can stay 30 days (29 nights) without visa in Belarus for the citizens of 74 states. Full list of countries. Read before traveling to Belarus\/","breadcrumb":{"@id":"https:\/\/www.ladyfrombelarus.com\/belarus-visa\/#breadcrumb"},"inLanguage":"es","potentialAction":[{"@type":"ReadAction","target":["https:\/\/www.ladyfrombelarus.com\/belarus-visa\/"]}]},{"@type":"ImageObject","inLanguage":"es","@id":"https:\/\/www.ladyfrombelarus.com\/belarus-visa\/#primaryimage","url":"https:\/\/www.ladyfrombelarus.com\/wp-content\/uploads\/2022\/02\/21.10.17_freemove_info_en-881x1024.jpg","contentUrl":"https:\/\/www.ladyfrombelarus.com\/wp-content\/uploads\/2022\/02\/21.10.17_freemove_info_en-881x1024.jpg"},{"@type":"BreadcrumbList","@id":"https:\/\/www.ladyfrombelarus.com\/belarus-visa\/#breadcrumb","itemListElement":[{"@type":"ListItem","position":1,"name":"Home","item":"https:\/\/www.ladyfrombelarus.com\/"},{"@type":"ListItem","position":2,"name":"Visa-free entry to Belarus"}]},{"@type":"WebSite","@id":"https:\/\/www.ladyfrombelarus.com\/#website","url":"https:\/\/www.ladyfrombelarus.com\/","name":"{:en}Ladyfrombelarus Marriage agency {:}{:de}Osteurop\u00e4ische Partnervermittlung LadyfromBelarus{:}{:fr}Agence de mariage Ladyfrombelarus{:}{:it}Agenzia di matrimonio Ladyfrombelarus{:}{:es}Agencia matrimonial Ladyfrombelarus{:}","description":"Desde 1998 llevamos ayudando a los hombres de la Uni\u00f3n Europea y los Estados Unidos a conocer las mujeres solteras de Belar\u00fas con fin de formar la familia.","publisher":{"@id":"https:\/\/www.ladyfrombelarus.com\/#organization"},"potentialAction":[{"@type":"SearchAction","target":{"@type":"EntryPoint","urlTemplate":"https:\/\/www.ladyfrombelarus.com\/?s={search_term_string}"},"query-input":{"@type":"PropertyValueSpecification","valueRequired":true,"valueName":"search_term_string"}}],"inLanguage":"es"},{"@type":"Organization","@id":"https:\/\/www.ladyfrombelarus.com\/#organization","name":"marriage agency Ladyfrombelarus","url":"https:\/\/www.ladyfrombelarus.com\/","logo":{"@type":"ImageObject","inLanguage":"es","@id":"https:\/\/www.ladyfrombelarus.com\/#\/schema\/logo\/image\/","url":"https:\/\/www.ladyfrombelarus.com\/wp-content\/uploads\/2019\/09\/cropped-LOGO_wide.png","contentUrl":"https:\/\/www.ladyfrombelarus.com\/wp-content\/uploads\/2019\/09\/cropped-LOGO_wide.png","width":512,"height":512,"caption":"marriage agency Ladyfrombelarus"},"image":{"@id":"https:\/\/www.ladyfrombelarus.com\/#\/schema\/logo\/image\/"},"sameAs":["https:\/\/www.facebook.com\/ladyfrombelarus\/","https:\/\/www.instagram.com\/ladyfrombelarus\/","https:\/\/www.youtube.com\/user\/agency4marriage"]}]}},"_links":{"self":[{"href":"https:\/\/www.ladyfrombelarus.com\/es\/wp-json\/wp\/v2\/pages\/160","targetHints":{"allow":["GET"]}}],"collection":[{"href":"https:\/\/www.ladyfrombelarus.com\/es\/wp-json\/wp\/v2\/pages"}],"about":[{"href":"https:\/\/www.ladyfrombelarus.com\/es\/wp-json\/wp\/v2\/types\/page"}],"author":[{"embeddable":true,"href":"https:\/\/www.ladyfrombelarus.com\/es\/wp-json\/wp\/v2\/users\/1"}],"replies":[{"embeddable":true,"href":"https:\/\/www.ladyfrombelarus.com\/es\/wp-json\/wp\/v2\/comments?post=160"}],"version-history":[{"count":159,"href":"https:\/\/www.ladyfrombelarus.com\/es\/wp-json\/wp\/v2\/pages\/160\/revisions"}],"predecessor-version":[{"id":15507,"href":"https:\/\/www.ladyfrombelarus.com\/es\/wp-json\/wp\/v2\/pages\/160\/revisions\/15507"}],"wp:attachment":[{"href":"https:\/\/www.ladyfrombelarus.com\/es\/wp-json\/wp\/v2\/media?parent=160"}],"curies":[{"name":"wp","href":"https:\/\/api.w.org\/{rel}","templated":true}]}}