{"id":12834,"date":"2019-08-05T13:39:13","date_gmt":"2019-08-05T11:39:13","guid":{"rendered":"https:\/\/www.ladyfrombelarus.com\/?page_id=12834"},"modified":"2023-12-07T18:44:38","modified_gmt":"2023-12-07T16:44:38","slug":"vision","status":"publish","type":"page","link":"https:\/\/www.ladyfrombelarus.com\/fr\/vision\/","title":{"rendered":"Notre vision"},"content":{"rendered":"<\/p>\n\n\n<div class=\"wp-block-media-text alignwide is-stacked-on-mobile\"><figure class=\"wp-block-media-text__media\"><img fetchpriority=\"high\" decoding=\"async\" width=\"450\" height=\"600\" src=\"https:\/\/www.ladyfrombelarus.com\/wp-content\/uploads\/2021\/06\/our-vision.jpg\" alt=\"\" class=\"wp-image-14366 size-full\" srcset=\"https:\/\/www.ladyfrombelarus.com\/wp-content\/uploads\/2021\/06\/our-vision.jpg 450w, https:\/\/www.ladyfrombelarus.com\/wp-content\/uploads\/2021\/06\/our-vision-225x300.jpg 225w, https:\/\/www.ladyfrombelarus.com\/wp-content\/uploads\/2021\/06\/our-vision-113x150.jpg 113w\" sizes=\"(max-width: 450px) 100vw, 450px\" \/><\/figure><div class=\"wp-block-media-text__content\">\n<p>Ora tutti si incontrano tramite Internet. O quasi tutti. Ma c&#8217;\u00e8 stato un tempo in cui la frase &#8220;ci siamo conosciuti online&#8221; era qualcosa di eccezionale.<\/p>\n\n\n\n<p>Non posso dire che chattare con Igor su Internet sia stato qualcosa di speciale. Ma non appena ci siamo incontrati nella vita reale, \u00e8 successo qualcosa di incredibile &#8211; e dopo 3 ore di conversazione, \u00e8 diventato ovvio che ci apparteniamo.<\/p>\n\n\n\n<p>Si \u00e8 scoperto che mio marito ha un lavoro insolito: l&#8217;agenzia matrimoniale. C&#8217;era sempre rumore e interessante in ufficio. Alcuni ci stavano trattando con la loro cucina nazionale, altri stavano celebrando il fidanzamento. Spesso c&#8217;erano persone di diversi paesi che volevano trovare una sposa bielorussa.<\/p>\n<\/div><\/div>\n\n\n\n<p>All&#8217;epoca c&#8217;erano molte agenzie, ma funzionavano in modo inefficace. Principalmente, il loro lavoro comprendeva o la vendita della raccolta di indirizzi postali (che a quel tempo poteva essere irrilevante) o il pompaggio di pi\u00f9 denaro possibile da un uomo per la traduzione, l&#8217;inoltro di lettere o per servizi aggiuntivi. L&#8217;elenco delle opzioni obbligatorie di un&#8217;agenzia doveva includere la consegna di fiori e cestini alimentari, cos\u00ec come l&#8217;onnipresente orsacchiotto dopo aver ricevuto il fatto che una principessa bielorussa doveva cadere ai piedi dell&#8217;uomo.<\/p>\n\n\n\n<p>A quel tempo, io e mio marito ci eravamo fatti strada attraverso la datazione virtuale ed eravamo abbastanza sicuri che la cosa pi\u00f9 importante fosse il vero incontro e il meccanismo segreto chiamato &#8220;chimica&#8221; o &#8220;scintilla&#8221;. Ecco perch\u00e9 abbiamo incoraggiato i nostri sforzi per assicurarci che richiede il minor tempo possibile dal primo sguardo alla foto a un incontro personale. Tutto sommato, abbiamo cancellato la corrispondenza prima della riunione.<\/p>\n\n\n\n<p>\u00c8 diventato il nostro obiettivo fornire agli uomini informazioni di buona qualit\u00e0 sulle donne e confermare l&#8217;identit\u00e0 di uomini e donne. Ci\u00f2 ha reso il nostro database quasi al 100% privo di truffe. Inoltre, abbiamo deciso di evitare le riunioni fuori sede. Da quel momento tutti i primi incontri si sarebbero tenuti solo sul territorio dell&#8217;agenzia. Quindi, ci siamo sbarazzati di coloro che sono venuti alla riunione solo per uscire e divertirsi.<\/p>\n\n\n\n<p>Di conseguenza, siamo arrivati \u200b\u200ba un sistema che funziona come un orologio. E pi\u00f9 di 1510 famiglie create lo dimostrano.<\/p>\n\n\n\n<p><\/p>\n\n\n<p>","protected":false},"excerpt":{"rendered":"Ora tutti si incontrano tramite Internet. O quasi tutti. Ma c&#8217;\u00e8 stato un tempo in cui la frase &#8220;ci siamo conosciuti online&#8221; era qualcosa di eccezionale. Non posso dire che chattare con Igor su Internet sia stato qualcosa di speciale. Ma non appena ci siamo incontrati nella vita reale, \u00e8 successo qualcosa di incredibile &#8211; &hellip; <p class=\"link-more\"><a href=\"https:\/\/www.ladyfrombelarus.com\/fr\/vision\/\" class=\"more-link\">Continuer la lecture<span class=\"screen-reader-text\"> de &laquo;&nbsp;Notre vision&nbsp;&raquo;<\/span><\/a><\/p>","protected":false},"author":1,"featured_media":0,"parent":0,"menu_order":0,"comment_status":"closed","ping_status":"closed","template":"","meta":{"footnotes":""},"class_list":["post-12834","page","type-page","status-publish","hentry"],"translation":{"provider":"WPGlobus","version":"3.0.2","language":"fr","enabled_languages":["en","de","fr","it","es"],"languages":{"en":{"title":true,"content":true,"excerpt":false},"de":{"title":true,"content":true,"excerpt":false},"fr":{"title":true,"content":true,"excerpt":false},"it":{"title":true,"content":true,"excerpt":false},"es":{"title":true,"content":true,"excerpt":false}}},"yoast_head":"<!-- This site is optimized with the Yoast SEO plugin v27.4 - https:\/\/yoast.com\/product\/yoast-seo-wordpress\/ -->\n<title>Belarusian brides agency &quot;LadyFromBelarus&quot; in Minsk, Belarus<\/title>\n<meta name=\"description\" content=\"Agence de mari\u00e9e professionnelle Ladyfrombelarus \u00e0 Minsk, en Bi\u00e9lorussie. Nous aidons des messieurs de l&#039;UE, des \u00c9tats-Unis, du Canada et de l&#039;Australie \u00e0 se familiariser avec des femmes c\u00e9libataires bi\u00e9lorusses afin de cr\u00e9er une famille. 1060 vraies femmes c\u00e9libataires bi\u00e9lorusses. 1310 couples heureux au cours des 21 derni\u00e8res ann\u00e9es\" \/>\n<meta name=\"robots\" content=\"index, follow, max-snippet:-1, max-image-preview:large, max-video-preview:-1\" \/>\n<link rel=\"canonical\" href=\"https:\/\/www.ladyfrombelarus.com\/vision\/\" \/>\n<meta property=\"og:locale\" content=\"fr_FR\" \/>\n<meta property=\"og:type\" content=\"article\" \/>\n<meta property=\"og:title\" content=\"Notre vision &#8902; Agence de mariage Ladyfrombelarus\" \/>\n<meta property=\"og:description\" content=\"Agence de mari\u00e9e professionnelle Ladyfrombelarus \u00e0 Minsk, en Bi\u00e9lorussie. Nous aidons des messieurs de l&#039;UE, des \u00c9tats-Unis, du Canada et de l&#039;Australie \u00e0 se familiariser avec des femmes c\u00e9libataires bi\u00e9lorusses afin de cr\u00e9er une famille. 1060 vraies femmes c\u00e9libataires bi\u00e9lorusses. 1310 couples heureux au cours des 21 derni\u00e8res ann\u00e9es\" \/>\n<meta property=\"og:url\" content=\"https:\/\/www.ladyfrombelarus.com\/vision\/\" \/>\n<meta property=\"og:site_name\" content=\"Agence de mariage Ladyfrombelarus\" \/>\n<meta property=\"article:publisher\" content=\"https:\/\/www.facebook.com\/ladyfrombelarus\/\" \/>\n<meta property=\"article:modified_time\" content=\"2023-12-07T16:44:38+00:00\" \/>\n<meta property=\"og:image\" content=\"https:\/\/www.ladyfrombelarus.com\/wp-content\/uploads\/2021\/06\/our-vision-1.jpg\" \/>\n<meta name=\"twitter:card\" content=\"summary_large_image\" \/>\n<meta name=\"twitter:label1\" content=\"Dur\u00e9e de lecture estim\u00e9e\" \/>\n\t<meta name=\"twitter:data1\" content=\"9 minutes\" \/>\n<script type=\"application\/ld+json\" class=\"yoast-schema-graph\">{\"@context\":\"https:\\\/\\\/schema.org\",\"@graph\":[{\"@type\":\"WebPage\",\"@id\":\"https:\\\/\\\/www.ladyfrombelarus.com\\\/vision\\\/\",\"url\":\"https:\\\/\\\/www.ladyfrombelarus.com\\\/vision\\\/\",\"name\":\"Belarusian brides agency \\\"LadyFromBelarus\\\" in Minsk, Belarus\",\"isPartOf\":{\"@id\":\"https:\\\/\\\/www.ladyfrombelarus.com\\\/#website\"},\"primaryImageOfPage\":{\"@id\":\"https:\\\/\\\/www.ladyfrombelarus.com\\\/vision\\\/#primaryimage\"},\"image\":{\"@id\":\"https:\\\/\\\/www.ladyfrombelarus.com\\\/vision\\\/#primaryimage\"},\"thumbnailUrl\":\"https:\\\/\\\/www.ladyfrombelarus.com\\\/wp-content\\\/uploads\\\/2021\\\/06\\\/our-vision-1.jpg\",\"datePublished\":\"2019-08-05T11:39:13+00:00\",\"dateModified\":\"2023-12-07T16:44:38+00:00\",\"description\":\"Agence de mari\u00e9e professionnelle Ladyfrombelarus \u00e0 Minsk, en Bi\u00e9lorussie. Nous aidons des messieurs de l'UE, des \u00c9tats-Unis, du Canada et de l'Australie \u00e0 se familiariser avec des femmes c\u00e9libataires bi\u00e9lorusses afin de cr\u00e9er une famille. 1060 vraies femmes c\u00e9libataires bi\u00e9lorusses. 1310 couples heureux au cours des 21 derni\u00e8res ann\u00e9es\",\"breadcrumb\":{\"@id\":\"https:\\\/\\\/www.ladyfrombelarus.com\\\/vision\\\/#breadcrumb\"},\"inLanguage\":\"fr-FR\",\"potentialAction\":[{\"@type\":\"ReadAction\",\"target\":[\"https:\\\/\\\/www.ladyfrombelarus.com\\\/vision\\\/\"]}]},{\"@type\":\"ImageObject\",\"inLanguage\":\"fr-FR\",\"@id\":\"https:\\\/\\\/www.ladyfrombelarus.com\\\/vision\\\/#primaryimage\",\"url\":\"https:\\\/\\\/www.ladyfrombelarus.com\\\/wp-content\\\/uploads\\\/2021\\\/06\\\/our-vision-1.jpg\",\"contentUrl\":\"https:\\\/\\\/www.ladyfrombelarus.com\\\/wp-content\\\/uploads\\\/2021\\\/06\\\/our-vision-1.jpg\"},{\"@type\":\"BreadcrumbList\",\"@id\":\"https:\\\/\\\/www.ladyfrombelarus.com\\\/vision\\\/#breadcrumb\",\"itemListElement\":[{\"@type\":\"ListItem\",\"position\":1,\"name\":\"Home\",\"item\":\"https:\\\/\\\/www.ladyfrombelarus.com\\\/\"},{\"@type\":\"ListItem\",\"position\":2,\"name\":\"{:en}Our Vision{:}{:de}Unsere Vision{:}{:fr}Notre vision{:}{:it}La nostra visione{:}{:es}Nuestra visi\u00f3n{:}\"}]},{\"@type\":\"WebSite\",\"@id\":\"https:\\\/\\\/www.ladyfrombelarus.com\\\/#website\",\"url\":\"https:\\\/\\\/www.ladyfrombelarus.com\\\/\",\"name\":\"{:en}Ladyfrombelarus Marriage agency {:}{:de}Osteurop\u00e4ische Partnervermittlung LadyfromBelarus{:}{:fr}Agence de mariage Ladyfrombelarus{:}{:it}Agenzia di matrimonio Ladyfrombelarus{:}{:es}Agencia matrimonial Ladyfrombelarus{:}\",\"description\":\"L&#039;agence de mariage, cr\u00e9\u00e9e en 1998. Nous pr\u00e9sentons des femmes c\u00e9libataires de Bi\u00e9lorussie aux hommes europ\u00e9ens\",\"publisher\":{\"@id\":\"https:\\\/\\\/www.ladyfrombelarus.com\\\/#organization\"},\"potentialAction\":[{\"@type\":\"SearchAction\",\"target\":{\"@type\":\"EntryPoint\",\"urlTemplate\":\"https:\\\/\\\/www.ladyfrombelarus.com\\\/?s={search_term_string}\"},\"query-input\":{\"@type\":\"PropertyValueSpecification\",\"valueRequired\":true,\"valueName\":\"search_term_string\"}}],\"inLanguage\":\"fr-FR\"},{\"@type\":\"Organization\",\"@id\":\"https:\\\/\\\/www.ladyfrombelarus.com\\\/#organization\",\"name\":\"marriage agency Ladyfrombelarus\",\"url\":\"https:\\\/\\\/www.ladyfrombelarus.com\\\/\",\"logo\":{\"@type\":\"ImageObject\",\"inLanguage\":\"fr-FR\",\"@id\":\"https:\\\/\\\/www.ladyfrombelarus.com\\\/#\\\/schema\\\/logo\\\/image\\\/\",\"url\":\"https:\\\/\\\/www.ladyfrombelarus.com\\\/wp-content\\\/uploads\\\/2019\\\/09\\\/cropped-LOGO_wide.png\",\"contentUrl\":\"https:\\\/\\\/www.ladyfrombelarus.com\\\/wp-content\\\/uploads\\\/2019\\\/09\\\/cropped-LOGO_wide.png\",\"width\":512,\"height\":512,\"caption\":\"marriage agency Ladyfrombelarus\"},\"image\":{\"@id\":\"https:\\\/\\\/www.ladyfrombelarus.com\\\/#\\\/schema\\\/logo\\\/image\\\/\"},\"sameAs\":[\"https:\\\/\\\/www.facebook.com\\\/ladyfrombelarus\\\/\",\"https:\\\/\\\/www.instagram.com\\\/ladyfrombelarus\\\/\",\"https:\\\/\\\/www.youtube.com\\\/user\\\/agency4marriage\"]}]}<\/script>\n<!-- \/ Yoast SEO plugin. -->","yoast_head_json":{"title":"Belarusian brides agency \"LadyFromBelarus\" in Minsk, Belarus","description":"Agence de mari\u00e9e professionnelle Ladyfrombelarus \u00e0 Minsk, en Bi\u00e9lorussie. Nous aidons des messieurs de l'UE, des \u00c9tats-Unis, du Canada et de l'Australie \u00e0 se familiariser avec des femmes c\u00e9libataires bi\u00e9lorusses afin de cr\u00e9er une famille. 1060 vraies femmes c\u00e9libataires bi\u00e9lorusses. 1310 couples heureux au cours des 21 derni\u00e8res ann\u00e9es","robots":{"index":"index","follow":"follow","max-snippet":"max-snippet:-1","max-image-preview":"max-image-preview:large","max-video-preview":"max-video-preview:-1"},"canonical":"https:\/\/www.ladyfrombelarus.com\/vision\/","og_locale":"fr_FR","og_type":"article","og_title":"Notre vision &#8902; Agence de mariage Ladyfrombelarus","og_description":"Agence de mari\u00e9e professionnelle Ladyfrombelarus \u00e0 Minsk, en Bi\u00e9lorussie. Nous aidons des messieurs de l'UE, des \u00c9tats-Unis, du Canada et de l'Australie \u00e0 se familiariser avec des femmes c\u00e9libataires bi\u00e9lorusses afin de cr\u00e9er une famille. 1060 vraies femmes c\u00e9libataires bi\u00e9lorusses. 1310 couples heureux au cours des 21 derni\u00e8res ann\u00e9es","og_url":"https:\/\/www.ladyfrombelarus.com\/vision\/","og_site_name":"Agence de mariage Ladyfrombelarus","article_publisher":"https:\/\/www.facebook.com\/ladyfrombelarus\/","article_modified_time":"2023-12-07T16:44:38+00:00","og_image":[{"url":"https:\/\/www.ladyfrombelarus.com\/wp-content\/uploads\/2021\/06\/our-vision-1.jpg","type":"","width":"","height":""}],"twitter_card":"summary_large_image","twitter_misc":{"Dur\u00e9e de lecture estim\u00e9e":"9 minutes"},"schema":{"@context":"https:\/\/schema.org","@graph":[{"@type":"WebPage","@id":"https:\/\/www.ladyfrombelarus.com\/vision\/","url":"https:\/\/www.ladyfrombelarus.com\/vision\/","name":"Belarusian brides agency \"LadyFromBelarus\" in Minsk, Belarus","isPartOf":{"@id":"https:\/\/www.ladyfrombelarus.com\/#website"},"primaryImageOfPage":{"@id":"https:\/\/www.ladyfrombelarus.com\/vision\/#primaryimage"},"image":{"@id":"https:\/\/www.ladyfrombelarus.com\/vision\/#primaryimage"},"thumbnailUrl":"https:\/\/www.ladyfrombelarus.com\/wp-content\/uploads\/2021\/06\/our-vision-1.jpg","datePublished":"2019-08-05T11:39:13+00:00","dateModified":"2023-12-07T16:44:38+00:00","description":"Agence de mari\u00e9e professionnelle Ladyfrombelarus \u00e0 Minsk, en Bi\u00e9lorussie. Nous aidons des messieurs de l'UE, des \u00c9tats-Unis, du Canada et de l'Australie \u00e0 se familiariser avec des femmes c\u00e9libataires bi\u00e9lorusses afin de cr\u00e9er une famille. 1060 vraies femmes c\u00e9libataires bi\u00e9lorusses. 1310 couples heureux au cours des 21 derni\u00e8res ann\u00e9es","breadcrumb":{"@id":"https:\/\/www.ladyfrombelarus.com\/vision\/#breadcrumb"},"inLanguage":"fr-FR","potentialAction":[{"@type":"ReadAction","target":["https:\/\/www.ladyfrombelarus.com\/vision\/"]}]},{"@type":"ImageObject","inLanguage":"fr-FR","@id":"https:\/\/www.ladyfrombelarus.com\/vision\/#primaryimage","url":"https:\/\/www.ladyfrombelarus.com\/wp-content\/uploads\/2021\/06\/our-vision-1.jpg","contentUrl":"https:\/\/www.ladyfrombelarus.com\/wp-content\/uploads\/2021\/06\/our-vision-1.jpg"},{"@type":"BreadcrumbList","@id":"https:\/\/www.ladyfrombelarus.com\/vision\/#breadcrumb","itemListElement":[{"@type":"ListItem","position":1,"name":"Home","item":"https:\/\/www.ladyfrombelarus.com\/"},{"@type":"ListItem","position":2,"name":"{:en}Our Vision{:}{:de}Unsere Vision{:}{:fr}Notre vision{:}{:it}La nostra visione{:}{:es}Nuestra visi\u00f3n{:}"}]},{"@type":"WebSite","@id":"https:\/\/www.ladyfrombelarus.com\/#website","url":"https:\/\/www.ladyfrombelarus.com\/","name":"{:en}Ladyfrombelarus Marriage agency {:}{:de}Osteurop\u00e4ische Partnervermittlung LadyfromBelarus{:}{:fr}Agence de mariage Ladyfrombelarus{:}{:it}Agenzia di matrimonio Ladyfrombelarus{:}{:es}Agencia matrimonial Ladyfrombelarus{:}","description":"L&#039;agence de mariage, cr\u00e9\u00e9e en 1998. Nous pr\u00e9sentons des femmes c\u00e9libataires de Bi\u00e9lorussie aux hommes europ\u00e9ens","publisher":{"@id":"https:\/\/www.ladyfrombelarus.com\/#organization"},"potentialAction":[{"@type":"SearchAction","target":{"@type":"EntryPoint","urlTemplate":"https:\/\/www.ladyfrombelarus.com\/?s={search_term_string}"},"query-input":{"@type":"PropertyValueSpecification","valueRequired":true,"valueName":"search_term_string"}}],"inLanguage":"fr-FR"},{"@type":"Organization","@id":"https:\/\/www.ladyfrombelarus.com\/#organization","name":"marriage agency Ladyfrombelarus","url":"https:\/\/www.ladyfrombelarus.com\/","logo":{"@type":"ImageObject","inLanguage":"fr-FR","@id":"https:\/\/www.ladyfrombelarus.com\/#\/schema\/logo\/image\/","url":"https:\/\/www.ladyfrombelarus.com\/wp-content\/uploads\/2019\/09\/cropped-LOGO_wide.png","contentUrl":"https:\/\/www.ladyfrombelarus.com\/wp-content\/uploads\/2019\/09\/cropped-LOGO_wide.png","width":512,"height":512,"caption":"marriage agency Ladyfrombelarus"},"image":{"@id":"https:\/\/www.ladyfrombelarus.com\/#\/schema\/logo\/image\/"},"sameAs":["https:\/\/www.facebook.com\/ladyfrombelarus\/","https:\/\/www.instagram.com\/ladyfrombelarus\/","https:\/\/www.youtube.com\/user\/agency4marriage"]}]}},"_links":{"self":[{"href":"https:\/\/www.ladyfrombelarus.com\/fr\/wp-json\/wp\/v2\/pages\/12834","targetHints":{"allow":["GET"]}}],"collection":[{"href":"https:\/\/www.ladyfrombelarus.com\/fr\/wp-json\/wp\/v2\/pages"}],"about":[{"href":"https:\/\/www.ladyfrombelarus.com\/fr\/wp-json\/wp\/v2\/types\/page"}],"author":[{"embeddable":true,"href":"https:\/\/www.ladyfrombelarus.com\/fr\/wp-json\/wp\/v2\/users\/1"}],"replies":[{"embeddable":true,"href":"https:\/\/www.ladyfrombelarus.com\/fr\/wp-json\/wp\/v2\/comments?post=12834"}],"version-history":[{"count":40,"href":"https:\/\/www.ladyfrombelarus.com\/fr\/wp-json\/wp\/v2\/pages\/12834\/revisions"}],"predecessor-version":[{"id":15404,"href":"https:\/\/www.ladyfrombelarus.com\/fr\/wp-json\/wp\/v2\/pages\/12834\/revisions\/15404"}],"wp:attachment":[{"href":"https:\/\/www.ladyfrombelarus.com\/fr\/wp-json\/wp\/v2\/media?parent=12834"}],"curies":[{"name":"wp","href":"https:\/\/api.w.org\/{rel}","templated":true}]}}