{"id":13119,"date":"2019-09-12T10:26:09","date_gmt":"2019-09-12T08:26:09","guid":{"rendered":"https:\/\/www.ladyfrombelarus.com\/?page_id=13119"},"modified":"2024-11-11T17:09:52","modified_gmt":"2024-11-11T15:09:52","slug":"registration","status":"publish","type":"page","link":"https:\/\/www.ladyfrombelarus.com\/fr\/registration\/","title":{"rendered":"Registration in the migration office in Belarus"},"content":{"rendered":"\n<h2 class=\"wp-block-heading\">Inscription au bureau des migrations en Bi\u00e9lorussie<\/h2>\n\n\n\n<p>Tout d&#8217;abord, je tiens \u00e0 pr\u00e9ciser que si vous venez dans notre agence et louez notre appartement, l&#8217;enregistrement est effectu\u00e9 par l&#8217;agence si n\u00e9cessaire, vous n&#8217;avez donc pas \u00e0 vous en soucier.**<\/p>\n\n\n\n<p>Tous les \u00e9trangers qui viennent dans la chaleureuse Bi\u00e9lorussie doivent s&#8217;enregistrer dans les 10 jours suivant leur arriv\u00e9e, soit en ligne, soit au D\u00e9partement de la citoyennet\u00e9 et de la migration du Minist\u00e8re des Affaires \u00e9trang\u00e8res. L&#8217;enregistrement en ligne est gratuit, tandis que l&#8217;enregistrement au D\u00e9partement co\u00fbte 10 euros.<\/p>\n\n\n\n<p><strong>Si vous venez en Bi\u00e9lorussie pour moins de 10 jours, l&#8217;enregistrement n&#8217;est pas obligatoire<\/strong><\/p>\n\n\n\n<p>Si un \u00e9tranger d\u00e9cide de changer de r\u00e9sidence, il est n\u00e9cessaire de s&#8217;enregistrer \u00e0 la nouvelle adresse dans un d\u00e9lai d&#8217;un jour. Ceux qui s\u00e9journent dans des h\u00f4tels, des sanatoriums ou des maisons d&#8217;h\u00f4tes agricoles sont enregistr\u00e9s automatiquement.<\/p>\n\n\n\n<p>Depuis le 2 janvier 2019, les \u00e9trangers peuvent s&#8217;enregistrer en ligne en Bi\u00e9lorussie. Le Minist\u00e8re de l&#8217;Int\u00e9rieur et le Centre national des services \u00e9lectroniques ont enfin rendu cela possible.<\/p>\n\n\n\n<p>**Voici les \u00e9tapes simples \u00e0 suivre :**<\/p>\n\n\n\n<p>1. Cr\u00e9ez un compte personnel sur <a href=\"https:\/\/e-pasluga.by\" target=\"_blank\" rel=\"noreferrer noopener nofollow\">https:\/\/e-pasluga.by\/<\/a><br>2. Recherchez le service 200.12.14.1.<br>3. Commandez le service &#8220;Enregistrement&#8221;, remplissez le formulaire de demande et envoyez-le.<br>4. Recevez un message confirmant un enregistrement r\u00e9ussi \u00e0 l&#8217;adresse de s\u00e9jour sp\u00e9cifi\u00e9e.<\/p>\n\n\n\n<p>La proc\u00e9dure en ligne est gratuite. Elle est accessible \u00e0 toute personne arrivant en Bi\u00e9lorussie par l&#8217;un des points de contr\u00f4le frontaliers. Un citoyen bi\u00e9lorusse peut \u00e9galement enregistrer un \u00e9tranger via son compte personnel. Si vous s\u00e9journez dans un h\u00f4tel ou une auberge, ils s&#8217;occuperont de votre enregistrement.<\/p>\n\n\n\n<p><\/p>\n","protected":false},"excerpt":{"rendered":"Inscription au bureau des migrations en Bi\u00e9lorussie Tout d&#8217;abord, je tiens \u00e0 pr\u00e9ciser que si vous venez dans notre agence et louez notre appartement, l&#8217;enregistrement est effectu\u00e9 par l&#8217;agence si n\u00e9cessaire, vous n&#8217;avez donc pas \u00e0 vous en soucier.** Tous les \u00e9trangers qui viennent dans la chaleureuse Bi\u00e9lorussie doivent s&#8217;enregistrer dans les 10 jours suivant &hellip; <p class=\"link-more\"><a href=\"https:\/\/www.ladyfrombelarus.com\/fr\/registration\/\" class=\"more-link\">Continuer la lecture<span class=\"screen-reader-text\"> de &laquo;&nbsp;Registration in the migration office in Belarus&nbsp;&raquo;<\/span><\/a><\/p>","protected":false},"author":1,"featured_media":0,"parent":0,"menu_order":0,"comment_status":"closed","ping_status":"closed","template":"","meta":{"footnotes":""},"class_list":["post-13119","page","type-page","status-publish","hentry"],"translation":{"provider":"WPGlobus","version":"3.0.2","language":"fr","enabled_languages":["en","de","fr","it","es"],"languages":{"en":{"title":true,"content":true,"excerpt":false},"de":{"title":false,"content":true,"excerpt":false},"fr":{"title":false,"content":true,"excerpt":false},"it":{"title":false,"content":true,"excerpt":false},"es":{"title":false,"content":true,"excerpt":false}}},"yoast_head":"<!-- This site is optimized with the Yoast SEO plugin v27.4 - https:\/\/yoast.com\/product\/yoast-seo-wordpress\/ -->\n<title>Registration in the migration office in Belarus &#8902; Agence de mariage Ladyfrombelarus<\/title>\n<meta name=\"robots\" content=\"index, follow, max-snippet:-1, max-image-preview:large, max-video-preview:-1\" \/>\n<link rel=\"canonical\" href=\"https:\/\/www.ladyfrombelarus.com\/registration\/\" \/>\n<meta property=\"og:locale\" content=\"fr_FR\" \/>\n<meta property=\"og:type\" content=\"article\" \/>\n<meta property=\"og:title\" content=\"Registration in the migration office in Belarus &#8902; Agence de mariage Ladyfrombelarus\" \/>\n<meta property=\"og:url\" content=\"https:\/\/www.ladyfrombelarus.com\/registration\/\" \/>\n<meta property=\"og:site_name\" content=\"Agence de mariage Ladyfrombelarus\" \/>\n<meta property=\"article:publisher\" content=\"https:\/\/www.facebook.com\/ladyfrombelarus\/\" \/>\n<meta property=\"article:modified_time\" content=\"2024-11-11T15:09:52+00:00\" \/>\n<meta property=\"og:image\" content=\"https:\/\/www.ladyfrombelarus.com\/wp-content\/uploads\/2018\/08\/1.jpg\" \/>\n\t<meta property=\"og:image:width\" content=\"800\" \/>\n\t<meta property=\"og:image:height\" content=\"800\" \/>\n\t<meta property=\"og:image:type\" content=\"image\/jpeg\" \/>\n<meta name=\"twitter:card\" content=\"summary_large_image\" \/>\n<meta name=\"twitter:label1\" content=\"Dur\u00e9e de lecture estim\u00e9e\" \/>\n\t<meta name=\"twitter:data1\" content=\"2 minutes\" \/>\n<script type=\"application\/ld+json\" class=\"yoast-schema-graph\">{\"@context\":\"https:\\\/\\\/schema.org\",\"@graph\":[{\"@type\":\"WebPage\",\"@id\":\"https:\\\/\\\/www.ladyfrombelarus.com\\\/registration\\\/\",\"url\":\"https:\\\/\\\/www.ladyfrombelarus.com\\\/registration\\\/\",\"name\":\"Registration in the migration office in Belarus &#8902; Agence de mariage Ladyfrombelarus\",\"isPartOf\":{\"@id\":\"https:\\\/\\\/www.ladyfrombelarus.com\\\/#website\"},\"datePublished\":\"2019-09-12T08:26:09+00:00\",\"dateModified\":\"2024-11-11T15:09:52+00:00\",\"breadcrumb\":{\"@id\":\"https:\\\/\\\/www.ladyfrombelarus.com\\\/registration\\\/#breadcrumb\"},\"inLanguage\":\"fr-FR\",\"potentialAction\":[{\"@type\":\"ReadAction\",\"target\":[\"https:\\\/\\\/www.ladyfrombelarus.com\\\/registration\\\/\"]}]},{\"@type\":\"BreadcrumbList\",\"@id\":\"https:\\\/\\\/www.ladyfrombelarus.com\\\/registration\\\/#breadcrumb\",\"itemListElement\":[{\"@type\":\"ListItem\",\"position\":1,\"name\":\"Home\",\"item\":\"https:\\\/\\\/www.ladyfrombelarus.com\\\/\"},{\"@type\":\"ListItem\",\"position\":2,\"name\":\"Registration in the migration office in Belarus\"}]},{\"@type\":\"WebSite\",\"@id\":\"https:\\\/\\\/www.ladyfrombelarus.com\\\/#website\",\"url\":\"https:\\\/\\\/www.ladyfrombelarus.com\\\/\",\"name\":\"{:en}Ladyfrombelarus Marriage agency {:}{:de}Osteurop\u00e4ische Partnervermittlung LadyfromBelarus{:}{:fr}Agence de mariage Ladyfrombelarus{:}{:it}Agenzia di matrimonio Ladyfrombelarus{:}{:es}Agencia matrimonial Ladyfrombelarus{:}\",\"description\":\"L&#039;agence de mariage, cr\u00e9\u00e9e en 1998. Nous pr\u00e9sentons des femmes c\u00e9libataires de Bi\u00e9lorussie aux hommes europ\u00e9ens\",\"publisher\":{\"@id\":\"https:\\\/\\\/www.ladyfrombelarus.com\\\/#organization\"},\"potentialAction\":[{\"@type\":\"SearchAction\",\"target\":{\"@type\":\"EntryPoint\",\"urlTemplate\":\"https:\\\/\\\/www.ladyfrombelarus.com\\\/?s={search_term_string}\"},\"query-input\":{\"@type\":\"PropertyValueSpecification\",\"valueRequired\":true,\"valueName\":\"search_term_string\"}}],\"inLanguage\":\"fr-FR\"},{\"@type\":\"Organization\",\"@id\":\"https:\\\/\\\/www.ladyfrombelarus.com\\\/#organization\",\"name\":\"marriage agency Ladyfrombelarus\",\"url\":\"https:\\\/\\\/www.ladyfrombelarus.com\\\/\",\"logo\":{\"@type\":\"ImageObject\",\"inLanguage\":\"fr-FR\",\"@id\":\"https:\\\/\\\/www.ladyfrombelarus.com\\\/#\\\/schema\\\/logo\\\/image\\\/\",\"url\":\"https:\\\/\\\/www.ladyfrombelarus.com\\\/wp-content\\\/uploads\\\/2019\\\/09\\\/cropped-LOGO_wide.png\",\"contentUrl\":\"https:\\\/\\\/www.ladyfrombelarus.com\\\/wp-content\\\/uploads\\\/2019\\\/09\\\/cropped-LOGO_wide.png\",\"width\":512,\"height\":512,\"caption\":\"marriage agency Ladyfrombelarus\"},\"image\":{\"@id\":\"https:\\\/\\\/www.ladyfrombelarus.com\\\/#\\\/schema\\\/logo\\\/image\\\/\"},\"sameAs\":[\"https:\\\/\\\/www.facebook.com\\\/ladyfrombelarus\\\/\",\"https:\\\/\\\/www.instagram.com\\\/ladyfrombelarus\\\/\",\"https:\\\/\\\/www.youtube.com\\\/user\\\/agency4marriage\"]}]}<\/script>\n<!-- \/ Yoast SEO plugin. -->","yoast_head_json":{"title":"Registration in the migration office in Belarus &#8902; Agence de mariage Ladyfrombelarus","robots":{"index":"index","follow":"follow","max-snippet":"max-snippet:-1","max-image-preview":"max-image-preview:large","max-video-preview":"max-video-preview:-1"},"canonical":"https:\/\/www.ladyfrombelarus.com\/registration\/","og_locale":"fr_FR","og_type":"article","og_title":"Registration in the migration office in Belarus &#8902; Agence de mariage Ladyfrombelarus","og_url":"https:\/\/www.ladyfrombelarus.com\/registration\/","og_site_name":"Agence de mariage Ladyfrombelarus","article_publisher":"https:\/\/www.facebook.com\/ladyfrombelarus\/","article_modified_time":"2024-11-11T15:09:52+00:00","og_image":[{"width":800,"height":800,"url":"https:\/\/www.ladyfrombelarus.com\/wp-content\/uploads\/2018\/08\/1.jpg","type":"image\/jpeg"}],"twitter_card":"summary_large_image","twitter_misc":{"Dur\u00e9e de lecture estim\u00e9e":"2 minutes"},"schema":{"@context":"https:\/\/schema.org","@graph":[{"@type":"WebPage","@id":"https:\/\/www.ladyfrombelarus.com\/registration\/","url":"https:\/\/www.ladyfrombelarus.com\/registration\/","name":"Registration in the migration office in Belarus &#8902; Agence de mariage Ladyfrombelarus","isPartOf":{"@id":"https:\/\/www.ladyfrombelarus.com\/#website"},"datePublished":"2019-09-12T08:26:09+00:00","dateModified":"2024-11-11T15:09:52+00:00","breadcrumb":{"@id":"https:\/\/www.ladyfrombelarus.com\/registration\/#breadcrumb"},"inLanguage":"fr-FR","potentialAction":[{"@type":"ReadAction","target":["https:\/\/www.ladyfrombelarus.com\/registration\/"]}]},{"@type":"BreadcrumbList","@id":"https:\/\/www.ladyfrombelarus.com\/registration\/#breadcrumb","itemListElement":[{"@type":"ListItem","position":1,"name":"Home","item":"https:\/\/www.ladyfrombelarus.com\/"},{"@type":"ListItem","position":2,"name":"Registration in the migration office in Belarus"}]},{"@type":"WebSite","@id":"https:\/\/www.ladyfrombelarus.com\/#website","url":"https:\/\/www.ladyfrombelarus.com\/","name":"{:en}Ladyfrombelarus Marriage agency {:}{:de}Osteurop\u00e4ische Partnervermittlung LadyfromBelarus{:}{:fr}Agence de mariage Ladyfrombelarus{:}{:it}Agenzia di matrimonio Ladyfrombelarus{:}{:es}Agencia matrimonial Ladyfrombelarus{:}","description":"L&#039;agence de mariage, cr\u00e9\u00e9e en 1998. Nous pr\u00e9sentons des femmes c\u00e9libataires de Bi\u00e9lorussie aux hommes europ\u00e9ens","publisher":{"@id":"https:\/\/www.ladyfrombelarus.com\/#organization"},"potentialAction":[{"@type":"SearchAction","target":{"@type":"EntryPoint","urlTemplate":"https:\/\/www.ladyfrombelarus.com\/?s={search_term_string}"},"query-input":{"@type":"PropertyValueSpecification","valueRequired":true,"valueName":"search_term_string"}}],"inLanguage":"fr-FR"},{"@type":"Organization","@id":"https:\/\/www.ladyfrombelarus.com\/#organization","name":"marriage agency Ladyfrombelarus","url":"https:\/\/www.ladyfrombelarus.com\/","logo":{"@type":"ImageObject","inLanguage":"fr-FR","@id":"https:\/\/www.ladyfrombelarus.com\/#\/schema\/logo\/image\/","url":"https:\/\/www.ladyfrombelarus.com\/wp-content\/uploads\/2019\/09\/cropped-LOGO_wide.png","contentUrl":"https:\/\/www.ladyfrombelarus.com\/wp-content\/uploads\/2019\/09\/cropped-LOGO_wide.png","width":512,"height":512,"caption":"marriage agency Ladyfrombelarus"},"image":{"@id":"https:\/\/www.ladyfrombelarus.com\/#\/schema\/logo\/image\/"},"sameAs":["https:\/\/www.facebook.com\/ladyfrombelarus\/","https:\/\/www.instagram.com\/ladyfrombelarus\/","https:\/\/www.youtube.com\/user\/agency4marriage"]}]}},"_links":{"self":[{"href":"https:\/\/www.ladyfrombelarus.com\/fr\/wp-json\/wp\/v2\/pages\/13119","targetHints":{"allow":["GET"]}}],"collection":[{"href":"https:\/\/www.ladyfrombelarus.com\/fr\/wp-json\/wp\/v2\/pages"}],"about":[{"href":"https:\/\/www.ladyfrombelarus.com\/fr\/wp-json\/wp\/v2\/types\/page"}],"author":[{"embeddable":true,"href":"https:\/\/www.ladyfrombelarus.com\/fr\/wp-json\/wp\/v2\/users\/1"}],"replies":[{"embeddable":true,"href":"https:\/\/www.ladyfrombelarus.com\/fr\/wp-json\/wp\/v2\/comments?post=13119"}],"version-history":[{"count":7,"href":"https:\/\/www.ladyfrombelarus.com\/fr\/wp-json\/wp\/v2\/pages\/13119\/revisions"}],"predecessor-version":[{"id":15553,"href":"https:\/\/www.ladyfrombelarus.com\/fr\/wp-json\/wp\/v2\/pages\/13119\/revisions\/15553"}],"wp:attachment":[{"href":"https:\/\/www.ladyfrombelarus.com\/fr\/wp-json\/wp\/v2\/media?parent=13119"}],"curies":[{"name":"wp","href":"https:\/\/api.w.org\/{rel}","templated":true}]}}