{"id":15053,"date":"2022-01-25T14:29:41","date_gmt":"2022-01-25T12:29:41","guid":{"rendered":"https:\/\/www.ladyfrombelarus.com\/?page_id=15053"},"modified":"2026-02-25T18:42:31","modified_gmt":"2026-02-25T16:42:31","slug":"pricing","status":"publish","type":"page","link":"https:\/\/www.ladyfrombelarus.com\/fr\/pricing\/","title":{"rendered":"PRICING"},"content":{"rendered":"\n<div class=\"wp-block-group alignfull has-background\" style=\"background-color:#f2f0e9\"><div class=\"wp-block-group__inner-container is-layout-flow wp-block-group-is-layout-flow\">\n<div class=\"wp-block-columns alignwide is-layout-flex wp-container-core-columns-is-layout-9d6595d7 wp-block-columns-is-layout-flex\">\n<div class=\"wp-block-column is-layout-flow wp-block-column-is-layout-flow\" style=\"flex-basis:90%\">\n<p class=\"has-text-align-left has-text-color\" style=\"color:#000000;font-size:30px;line-height:1.1\"><strong>Organization of personal real or video meeting with Belarusian lady <\/strong><\/p>\n<\/div>\n<\/div>\n\n\n\n<p><strong>Organization of the meeting with 1 lady<\/strong>                 <strong>\u20ac 50 <s>\u20ac 70 <\/s><\/strong> <strong>each<\/strong>  for the organization of 1 meeting \/ \u20ac 50 total<\/p>\n\n\n\n<p><strong><strong>Organization of the meetings with 3 ladies<\/strong><\/strong>          <strong>\u20ac 50 each<\/strong> for the organization of 1 meeting \/ \u20ac 150 total<\/p>\n\n\n\n<p><strong><strong>Organization of the meetings with 10 ladies<\/strong><\/strong>        <strong>\u20ac 40 each<\/strong> for the organization of 1 meeting \/ \u20ac 400 total<\/p>\n\n\n\n<div class=\"wp-block-columns alignwide is-layout-flex wp-container-core-columns-is-layout-9d6595d7 wp-block-columns-is-layout-flex\">\n<div class=\"wp-block-column is-layout-flow wp-block-column-is-layout-flow\"><\/div>\n<\/div>\n\n\n\n<p><strong>Additional costs: <\/strong><\/p>\n\n\n\n<p>The help of an interpreter if needed withing the initial date . . . .   <strong>\u20ac 10 per hour<\/strong><\/p>\n\n\n\n<p>The help of interpreter if needed  on further dates or in the city . . . .   <strong>\u20ac 15 per hour<\/strong><\/p>\n\n\n\n<p>Travel costs if the lady comes to real meeting in Minsk from outside Minsk Region                                                <strong>. . . .   \u20ac 25<\/strong><\/p>\n\n\n\n<p>After the initial meeting, you get the direct contact of the lady, and then you can communicate with her directly.<\/p>\n<\/div><\/div>\n\n\n\n<div class=\"wp-block-group alignfull has-background\" style=\"background-color:#f2f0e9\"><div class=\"wp-block-group__inner-container is-layout-flow wp-block-group-is-layout-flow\">\n<div class=\"wp-block-columns alignwide is-layout-flex wp-container-core-columns-is-layout-9d6595d7 wp-block-columns-is-layout-flex\">\n<div class=\"wp-block-column is-layout-flow wp-block-column-is-layout-flow\" style=\"flex-basis:90%\">\n<p class=\"has-text-align-left has-text-color\" style=\"color:#000000;font-size:30px;line-height:1.1\"><strong>Speed Dating Online Party<\/strong><\/p>\n<\/div>\n\n\n\n<div class=\"wp-block-column is-layout-flow wp-block-column-is-layout-flow\" style=\"flex-basis:30%\"><\/div>\n<\/div>\n\n\n\n<p>within 1 party you get acquainted by video with 10+ ladies, after the party you get their direct contact information as well                      . . .  <strong style=\"font-weight: bold;\">\u20ac 60<\/strong><\/p>\n<\/div><\/div>\n\n\n\n<div class=\"wp-block-group alignfull has-background\" style=\"background-color:#f2f0e9\"><div class=\"wp-block-group__inner-container is-layout-flow wp-block-group-is-layout-flow\">\n<div class=\"wp-block-columns alignwide is-layout-flex wp-container-core-columns-is-layout-9d6595d7 wp-block-columns-is-layout-flex\">\n<div class=\"wp-block-column is-layout-flow wp-block-column-is-layout-flow\" style=\"flex-basis:90%\">\n<p class=\"has-text-align-left has-text-color\" style=\"color:#000000;font-size:30px;line-height:1.1\"><strong>Personal matchmaking by Galina Pinchuk<\/strong><\/p>\n<\/div>\n\n\n\n<div class=\"wp-block-column is-layout-flow wp-block-column-is-layout-flow\" style=\"flex-basis:30%\"><\/div>\n<\/div>\n\n\n\n<p>Personal service, possible only after preliminary interview                     . . .  <strong style=\"font-weight: bold;\">\u20ac 1500<\/strong><\/p>\n<\/div><\/div>\n","protected":false},"excerpt":{"rendered":"Organization of personal real or video meeting with Belarusian lady Organization of the meeting with 1 lady \u20ac 50 \u20ac 70 each for the organization of 1 meeting \/ \u20ac 50 total Organization of the meetings with 3 ladies \u20ac 50 each for the organization of 1 meeting \/ \u20ac 150 total Organization of the &hellip; <p class=\"link-more\"><a href=\"https:\/\/www.ladyfrombelarus.com\/fr\/pricing\/\" class=\"more-link\">Continuer la lecture<span class=\"screen-reader-text\"> de &laquo;&nbsp;PRICING&nbsp;&raquo;<\/span><\/a><\/p>","protected":false},"author":1,"featured_media":0,"parent":0,"menu_order":0,"comment_status":"closed","ping_status":"closed","template":"","meta":{"footnotes":""},"class_list":["post-15053","page","type-page","status-publish","hentry"],"translation":{"provider":"WPGlobus","version":"3.0.2","language":"fr","enabled_languages":["en","de","fr","it","es"],"languages":{"en":{"title":true,"content":true,"excerpt":false},"de":{"title":false,"content":false,"excerpt":false},"fr":{"title":false,"content":false,"excerpt":false},"it":{"title":false,"content":false,"excerpt":false},"es":{"title":false,"content":false,"excerpt":false}}},"yoast_head":"<!-- This site is optimized with the Yoast SEO plugin v27.4 - https:\/\/yoast.com\/product\/yoast-seo-wordpress\/ -->\n<title>PRICING &#8902; Agence de mariage Ladyfrombelarus<\/title>\n<meta name=\"robots\" content=\"index, follow, max-snippet:-1, max-image-preview:large, max-video-preview:-1\" \/>\n<link rel=\"canonical\" href=\"https:\/\/www.ladyfrombelarus.com\/pricing\/\" \/>\n<meta property=\"og:locale\" content=\"fr_FR\" \/>\n<meta property=\"og:type\" content=\"article\" \/>\n<meta property=\"og:title\" content=\"PRICING &#8902; Agence de mariage Ladyfrombelarus\" \/>\n<meta property=\"og:url\" content=\"https:\/\/www.ladyfrombelarus.com\/pricing\/\" \/>\n<meta property=\"og:site_name\" content=\"Agence de mariage Ladyfrombelarus\" \/>\n<meta property=\"article:publisher\" content=\"https:\/\/www.facebook.com\/ladyfrombelarus\/\" \/>\n<meta property=\"article:modified_time\" content=\"2026-02-25T16:42:31+00:00\" \/>\n<meta property=\"og:image\" content=\"https:\/\/www.ladyfrombelarus.com\/wp-content\/uploads\/2018\/08\/1.jpg\" \/>\n\t<meta property=\"og:image:width\" content=\"800\" \/>\n\t<meta property=\"og:image:height\" content=\"800\" \/>\n\t<meta property=\"og:image:type\" content=\"image\/jpeg\" \/>\n<meta name=\"twitter:card\" content=\"summary_large_image\" \/>\n<meta name=\"twitter:label1\" content=\"Dur\u00e9e de lecture estim\u00e9e\" \/>\n\t<meta name=\"twitter:data1\" content=\"1 minute\" \/>\n<script type=\"application\/ld+json\" class=\"yoast-schema-graph\">{\"@context\":\"https:\\\/\\\/schema.org\",\"@graph\":[{\"@type\":\"WebPage\",\"@id\":\"https:\\\/\\\/www.ladyfrombelarus.com\\\/pricing\\\/\",\"url\":\"https:\\\/\\\/www.ladyfrombelarus.com\\\/pricing\\\/\",\"name\":\"PRICING &#8902; Agence de mariage Ladyfrombelarus\",\"isPartOf\":{\"@id\":\"https:\\\/\\\/www.ladyfrombelarus.com\\\/#website\"},\"datePublished\":\"2022-01-25T12:29:41+00:00\",\"dateModified\":\"2026-02-25T16:42:31+00:00\",\"breadcrumb\":{\"@id\":\"https:\\\/\\\/www.ladyfrombelarus.com\\\/pricing\\\/#breadcrumb\"},\"inLanguage\":\"fr-FR\",\"potentialAction\":[{\"@type\":\"ReadAction\",\"target\":[\"https:\\\/\\\/www.ladyfrombelarus.com\\\/pricing\\\/\"]}]},{\"@type\":\"BreadcrumbList\",\"@id\":\"https:\\\/\\\/www.ladyfrombelarus.com\\\/pricing\\\/#breadcrumb\",\"itemListElement\":[{\"@type\":\"ListItem\",\"position\":1,\"name\":\"Home\",\"item\":\"https:\\\/\\\/www.ladyfrombelarus.com\\\/\"},{\"@type\":\"ListItem\",\"position\":2,\"name\":\"PRICING\"}]},{\"@type\":\"WebSite\",\"@id\":\"https:\\\/\\\/www.ladyfrombelarus.com\\\/#website\",\"url\":\"https:\\\/\\\/www.ladyfrombelarus.com\\\/\",\"name\":\"{:en}Ladyfrombelarus Marriage agency {:}{:de}Osteurop\u00e4ische Partnervermittlung LadyfromBelarus{:}{:fr}Agence de mariage Ladyfrombelarus{:}{:it}Agenzia di matrimonio Ladyfrombelarus{:}{:es}Agencia matrimonial Ladyfrombelarus{:}\",\"description\":\"L&#039;agence de mariage, cr\u00e9\u00e9e en 1998. Nous pr\u00e9sentons des femmes c\u00e9libataires de Bi\u00e9lorussie aux hommes europ\u00e9ens\",\"publisher\":{\"@id\":\"https:\\\/\\\/www.ladyfrombelarus.com\\\/#organization\"},\"potentialAction\":[{\"@type\":\"SearchAction\",\"target\":{\"@type\":\"EntryPoint\",\"urlTemplate\":\"https:\\\/\\\/www.ladyfrombelarus.com\\\/?s={search_term_string}\"},\"query-input\":{\"@type\":\"PropertyValueSpecification\",\"valueRequired\":true,\"valueName\":\"search_term_string\"}}],\"inLanguage\":\"fr-FR\"},{\"@type\":\"Organization\",\"@id\":\"https:\\\/\\\/www.ladyfrombelarus.com\\\/#organization\",\"name\":\"marriage agency Ladyfrombelarus\",\"url\":\"https:\\\/\\\/www.ladyfrombelarus.com\\\/\",\"logo\":{\"@type\":\"ImageObject\",\"inLanguage\":\"fr-FR\",\"@id\":\"https:\\\/\\\/www.ladyfrombelarus.com\\\/#\\\/schema\\\/logo\\\/image\\\/\",\"url\":\"https:\\\/\\\/www.ladyfrombelarus.com\\\/wp-content\\\/uploads\\\/2019\\\/09\\\/cropped-LOGO_wide.png\",\"contentUrl\":\"https:\\\/\\\/www.ladyfrombelarus.com\\\/wp-content\\\/uploads\\\/2019\\\/09\\\/cropped-LOGO_wide.png\",\"width\":512,\"height\":512,\"caption\":\"marriage agency Ladyfrombelarus\"},\"image\":{\"@id\":\"https:\\\/\\\/www.ladyfrombelarus.com\\\/#\\\/schema\\\/logo\\\/image\\\/\"},\"sameAs\":[\"https:\\\/\\\/www.facebook.com\\\/ladyfrombelarus\\\/\",\"https:\\\/\\\/www.instagram.com\\\/ladyfrombelarus\\\/\",\"https:\\\/\\\/www.youtube.com\\\/user\\\/agency4marriage\"]}]}<\/script>\n<!-- \/ Yoast SEO plugin. -->","yoast_head_json":{"title":"PRICING &#8902; Agence de mariage Ladyfrombelarus","robots":{"index":"index","follow":"follow","max-snippet":"max-snippet:-1","max-image-preview":"max-image-preview:large","max-video-preview":"max-video-preview:-1"},"canonical":"https:\/\/www.ladyfrombelarus.com\/pricing\/","og_locale":"fr_FR","og_type":"article","og_title":"PRICING &#8902; Agence de mariage Ladyfrombelarus","og_url":"https:\/\/www.ladyfrombelarus.com\/pricing\/","og_site_name":"Agence de mariage Ladyfrombelarus","article_publisher":"https:\/\/www.facebook.com\/ladyfrombelarus\/","article_modified_time":"2026-02-25T16:42:31+00:00","og_image":[{"width":800,"height":800,"url":"https:\/\/www.ladyfrombelarus.com\/wp-content\/uploads\/2018\/08\/1.jpg","type":"image\/jpeg"}],"twitter_card":"summary_large_image","twitter_misc":{"Dur\u00e9e de lecture estim\u00e9e":"1 minute"},"schema":{"@context":"https:\/\/schema.org","@graph":[{"@type":"WebPage","@id":"https:\/\/www.ladyfrombelarus.com\/pricing\/","url":"https:\/\/www.ladyfrombelarus.com\/pricing\/","name":"PRICING &#8902; Agence de mariage Ladyfrombelarus","isPartOf":{"@id":"https:\/\/www.ladyfrombelarus.com\/#website"},"datePublished":"2022-01-25T12:29:41+00:00","dateModified":"2026-02-25T16:42:31+00:00","breadcrumb":{"@id":"https:\/\/www.ladyfrombelarus.com\/pricing\/#breadcrumb"},"inLanguage":"fr-FR","potentialAction":[{"@type":"ReadAction","target":["https:\/\/www.ladyfrombelarus.com\/pricing\/"]}]},{"@type":"BreadcrumbList","@id":"https:\/\/www.ladyfrombelarus.com\/pricing\/#breadcrumb","itemListElement":[{"@type":"ListItem","position":1,"name":"Home","item":"https:\/\/www.ladyfrombelarus.com\/"},{"@type":"ListItem","position":2,"name":"PRICING"}]},{"@type":"WebSite","@id":"https:\/\/www.ladyfrombelarus.com\/#website","url":"https:\/\/www.ladyfrombelarus.com\/","name":"{:en}Ladyfrombelarus Marriage agency {:}{:de}Osteurop\u00e4ische Partnervermittlung LadyfromBelarus{:}{:fr}Agence de mariage Ladyfrombelarus{:}{:it}Agenzia di matrimonio Ladyfrombelarus{:}{:es}Agencia matrimonial Ladyfrombelarus{:}","description":"L&#039;agence de mariage, cr\u00e9\u00e9e en 1998. Nous pr\u00e9sentons des femmes c\u00e9libataires de Bi\u00e9lorussie aux hommes europ\u00e9ens","publisher":{"@id":"https:\/\/www.ladyfrombelarus.com\/#organization"},"potentialAction":[{"@type":"SearchAction","target":{"@type":"EntryPoint","urlTemplate":"https:\/\/www.ladyfrombelarus.com\/?s={search_term_string}"},"query-input":{"@type":"PropertyValueSpecification","valueRequired":true,"valueName":"search_term_string"}}],"inLanguage":"fr-FR"},{"@type":"Organization","@id":"https:\/\/www.ladyfrombelarus.com\/#organization","name":"marriage agency Ladyfrombelarus","url":"https:\/\/www.ladyfrombelarus.com\/","logo":{"@type":"ImageObject","inLanguage":"fr-FR","@id":"https:\/\/www.ladyfrombelarus.com\/#\/schema\/logo\/image\/","url":"https:\/\/www.ladyfrombelarus.com\/wp-content\/uploads\/2019\/09\/cropped-LOGO_wide.png","contentUrl":"https:\/\/www.ladyfrombelarus.com\/wp-content\/uploads\/2019\/09\/cropped-LOGO_wide.png","width":512,"height":512,"caption":"marriage agency Ladyfrombelarus"},"image":{"@id":"https:\/\/www.ladyfrombelarus.com\/#\/schema\/logo\/image\/"},"sameAs":["https:\/\/www.facebook.com\/ladyfrombelarus\/","https:\/\/www.instagram.com\/ladyfrombelarus\/","https:\/\/www.youtube.com\/user\/agency4marriage"]}]}},"_links":{"self":[{"href":"https:\/\/www.ladyfrombelarus.com\/fr\/wp-json\/wp\/v2\/pages\/15053","targetHints":{"allow":["GET"]}}],"collection":[{"href":"https:\/\/www.ladyfrombelarus.com\/fr\/wp-json\/wp\/v2\/pages"}],"about":[{"href":"https:\/\/www.ladyfrombelarus.com\/fr\/wp-json\/wp\/v2\/types\/page"}],"author":[{"embeddable":true,"href":"https:\/\/www.ladyfrombelarus.com\/fr\/wp-json\/wp\/v2\/users\/1"}],"replies":[{"embeddable":true,"href":"https:\/\/www.ladyfrombelarus.com\/fr\/wp-json\/wp\/v2\/comments?post=15053"}],"version-history":[{"count":11,"href":"https:\/\/www.ladyfrombelarus.com\/fr\/wp-json\/wp\/v2\/pages\/15053\/revisions"}],"predecessor-version":[{"id":15887,"href":"https:\/\/www.ladyfrombelarus.com\/fr\/wp-json\/wp\/v2\/pages\/15053\/revisions\/15887"}],"wp:attachment":[{"href":"https:\/\/www.ladyfrombelarus.com\/fr\/wp-json\/wp\/v2\/media?parent=15053"}],"curies":[{"name":"wp","href":"https:\/\/api.w.org\/{rel}","templated":true}]}}