{"id":15728,"date":"2025-05-06T14:31:52","date_gmt":"2025-05-06T12:31:52","guid":{"rendered":"https:\/\/www.ladyfrombelarus.com\/?page_id=15728"},"modified":"2025-09-29T14:00:45","modified_gmt":"2025-09-29T12:00:45","slug":"how-to-get-an-electronic-visa-to-belarus-step-by-step-guide","status":"publish","type":"page","link":"https:\/\/www.ladyfrombelarus.com\/fr\/how-to-get-an-electronic-visa-to-belarus-step-by-step-guide\/","title":{"rendered":"How to Get an Electronic Visa to Belarus: Step-by-Step Guide"},"content":{"rendered":"\n<h2 class=\"wp-block-heading\">Comment obtenir un visa \u00e9lectronique pour la Bi\u00e9lorussie \u2013 Guide \u00e9tape par \u00e9tape<\/h2>\n\n\n\n<p>Depuis le 20 mars 2025, la Bi\u00e9lorussie propose un <strong>visa \u00e9lectronique (e-visa)<\/strong> aux citoyens de 67 pays.<br>Toute la proc\u00e9dure se fait <strong>en ligne<\/strong>, sans avoir besoin de se rendre dans une ambassade ou un consulat.<\/p>\n\n\n\n<h3 class=\"wp-block-heading\">Qui peut demander un e-visa ?<\/h3>\n\n\n\n<p>Les citoyens de 67 pays, y compris tous les pays de l&#8217;UE, le Royaume-Uni, le Canada, les \u00c9tats-Unis, l\u2019Australie, le Japon et d\u2019autres, sont \u00e9ligibles pour faire une demande.<br><a href=\"https:\/\/www.ladyfrombelarus.com\/list-of-countries-whose-citizens-are-eligible-for-an-electronic-visa-to-belarus\/\" target=\"_blank\" rel=\"noreferrer noopener nofollow\">Voir la liste compl\u00e8te.<\/a><\/p>\n\n\n\n<h3 class=\"wp-block-heading\">Types de visas \u00e9lectroniques disponibles<\/h3>\n\n\n\n<ul class=\"wp-block-list\">\n<li>Tourisme<\/li>\n\n\n\n<li>Affaires<\/li>\n\n\n\n<li>Participation \u00e0 des \u00e9v\u00e9nements culturels, sportifs, scientifiques ou \u00e9ducatifs, ou \u00e0 des stages<\/li>\n\n\n\n<li>Visites priv\u00e9es<\/li>\n<\/ul>\n\n\n\n<p>Tous les visas \u00e9lectroniques sont des visas <strong>\u00e0 entr\u00e9e unique<\/strong> valables jusqu\u2019\u00e0 <strong>30 jours<\/strong>.<\/p>\n\n\n\n<h3 class=\"wp-block-heading\">Documents requis<\/h3>\n\n\n\n<p>Pour faire une demande de visa \u00e9lectronique, vous devez t\u00e9l\u00e9charger les documents suivants :<\/p>\n\n\n\n<ul class=\"wp-block-list\">\n<li>Scan du passeport (page de donn\u00e9es personnelles), valable au moins 90 jours apr\u00e8s la date de sortie pr\u00e9vue de Bi\u00e9lorussie<\/li>\n\n\n\n<li>Photo couleur (35&#215;45 mm), prise au cours des 6 derniers mois<\/li>\n\n\n\n<li>Assurance maladie valable en Bi\u00e9lorussie, avec une couverture minimale de 10 000 \u20ac<\/li>\n\n\n\n<li>Justificatif du motif de voyage (par exemple, r\u00e9servation d&#8217;h\u00f4tel pour un visa touristique)<\/li>\n<\/ul>\n\n\n\n<p>Aucune lettre d\u2019invitation officielle n\u2019est requise pour un visa touristique.<\/p>\n\n\n\n<h3 class=\"wp-block-heading\">Comment faire une demande<\/h3>\n\n\n\n<ol class=\"wp-block-list\">\n<li>Cr\u00e9ez un compte sur le portail <a href=\"https:\/\/e-pasluga.by\/en_US\/services\/visas-and-travel\/30401e-visa-issuance\" target=\"_blank\" rel=\"noreferrer noopener nofollow\">e-pasluga.by<\/a> ou via l&#8217;application mobile &#8220;E-Pasluga&#8221;<\/li>\n\n\n\n<li>S\u00e9lectionnez le service avec le code <strong>3.04.01 \u2013 D\u00e9livrance de visas \u00e9lectroniques<\/strong><\/li>\n\n\n\n<li>Remplissez le formulaire de demande et t\u00e9l\u00e9versez les documents requis<\/li>\n\n\n\n<li>Payez les frais de visa et les frais de service en ligne<\/li>\n\n\n\n<li>La d\u00e9cision sera disponible dans votre espace personnel sur le portail<\/li>\n<\/ol>\n\n\n\n<p>La demande doit \u00eatre soumise <strong>au moins 7 jours calendaires<\/strong> avant la date d\u2019entr\u00e9e pr\u00e9vue.<\/p>\n\n\n\n<h3 class=\"wp-block-heading\">Frais<\/h3>\n\n\n\n<p><strong>Frais de visa :<\/strong><\/p>\n\n\n\n<ul class=\"wp-block-list\">\n<li>35 \u20ac pour les citoyens de l\u2019UE<\/li>\n\n\n\n<li>60 \u20ac pour les citoyens d&#8217;autres pays<\/li>\n\n\n\n<li>Gratuit pour les citoyens japonais<\/li>\n\n\n\n<li>Gratuit pour les enfants de moins de 12 ans (UE) ou moins de 14 ans (autres)<\/li>\n<\/ul>\n\n\n\n<p><strong>Frais de service :<\/strong> 6 \u20ac (applicable \u00e0 tous les demandeurs)<\/p>\n\n\n\n<p><strong>Important :<\/strong><br>Le paiement doit \u00eatre effectu\u00e9 avec une <strong>carte bancaire appartenant au demandeur<\/strong>.<br>Les cartes appartenant \u00e0 des tiers (y compris les cartes \u00e9mises en Bi\u00e9lorussie) <strong>ne sont pas autoris\u00e9es<\/strong>.<br>Actuellement, <strong>les cartes \u00e9mises par des banques am\u00e9ricaines et canadiennes ne sont pas accept\u00e9es<\/strong> en raison de restrictions des syst\u00e8mes de paiement.<\/p>\n\n\n\n<p>Depuis le 11 janvier 2025, il est possible d&#8217;entrer en Bi\u00e9lorussie avec un visa russe valide. Veuillez noter que les visas \u00e9lectroniques d\u00e9livr\u00e9s par la Russie ne sont pas accept\u00e9s pour entrer en Bi\u00e9lorussie.<\/p>\n\n\n\n<p>Depuis le 20 mars 2025, les voyageurs peuvent \u00e9galement demander un visa \u00e9lectronique bi\u00e9lorusse. Cependant, ce visa ne permet pas d&#8217;entrer en Russie.<\/p>\n\n\n\n<h3 class=\"wp-block-heading\">R\u00e9ception du visa<\/h3>\n\n\n\n<p>Le visa \u00e9lectronique approuv\u00e9 sera disponible dans votre espace personnel sur le portail &#8220;E-Pasluga&#8221;.<br>Vous devez <strong>imprimer<\/strong> le visa \u00e9lectronique et l\u2019avoir avec vous \u00e0 l\u2019entr\u00e9e, pendant votre s\u00e9jour et \u00e0 la sortie de Bi\u00e9lorussie.<\/p>\n\n\n\n<h3 class=\"wp-block-heading\">V\u00e9rification par SMS requise<\/h3>\n\n\n\n<p>Pour cr\u00e9er un compte sur <a href=\"https:\/\/e-pasluga.by\/en_US\/services\/visas-and-travel\/30401e-visa-issuance\" target=\"_blank\" rel=\"noreferrer noopener nofollow\">e-pasluga.by<\/a> et faire la demande de visa, vous devez <strong>v\u00e9rifier votre num\u00e9ro de t\u00e9l\u00e9phone<\/strong> via un <strong>code de confirmation SMS<\/strong>.<br>La r\u00e9ception des SMS est actuellement prise en charge <strong>uniquement<\/strong> par les op\u00e9rateurs mobiles des pays suivants :<\/p>\n\n\n\n<p>Australie, Andorre, Antigua-et-Barbuda, Barbade, Bahre\u00efn, Belgique, Bolivie, Bosnie-Herz\u00e9govine, Vanuatu, Vatican, Hongrie, Gr\u00e8ce, Danemark, Dominique, Islande, Cor\u00e9e, Lituanie, Liechtenstein, Malaisie, Malte, Micron\u00e9sie, Monaco, Norv\u00e8ge, Panama, Paraguay, P\u00e9rou, Portugal, Roumanie, Salvador, Saint-Marin, Mac\u00e9doine du Nord, Seychelles, Saint-Vincent-et-les-Grenadines, Singapour, Slov\u00e9nie, Uruguay, Finlande, Croatie, R\u00e9publique tch\u00e8que, Chili, Estonie, Japon<\/p>\n\n\n\n<p>Cette liste est r\u00e9guli\u00e8rement mise \u00e0 jour.<\/p>\n\n\n\n<p><strong>Si vous ne parvenez pas \u00e0 vous inscrire avec votre adresse e-mail ou votre num\u00e9ro de t\u00e9l\u00e9phone, essayez de vous inscrire avec votre compte Google ou Apple.<\/strong><\/p>\n\n\n\n<h3 class=\"wp-block-heading\">D\u00e9lai de traitement<\/h3>\n\n\n\n<ul class=\"wp-block-list\">\n<li>Jusqu\u2019\u00e0 7 jours calendaires<\/li>\n\n\n\n<li>Il n\u2019existe <strong>aucun traitement express<\/strong><\/li>\n<\/ul>\n\n\n\n<h3 class=\"wp-block-heading\">Points d&#8217;entr\u00e9e<\/h3>\n\n\n\n<p>Avec un e-visa, vous pouvez entrer en Bi\u00e9lorussie via <strong>tous les points de passage internationaux<\/strong>, y compris :<\/p>\n\n\n\n<ul class=\"wp-block-list\">\n<li>A\u00e9roport national de Minsk<\/li>\n\n\n\n<li>A\u00e9roports r\u00e9gionaux (Brest, Vitebsk, Gomel, Grodno, Moguilev)<\/li>\n\n\n\n<li>Postes fronti\u00e8res routiers et ferroviaires<\/li>\n<\/ul>\n\n\n\n<h3 class=\"wp-block-heading\">Remarques importantes<\/h3>\n\n\n\n<ul class=\"wp-block-list\">\n<li>Les informations fournies dans votre demande doivent \u00eatre <strong>exactes et compl\u00e8tes<\/strong><\/li>\n\n\n\n<li>Les <strong>donn\u00e9es incorrectes ou fausses peuvent entra\u00eener un refus d\u2019entr\u00e9e<\/strong><\/li>\n\n\n\n<li>Gardez toujours <strong>une copie imprim\u00e9e de votre visa \u00e9lectronique<\/strong> pendant toute la dur\u00e9e de votre s\u00e9jour<\/li>\n<\/ul>\n\n\n\n<p><\/p>\n","protected":false},"excerpt":{"rendered":"Comment obtenir un visa \u00e9lectronique pour la Bi\u00e9lorussie \u2013 Guide \u00e9tape par \u00e9tape Depuis le 20 mars 2025, la Bi\u00e9lorussie propose un visa \u00e9lectronique (e-visa) aux citoyens de 67 pays.Toute la proc\u00e9dure se fait en ligne, sans avoir besoin de se rendre dans une ambassade ou un consulat. Qui peut demander un e-visa ? Les &hellip; <p class=\"link-more\"><a href=\"https:\/\/www.ladyfrombelarus.com\/fr\/how-to-get-an-electronic-visa-to-belarus-step-by-step-guide\/\" class=\"more-link\">Continuer la lecture<span class=\"screen-reader-text\"> de &laquo;&nbsp;How to Get an Electronic Visa to Belarus: Step-by-Step Guide&nbsp;&raquo;<\/span><\/a><\/p>","protected":false},"author":1,"featured_media":0,"parent":0,"menu_order":0,"comment_status":"closed","ping_status":"closed","template":"","meta":{"footnotes":""},"class_list":["post-15728","page","type-page","status-publish","hentry"],"translation":{"provider":"WPGlobus","version":"3.0.2","language":"fr","enabled_languages":["en","de","fr","it","es"],"languages":{"en":{"title":true,"content":true,"excerpt":false},"de":{"title":false,"content":true,"excerpt":false},"fr":{"title":false,"content":true,"excerpt":false},"it":{"title":false,"content":true,"excerpt":false},"es":{"title":false,"content":true,"excerpt":false}}},"yoast_head":"<!-- This site is optimized with the Yoast SEO plugin v27.4 - https:\/\/yoast.com\/product\/yoast-seo-wordpress\/ -->\n<title>How to Get an Electronic Visa to Belarus: Step-by-Step Guide &#8902; Agence de mariage Ladyfrombelarus<\/title>\n<meta name=\"robots\" content=\"index, follow, max-snippet:-1, max-image-preview:large, max-video-preview:-1\" \/>\n<link rel=\"canonical\" href=\"https:\/\/www.ladyfrombelarus.com\/how-to-get-an-electronic-visa-to-belarus-step-by-step-guide\/\" \/>\n<meta property=\"og:locale\" content=\"fr_FR\" \/>\n<meta property=\"og:type\" content=\"article\" \/>\n<meta property=\"og:title\" content=\"How to Get an Electronic Visa to Belarus: Step-by-Step Guide &#8902; Agence de mariage Ladyfrombelarus\" \/>\n<meta property=\"og:url\" content=\"https:\/\/www.ladyfrombelarus.com\/how-to-get-an-electronic-visa-to-belarus-step-by-step-guide\/\" \/>\n<meta property=\"og:site_name\" content=\"Agence de mariage Ladyfrombelarus\" \/>\n<meta property=\"article:publisher\" content=\"https:\/\/www.facebook.com\/ladyfrombelarus\/\" \/>\n<meta property=\"article:modified_time\" content=\"2025-09-29T12:00:45+00:00\" \/>\n<meta property=\"og:image\" content=\"https:\/\/www.ladyfrombelarus.com\/wp-content\/uploads\/2018\/08\/1.jpg\" \/>\n\t<meta property=\"og:image:width\" content=\"800\" \/>\n\t<meta property=\"og:image:height\" content=\"800\" \/>\n\t<meta property=\"og:image:type\" content=\"image\/jpeg\" \/>\n<meta name=\"twitter:card\" content=\"summary_large_image\" \/>\n<meta name=\"twitter:label1\" content=\"Dur\u00e9e de lecture estim\u00e9e\" \/>\n\t<meta name=\"twitter:data1\" content=\"3 minutes\" \/>\n<script type=\"application\/ld+json\" class=\"yoast-schema-graph\">{\"@context\":\"https:\\\/\\\/schema.org\",\"@graph\":[{\"@type\":\"WebPage\",\"@id\":\"https:\\\/\\\/www.ladyfrombelarus.com\\\/how-to-get-an-electronic-visa-to-belarus-step-by-step-guide\\\/\",\"url\":\"https:\\\/\\\/www.ladyfrombelarus.com\\\/how-to-get-an-electronic-visa-to-belarus-step-by-step-guide\\\/\",\"name\":\"How to Get an Electronic Visa to Belarus: Step-by-Step Guide &#8902; Agence de mariage Ladyfrombelarus\",\"isPartOf\":{\"@id\":\"https:\\\/\\\/www.ladyfrombelarus.com\\\/#website\"},\"datePublished\":\"2025-05-06T12:31:52+00:00\",\"dateModified\":\"2025-09-29T12:00:45+00:00\",\"breadcrumb\":{\"@id\":\"https:\\\/\\\/www.ladyfrombelarus.com\\\/how-to-get-an-electronic-visa-to-belarus-step-by-step-guide\\\/#breadcrumb\"},\"inLanguage\":\"fr-FR\",\"potentialAction\":[{\"@type\":\"ReadAction\",\"target\":[\"https:\\\/\\\/www.ladyfrombelarus.com\\\/how-to-get-an-electronic-visa-to-belarus-step-by-step-guide\\\/\"]}]},{\"@type\":\"BreadcrumbList\",\"@id\":\"https:\\\/\\\/www.ladyfrombelarus.com\\\/how-to-get-an-electronic-visa-to-belarus-step-by-step-guide\\\/#breadcrumb\",\"itemListElement\":[{\"@type\":\"ListItem\",\"position\":1,\"name\":\"Home\",\"item\":\"https:\\\/\\\/www.ladyfrombelarus.com\\\/\"},{\"@type\":\"ListItem\",\"position\":2,\"name\":\"How to Get an Electronic Visa to Belarus: Step-by-Step Guide\"}]},{\"@type\":\"WebSite\",\"@id\":\"https:\\\/\\\/www.ladyfrombelarus.com\\\/#website\",\"url\":\"https:\\\/\\\/www.ladyfrombelarus.com\\\/\",\"name\":\"{:en}Ladyfrombelarus Marriage agency {:}{:de}Osteurop\u00e4ische Partnervermittlung LadyfromBelarus{:}{:fr}Agence de mariage Ladyfrombelarus{:}{:it}Agenzia di matrimonio Ladyfrombelarus{:}{:es}Agencia matrimonial Ladyfrombelarus{:}\",\"description\":\"L&#039;agence de mariage, cr\u00e9\u00e9e en 1998. Nous pr\u00e9sentons des femmes c\u00e9libataires de Bi\u00e9lorussie aux hommes europ\u00e9ens\",\"publisher\":{\"@id\":\"https:\\\/\\\/www.ladyfrombelarus.com\\\/#organization\"},\"potentialAction\":[{\"@type\":\"SearchAction\",\"target\":{\"@type\":\"EntryPoint\",\"urlTemplate\":\"https:\\\/\\\/www.ladyfrombelarus.com\\\/?s={search_term_string}\"},\"query-input\":{\"@type\":\"PropertyValueSpecification\",\"valueRequired\":true,\"valueName\":\"search_term_string\"}}],\"inLanguage\":\"fr-FR\"},{\"@type\":\"Organization\",\"@id\":\"https:\\\/\\\/www.ladyfrombelarus.com\\\/#organization\",\"name\":\"marriage agency Ladyfrombelarus\",\"url\":\"https:\\\/\\\/www.ladyfrombelarus.com\\\/\",\"logo\":{\"@type\":\"ImageObject\",\"inLanguage\":\"fr-FR\",\"@id\":\"https:\\\/\\\/www.ladyfrombelarus.com\\\/#\\\/schema\\\/logo\\\/image\\\/\",\"url\":\"https:\\\/\\\/www.ladyfrombelarus.com\\\/wp-content\\\/uploads\\\/2019\\\/09\\\/cropped-LOGO_wide.png\",\"contentUrl\":\"https:\\\/\\\/www.ladyfrombelarus.com\\\/wp-content\\\/uploads\\\/2019\\\/09\\\/cropped-LOGO_wide.png\",\"width\":512,\"height\":512,\"caption\":\"marriage agency Ladyfrombelarus\"},\"image\":{\"@id\":\"https:\\\/\\\/www.ladyfrombelarus.com\\\/#\\\/schema\\\/logo\\\/image\\\/\"},\"sameAs\":[\"https:\\\/\\\/www.facebook.com\\\/ladyfrombelarus\\\/\",\"https:\\\/\\\/www.instagram.com\\\/ladyfrombelarus\\\/\",\"https:\\\/\\\/www.youtube.com\\\/user\\\/agency4marriage\"]}]}<\/script>\n<!-- \/ Yoast SEO plugin. -->","yoast_head_json":{"title":"How to Get an Electronic Visa to Belarus: Step-by-Step Guide &#8902; Agence de mariage Ladyfrombelarus","robots":{"index":"index","follow":"follow","max-snippet":"max-snippet:-1","max-image-preview":"max-image-preview:large","max-video-preview":"max-video-preview:-1"},"canonical":"https:\/\/www.ladyfrombelarus.com\/how-to-get-an-electronic-visa-to-belarus-step-by-step-guide\/","og_locale":"fr_FR","og_type":"article","og_title":"How to Get an Electronic Visa to Belarus: Step-by-Step Guide &#8902; Agence de mariage Ladyfrombelarus","og_url":"https:\/\/www.ladyfrombelarus.com\/how-to-get-an-electronic-visa-to-belarus-step-by-step-guide\/","og_site_name":"Agence de mariage Ladyfrombelarus","article_publisher":"https:\/\/www.facebook.com\/ladyfrombelarus\/","article_modified_time":"2025-09-29T12:00:45+00:00","og_image":[{"width":800,"height":800,"url":"https:\/\/www.ladyfrombelarus.com\/wp-content\/uploads\/2018\/08\/1.jpg","type":"image\/jpeg"}],"twitter_card":"summary_large_image","twitter_misc":{"Dur\u00e9e de lecture estim\u00e9e":"3 minutes"},"schema":{"@context":"https:\/\/schema.org","@graph":[{"@type":"WebPage","@id":"https:\/\/www.ladyfrombelarus.com\/how-to-get-an-electronic-visa-to-belarus-step-by-step-guide\/","url":"https:\/\/www.ladyfrombelarus.com\/how-to-get-an-electronic-visa-to-belarus-step-by-step-guide\/","name":"How to Get an Electronic Visa to Belarus: Step-by-Step Guide &#8902; Agence de mariage Ladyfrombelarus","isPartOf":{"@id":"https:\/\/www.ladyfrombelarus.com\/#website"},"datePublished":"2025-05-06T12:31:52+00:00","dateModified":"2025-09-29T12:00:45+00:00","breadcrumb":{"@id":"https:\/\/www.ladyfrombelarus.com\/how-to-get-an-electronic-visa-to-belarus-step-by-step-guide\/#breadcrumb"},"inLanguage":"fr-FR","potentialAction":[{"@type":"ReadAction","target":["https:\/\/www.ladyfrombelarus.com\/how-to-get-an-electronic-visa-to-belarus-step-by-step-guide\/"]}]},{"@type":"BreadcrumbList","@id":"https:\/\/www.ladyfrombelarus.com\/how-to-get-an-electronic-visa-to-belarus-step-by-step-guide\/#breadcrumb","itemListElement":[{"@type":"ListItem","position":1,"name":"Home","item":"https:\/\/www.ladyfrombelarus.com\/"},{"@type":"ListItem","position":2,"name":"How to Get an Electronic Visa to Belarus: Step-by-Step Guide"}]},{"@type":"WebSite","@id":"https:\/\/www.ladyfrombelarus.com\/#website","url":"https:\/\/www.ladyfrombelarus.com\/","name":"{:en}Ladyfrombelarus Marriage agency {:}{:de}Osteurop\u00e4ische Partnervermittlung LadyfromBelarus{:}{:fr}Agence de mariage Ladyfrombelarus{:}{:it}Agenzia di matrimonio Ladyfrombelarus{:}{:es}Agencia matrimonial Ladyfrombelarus{:}","description":"L&#039;agence de mariage, cr\u00e9\u00e9e en 1998. Nous pr\u00e9sentons des femmes c\u00e9libataires de Bi\u00e9lorussie aux hommes europ\u00e9ens","publisher":{"@id":"https:\/\/www.ladyfrombelarus.com\/#organization"},"potentialAction":[{"@type":"SearchAction","target":{"@type":"EntryPoint","urlTemplate":"https:\/\/www.ladyfrombelarus.com\/?s={search_term_string}"},"query-input":{"@type":"PropertyValueSpecification","valueRequired":true,"valueName":"search_term_string"}}],"inLanguage":"fr-FR"},{"@type":"Organization","@id":"https:\/\/www.ladyfrombelarus.com\/#organization","name":"marriage agency Ladyfrombelarus","url":"https:\/\/www.ladyfrombelarus.com\/","logo":{"@type":"ImageObject","inLanguage":"fr-FR","@id":"https:\/\/www.ladyfrombelarus.com\/#\/schema\/logo\/image\/","url":"https:\/\/www.ladyfrombelarus.com\/wp-content\/uploads\/2019\/09\/cropped-LOGO_wide.png","contentUrl":"https:\/\/www.ladyfrombelarus.com\/wp-content\/uploads\/2019\/09\/cropped-LOGO_wide.png","width":512,"height":512,"caption":"marriage agency Ladyfrombelarus"},"image":{"@id":"https:\/\/www.ladyfrombelarus.com\/#\/schema\/logo\/image\/"},"sameAs":["https:\/\/www.facebook.com\/ladyfrombelarus\/","https:\/\/www.instagram.com\/ladyfrombelarus\/","https:\/\/www.youtube.com\/user\/agency4marriage"]}]}},"_links":{"self":[{"href":"https:\/\/www.ladyfrombelarus.com\/fr\/wp-json\/wp\/v2\/pages\/15728","targetHints":{"allow":["GET"]}}],"collection":[{"href":"https:\/\/www.ladyfrombelarus.com\/fr\/wp-json\/wp\/v2\/pages"}],"about":[{"href":"https:\/\/www.ladyfrombelarus.com\/fr\/wp-json\/wp\/v2\/types\/page"}],"author":[{"embeddable":true,"href":"https:\/\/www.ladyfrombelarus.com\/fr\/wp-json\/wp\/v2\/users\/1"}],"replies":[{"embeddable":true,"href":"https:\/\/www.ladyfrombelarus.com\/fr\/wp-json\/wp\/v2\/comments?post=15728"}],"version-history":[{"count":15,"href":"https:\/\/www.ladyfrombelarus.com\/fr\/wp-json\/wp\/v2\/pages\/15728\/revisions"}],"predecessor-version":[{"id":15817,"href":"https:\/\/www.ladyfrombelarus.com\/fr\/wp-json\/wp\/v2\/pages\/15728\/revisions\/15817"}],"wp:attachment":[{"href":"https:\/\/www.ladyfrombelarus.com\/fr\/wp-json\/wp\/v2\/media?parent=15728"}],"curies":[{"name":"wp","href":"https:\/\/api.w.org\/{rel}","templated":true}]}}