{"id":349,"date":"2009-04-13T19:38:40","date_gmt":"2009-04-13T17:38:40","guid":{"rendered":"http:\/\/6.freedom.z8.ru\/en\/?page_id=349"},"modified":"2026-02-24T14:25:16","modified_gmt":"2026-02-24T12:25:16","slug":"travel-to-belarus","status":"publish","type":"page","link":"https:\/\/www.ladyfrombelarus.com\/fr\/travel-to-belarus\/","title":{"rendered":"Travel to Belarus (current as of February 2026)"},"content":{"rendered":"\n<h2 class=\"wp-block-heading\">Voyage en Bi\u00e9lorussie (\u00e0 jour en F\u00e9vrier 2026)<\/h2>\n\n\n\n<h2 class=\"wp-block-heading\"><strong>Visa<\/strong><\/h2>\n\n\n\n<p>Actuellement, la Bi\u00e9lorussie est un pays ouvert et paisible, comme elle l&#8217;\u00e9tait il y a quelques ann\u00e9es.<\/p>\n\n\n\n<ul class=\"wp-block-list\">\n<li><strong>Les citoyens europ\u00e9ens peuvent visiter la Bi\u00e9lorussie sans visa<\/strong> pour une p\u00e9riode allant jusqu&#8217;\u00e0 30 jours via la fronti\u00e8re terrestre ou l&#8217;a\u00e9roport international de Minsk <\/li>\n\n\n\n<li><strong>Les citoyens de 76 pays peuvent visiter la Bi\u00e9lorussie sans visa via l&#8217;a\u00e9roport international <\/strong>de Minsk pour une p\u00e9riode allant jusqu&#8217;\u00e0 30 jours.<\/li>\n\n\n\n<li><strong>Les citoyens am\u00e9ricains doivent obtenir un visa <\/strong>pour visiter la Bi\u00e9lorussie. Cependant, l&#8217;ambassade est tr\u00e8s ouverte pour ceux qui souhaitent obtenir un visa. Ils demandent moins de documents et, dans la plupart des cas, ils ne demandent pas de lettre d&#8217;invitation, juste la confirmation de r\u00e9servation et une assurance bi\u00e9lorusse.<\/li>\n\n\n\n<li><a href=\"https:\/\/www.ladyfrombelarus.com\/travel-update-visa-free-entry-to-belarus-in-july-2025\/\" target=\"_blank\" rel=\"noreferrer noopener\">Festival du bazar de Slavianski : entr\u00e9e sans visa au Belarus en juillet 2025<\/a><\/li>\n<\/ul>\n\n\n\n<p>D\u00e9tails maintenant<\/p>\n\n\n\n<div class=\"wp-block-group\"><div class=\"wp-block-group__inner-container is-layout-constrained wp-block-group-is-layout-constrained\">\n<div class=\"wp-block-group has-pale-cyan-blue-background-color has-background\"><div class=\"wp-block-group__inner-container is-layout-constrained wp-block-group-is-layout-constrained\">\n<div class=\"wp-block-group\"><div class=\"wp-block-group__inner-container is-layout-constrained wp-block-group-is-layout-constrained\">\n<h2 class=\"wp-block-heading has-pale-cyan-blue-background-color has-background\"><strong><mark style=\"background-color:rgba(0, 0, 0, 0)\" class=\"has-inline-color has-vivid-purple-color\">Entr\u00e9e sans visa pour les Europ\u00e9ens<\/mark><\/strong><\/h2>\n\n\n\n<p class=\"has-pale-cyan-blue-background-color has-background\">Nous offrons une entr\u00e9e sans visa pour les citoyens de 35 pays europ\u00e9ens via tout point de contr\u00f4le international (fronti\u00e8re terrestre depuis la Pologne et la Lituanie et l&#8217;a\u00e9roport international de Minsk). <\/p>\n\n\n\n<p class=\"has-pale-cyan-blue-background-color has-background\">D\u00e9tails cl\u00e9s :<\/p>\n\n\n\n<div class=\"wp-block-group\"><div class=\"wp-block-group__inner-container is-layout-constrained wp-block-group-is-layout-constrained\">\n<ul class=\"wp-block-list\">\n<li><strong>Pays \u00e9ligibles :<\/strong> Tous les \u00c9tats membres de l&#8217;UE (27 pays), Royaume-Uni, Suisse, Norv\u00e8ge, Bosnie-Herz\u00e9govine, Mac\u00e9doine du Nord, Andorre, Vatican, Islande, Liechtenstein, Monaco et Saint-Marin. <a href=\"https:\/\/www.ladyfrombelarus.com\/visa-free-to-belarus-list-of-countries\/\" target=\"_blank\" rel=\"noreferrer noopener\">Voir la liste compl\u00e8te<\/a><\/li>\n\n\n\n<li><strong>Points d&#8217;entr\u00e9e : <\/strong>L&#8217;entr\u00e9e sans visa est disponible via tous les points de contr\u00f4le routiers et ferroviaires internationaux avec des documents de voyage valides pour une dur\u00e9e allant jusqu&#8217;\u00e0 30 jours.<\/li>\n\n\n\n<li><strong>Transit :<\/strong> Les \u00e9trangers utilisant le r\u00e9gime sans visa peuvent transiter vers des pays tiers via l&#8217;a\u00e9roport (\u00e0 l&#8217;exclusion de la Russie).<\/li>\n\n\n\n<li><strong>Entr\u00e9es multiples : <\/strong>Vous pouvez entrer en Bi\u00e9lorussie un nombre illimit\u00e9 de fois.<\/li>\n\n\n\n<li><strong>Dur\u00e9e du s\u00e9jour :<\/strong> Le s\u00e9jour total ne doit pas d\u00e9passer 90 jours par ann\u00e9e civile.<\/li>\n<\/ul>\n<\/div><\/div>\n\n\n\n<p class=\"has-pale-cyan-blue-background-color has-background\">C&#8217;est une opportunit\u00e9 fantastique pour nos clients de visiter la Bi\u00e9lorussie plus facilement et de rencontrer des partenaires potentiels. Nous avons h\u00e2te de vous accueillir !<\/p>\n<\/div><\/div>\n<\/div><\/div>\n<\/div><\/div>\n\n\n\n<hr class=\"wp-block-separator has-alpha-channel-opacity\"\/>\n\n\n\n<div class=\"wp-block-group has-light-green-cyan-background-color has-background\"><div class=\"wp-block-group__inner-container is-layout-constrained wp-block-group-is-layout-constrained\">\n<h2 class=\"wp-block-heading\"><strong><mark style=\"background-color:rgba(0, 0, 0, 0)\" class=\"has-inline-color has-vivid-purple-color\">Entr\u00e9e sans visa via l&#8217;a\u00e9roport international de Minsk<\/mark><\/strong><\/h2>\n\n\n\n<p>Nous offrons \u00e9galement une entr\u00e9e sans visa pour les citoyens de 76 pays via l&#8217;a\u00e9roport international de Minsk. <a href=\"https:\/\/www.ladyfrombelarus.com\/belarus-visa\/\" target=\"_blank\" rel=\"noreferrer noopener\">Voir la liste compl\u00e8te ici.<\/a><\/p>\n\n\n\n<p>D\u00e9tails cl\u00e9s :<\/p>\n\n\n\n<p>&#8211; <strong>Entr\u00e9e\/sortie uniquement par le point de contr\u00f4le frontalier de l&#8217;a\u00e9roport international de Minsk<\/strong> (MSQ), &#8220;A\u00e9roport Brest&#8221;, &#8220;A\u00e9roport Gomel&#8221;, &#8220;A\u00e9roport Grodno&#8221;, &#8220;A\u00e9roport Mogilev&#8221;, &#8220;A\u00e9roport Vitebsk&#8221;.<br>&#8211; <strong>Un passeport <\/strong>valide pour les voyages \u00e0 l&#8217;\u00e9tranger.<br>&#8211; <strong>Une assurance m\u00e9dicale <\/strong>d&#8217;un montant d&#8217;au moins 10 000 \u20ac (peut \u00eatre souscrite \u00e0 l&#8217;a\u00e9roport \u00e0 l&#8217;arriv\u00e9e, co\u00fbte environ 1 euro par jour).<\/p>\n\n\n\n<p>Le r\u00e9gime sans visa ne s&#8217;applique pas aux personnes arrivant en Bi\u00e9lorussie par avion depuis la Russie et pr\u00e9voyant de se rendre dans les a\u00e9roports de Russie (ce sont des vols internes sans contr\u00f4le frontalier).<\/p>\n<\/div><\/div>\n\n\n\n<hr class=\"wp-block-separator has-alpha-channel-opacity\"\/>\n\n\n\n<div class=\"wp-block-group has-pale-ocean-gradient-background has-background\"><div class=\"wp-block-group__inner-container is-layout-constrained wp-block-group-is-layout-constrained\">\n<h2 class=\"wp-block-heading\"><strong><mark style=\"background-color:rgba(0, 0, 0, 0)\" class=\"has-inline-color has-vivid-purple-color\">Visa pour la Bi\u00e9lorussie pour les citoyens am\u00e9ricains<\/mark><\/strong><\/h2>\n\n\n\n<p>Depuis 2021, les citoyens am\u00e9ricains doivent obtenir un visa pour la Bi\u00e9lorussie. Selon notre exp\u00e9rience r\u00e9cente, il est d\u00e9sormais tr\u00e8s facile d&#8217;obtenir un visa. Pour une p\u00e9riode de moins de 30 jours, vous pouvez fournir simplement la r\u00e9servation de l&#8217;h\u00f4tel pour la dur\u00e9e du s\u00e9jour et une assurance valide en Bi\u00e9lorussie.<\/p>\n\n\n\n<p>Vous devez donc faire une demande \u00e0 l&#8217;ambassade bi\u00e9lorusse. Chaque ambassade a son propre site web et des r\u00e8gles l\u00e9g\u00e8rement diff\u00e9rentes. Dans de nombreux endroits, vous pouvez m\u00eame postuler par courrier. Dans d&#8217;autres, personnellement. Veuillez v\u00e9rifier le site web de l&#8217;ambassade dans votre pays.<\/p>\n\n\n\n<p>Vous devez vous pr\u00e9senter avec les documents suivants :<\/p>\n\n\n\n<p>&#8211; PDF imprim\u00e9 avec la confirmation de <strong>r\u00e9servation d&#8217;h\u00f4tel<\/strong>. <a href=\"https:\/\/www.ladyfrombelarus.com\/how-to-obtain-a-booking-confirmation-for-your-visa\/\" target=\"_blank\" rel=\"noreferrer noopener\">Comment obtenir la confirmation d&#8217;h\u00f4tel.<\/a><br>&#8211; <strong>Assurance <\/strong>valide en Bi\u00e9lorussie. <a href=\"https:\/\/www.ladyfrombelarus.com\/travel-to-belarus\/insurance-new\/\" target=\"_blank\" rel=\"noreferrer noopener\">Comment obtenir une assurance.<\/a><br>&#8211; <strong>Demande de visa<\/strong> avec votre photo r\u00e9cente. <a href=\"https:\/\/mfa.gov.by\/en\/visa\/useful\/visa-applications.html\" target=\"_blank\" rel=\"noreferrer noopener nofollow\">T\u00e9l\u00e9charger la demande ici.<\/a><\/p>\n\n\n\n<p>C&#8217;est g\u00e9n\u00e9ralement suffisant pour obtenir un visa touristique pour la Bi\u00e9lorussie.<\/p>\n\n\n\n<p><\/p>\n<\/div><\/div>\n\n\n\n<hr class=\"wp-block-separator has-alpha-channel-opacity\"\/>\n\n\n\n<div class=\"wp-block-group has-vivid-green-cyan-background-color has-background\"><div class=\"wp-block-group__inner-container is-layout-constrained wp-block-group-is-layout-constrained\">\n<p><strong><mark style=\"background-color:rgba(0, 0, 0, 0)\" class=\"has-inline-color has-vivid-purple-color\">Voyage \u00e0 Minsk via Istanbul en avion<\/mark><\/strong><\/p>\n\n\n\n<p>Il n&#8217;y a pas de vols directs depuis les pays europ\u00e9ens vers Minsk. Mais vous pouvez voler vers la Bi\u00e9lorussie via la Turquie, Duba\u00ef, le Kazakhstan, la G\u00e9orgie, l&#8217;Arm\u00e9nie, l&#8217;Azerba\u00efdjan, la Chine, l&#8217;\u00c9gypte. Cependant, Istanbul est le principal point de connexion. Il est probable que vous ne verrez m\u00eame pas Minsk comme destination sur le site des billets d&#8217;avion.<\/p>\n\n\n\n<p>Il n&#8217;y a qu&#8217;une seule compagnie qui propose des vols directs d&#8217;Istanbul \u00e0 Minsk et retour &#8211; la compagnie a\u00e9rienne nationale bi\u00e9lorusse Belavia. Vous pouvez acheter des billets Istanbul-Minsk-Istanbul directement sur le site&nbsp;<a href=\"https:\/\/Belavia.by\" target=\"_blank\" rel=\"noreferrer noopener nofollow\">https:\/\/Belavia.by.<\/a> Parfois, le paiement peut \u00eatre refus\u00e9 par votre banque (dans le cadre des sanctions contre la Bi\u00e9lorussie), nous vous recommandons alors d&#8217;acheter les billets sur le site kupibilet.ru (il est enregistr\u00e9 \u00e0 Duba\u00ef, donc les banques de l&#8217;UE autorisent le paiement) ou via l&#8217;application kupibilet.<\/p>\n\n\n\n<p><a href=\"https:\/\/www.ladyfrombelarus.com\/how-to-buy-belavia-ticket-if-your-bank-doesnt-approve-the-payment-because-of-sanctions\/\" target=\"_blank\" rel=\"noreferrer noopener\">Comment acheter un billet Belavia si votre banque bloque le paiement en raison des sanctions<\/a><\/p>\n<\/div><\/div>\n\n\n\n<hr class=\"wp-block-separator has-alpha-channel-opacity\"\/>\n\n\n\n<div class=\"wp-block-group has-pale-cyan-blue-background-color has-background\"><div class=\"wp-block-group__inner-container is-layout-constrained wp-block-group-is-layout-constrained\">\n<h3 class=\"wp-block-heading\"><strong><mark style=\"background-color:rgba(0, 0, 0, 0)\" class=\"has-inline-color has-vivid-purple-color\">Voyage \u00e0 Minsk via Vilnius (vol + bus)<\/mark><\/strong><\/h3>\n\n\n\n<p>Il existe une autre fa\u00e7on de se rendre en Bi\u00e9lorussie. <strong>Vous pouvez voler \u00e0 Varsovie, en Pologne, ou \u00e0 Vilnius, en Lituanie, puis prendre un bus pour Minsk. <\/strong>Vilnius est pr\u00e9f\u00e9rable, car il n&#8217;y a que 180 km de Vilnius \u00e0 Minsk.<\/p>\n\n\n\n<p>Bien s\u00fbr, il peut y avoir une file d&#8217;attente \u00e0 la fronti\u00e8re. Par cons\u00e9quent, il est important de voyager en bus r\u00e9gulier, qui circule selon un horaire. En g\u00e9n\u00e9ral, ils passent la fronti\u00e8re plus rapidement et le voyage entier ne prend pas plus de 5 heures.<\/p>\n\n\n\n<p>Vous pouvez trouver l&#8217;horaire des bus sur <a href=\"https:\/\/omio.com\" target=\"_blank\" rel=\"noreferrer noopener nofollow\">omio.com<\/a>  o <a href=\"https:\/\/www.autobusubilietai.lt\/en\/\" target=\"_blank\" rel=\"noreferrer noopener nofollow\">https:\/\/www.autobusubilietai.lt\/en\/  <\/a>Nous recommandons de voyager avec Eurolines ou Toks de Vilnius \u00e0 Minsk et avec Minsktrans de Minsk \u00e0 Vilnius. Lorsque vous achetez les billets, s\u00e9lectionnez comme point de d\u00e9part exactement l&#8217;a\u00e9roport de Vilnius, pas la gare routi\u00e8re de la ville de Vilnius. Cela rendra votre voyage encore plus pratique.<\/p>\n\n\n\n<p>Pour le moment, nous ne recommandons pas de voyager en voiture\/transfert priv\u00e9 \u00e0 travers la fronti\u00e8re, ainsi que les itin\u00e9raires depuis la Pologne. C&#8217;est possible, mais il peut y avoir une longue file d&#8217;attente \u00e0 la fronti\u00e8re. C&#8217;est impr\u00e9visible. C&#8217;est pourquoi nous recommandons d&#8217;utiliser un bus r\u00e9gulier pour entrer en Bi\u00e9lorussie, ils vont dans une file s\u00e9par\u00e9e et peuvent g\u00e9n\u00e9ralement avoir un retard maximum de 1 \u00e0 2 heures selon l&#8217;horaire.<\/p>\n<\/div><\/div>\n\n\n\n<hr class=\"wp-block-separator has-alpha-channel-opacity\"\/>\n\n\n\n<div class=\"wp-block-group has-vivid-green-cyan-background-color has-background\"><div class=\"wp-block-group__inner-container is-layout-constrained wp-block-group-is-layout-constrained\">\n<h3 class=\"wp-block-heading\"><strong><mark style=\"background-color:rgba(0, 0, 0, 0)\" class=\"has-inline-color has-vivid-purple-color\">Utilisation de Visa\/Mastercard en Bi\u00e9lorussie<\/mark><\/strong><\/h3>\n\n\n\n<p>La plupart des cartes Visa et Mastercard \u00e9mises aux \u00c9tats-Unis et dans l&#8217;UE fonctionnent en Bi\u00e9lorussie. Cependant, il peut y avoir des cas o\u00f9 les transactions sont refus\u00e9es. Cela peut se produire pour deux raisons principales :<\/p>\n\n\n\n<p>1. Le prestataire de services peut utiliser une banque sous sanctions et n&#8217;accepte pas les cartes \u00e9trang\u00e8res.<br>2. Votre propre banque peut bloquer les transactions vers la Bi\u00e9lorussie.<\/p>\n\n\n\n<p>Donc,<\/p>\n\n\n\n<p><strong>Apportez des esp\u00e8ces :<\/strong> Il est conseill\u00e9 de transporter des esp\u00e8ces en euros ou en dollars am\u00e9ricains pour la majorit\u00e9 de vos d\u00e9penses. Il vaut mieux avoir des esp\u00e8ces suppl\u00e9mentaires que de se retrouver dans l&#8217;incapacit\u00e9 de payer des \u00e9l\u00e9ments essentiels comme l&#8217;h\u00e9bergement \u00e0 l&#8217;h\u00f4tel.<br><strong>Utilisez des billets neufs : <\/strong>Assurez-vous que l&#8217;argent que vous apportez se compose de billets neufs, car les banques bi\u00e9lorusses n&#8217;acceptent pas les anciens.<\/p>\n<\/div><\/div>\n\n\n\n<hr class=\"wp-block-separator has-alpha-channel-opacity\"\/>\n\n\n\n<p>Si vous pr\u00e9voyez un voyage en Bi\u00e9lorussie et que vous avez d&#8217;autres questions, n&#8217;h\u00e9sitez pas \u00e0 contacter l&#8217;agence. Nous serons ravis de vous voir bient\u00f4t \u00e0 Minsk.<\/p>\n","protected":false},"excerpt":{"rendered":"Voyage en Bi\u00e9lorussie (\u00e0 jour en F\u00e9vrier 2026) Visa Actuellement, la Bi\u00e9lorussie est un pays ouvert et paisible, comme elle l&#8217;\u00e9tait il y a quelques ann\u00e9es. D\u00e9tails maintenant Entr\u00e9e sans visa pour les Europ\u00e9ens Nous offrons une entr\u00e9e sans visa pour les citoyens de 35 pays europ\u00e9ens via tout point de contr\u00f4le international (fronti\u00e8re terrestre &hellip; <p class=\"link-more\"><a href=\"https:\/\/www.ladyfrombelarus.com\/fr\/travel-to-belarus\/\" class=\"more-link\">Continuer la lecture<span class=\"screen-reader-text\"> de &laquo;&nbsp;Travel to Belarus (current as of February 2026)&nbsp;&raquo;<\/span><\/a><\/p>","protected":false},"author":1,"featured_media":12029,"parent":0,"menu_order":0,"comment_status":"closed","ping_status":"closed","template":"","meta":{"footnotes":""},"class_list":["post-349","page","type-page","status-publish","has-post-thumbnail","hentry"],"translation":{"provider":"WPGlobus","version":"3.0.2","language":"fr","enabled_languages":["en","de","fr","it","es"],"languages":{"en":{"title":true,"content":true,"excerpt":false},"de":{"title":false,"content":true,"excerpt":false},"fr":{"title":false,"content":true,"excerpt":false},"it":{"title":false,"content":true,"excerpt":false},"es":{"title":false,"content":true,"excerpt":false}}},"yoast_head":"<!-- This site is optimized with the Yoast SEO plugin v27.4 - https:\/\/yoast.com\/product\/yoast-seo-wordpress\/ -->\n<title>Travel to Belarus (current as of February 2026) &#8902; Agence de mariage Ladyfrombelarus<\/title>\n<meta name=\"robots\" content=\"index, follow, max-snippet:-1, max-image-preview:large, max-video-preview:-1\" \/>\n<link rel=\"canonical\" href=\"https:\/\/www.ladyfrombelarus.com\/travel-to-belarus\/\" \/>\n<meta property=\"og:locale\" content=\"fr_FR\" \/>\n<meta property=\"og:type\" content=\"article\" \/>\n<meta property=\"og:title\" content=\"Travel to Belarus (current as of February 2026) &#8902; Agence de mariage Ladyfrombelarus\" \/>\n<meta property=\"og:url\" content=\"https:\/\/www.ladyfrombelarus.com\/travel-to-belarus\/\" \/>\n<meta property=\"og:site_name\" content=\"Agence de mariage Ladyfrombelarus\" \/>\n<meta property=\"article:publisher\" content=\"https:\/\/www.facebook.com\/ladyfrombelarus\/\" \/>\n<meta property=\"article:modified_time\" content=\"2026-02-24T12:25:16+00:00\" \/>\n<meta property=\"og:image\" content=\"https:\/\/www.ladyfrombelarus.com\/wp-content\/uploads\/2018\/08\/StockSnap_7RIJC46ZER-1024x658.jpg\" \/>\n\t<meta property=\"og:image:width\" content=\"1024\" \/>\n\t<meta property=\"og:image:height\" content=\"658\" \/>\n\t<meta property=\"og:image:type\" content=\"image\/jpeg\" \/>\n<meta name=\"twitter:card\" content=\"summary_large_image\" \/>\n<meta name=\"twitter:label1\" content=\"Dur\u00e9e de lecture estim\u00e9e\" \/>\n\t<meta name=\"twitter:data1\" content=\"6 minutes\" \/>\n<script type=\"application\/ld+json\" class=\"yoast-schema-graph\">{\"@context\":\"https:\\\/\\\/schema.org\",\"@graph\":[{\"@type\":\"WebPage\",\"@id\":\"https:\\\/\\\/www.ladyfrombelarus.com\\\/travel-to-belarus\\\/\",\"url\":\"https:\\\/\\\/www.ladyfrombelarus.com\\\/travel-to-belarus\\\/\",\"name\":\"Travel to Belarus (current as of February 2026) &#8902; Agence de mariage Ladyfrombelarus\",\"isPartOf\":{\"@id\":\"https:\\\/\\\/www.ladyfrombelarus.com\\\/#website\"},\"primaryImageOfPage\":{\"@id\":\"https:\\\/\\\/www.ladyfrombelarus.com\\\/travel-to-belarus\\\/#primaryimage\"},\"image\":{\"@id\":\"https:\\\/\\\/www.ladyfrombelarus.com\\\/travel-to-belarus\\\/#primaryimage\"},\"thumbnailUrl\":\"https:\\\/\\\/www.ladyfrombelarus.com\\\/wp-content\\\/uploads\\\/2018\\\/08\\\/StockSnap_7RIJC46ZER.jpg\",\"datePublished\":\"2009-04-13T17:38:40+00:00\",\"dateModified\":\"2026-02-24T12:25:16+00:00\",\"breadcrumb\":{\"@id\":\"https:\\\/\\\/www.ladyfrombelarus.com\\\/travel-to-belarus\\\/#breadcrumb\"},\"inLanguage\":\"fr-FR\",\"potentialAction\":[{\"@type\":\"ReadAction\",\"target\":[\"https:\\\/\\\/www.ladyfrombelarus.com\\\/travel-to-belarus\\\/\"]}]},{\"@type\":\"ImageObject\",\"inLanguage\":\"fr-FR\",\"@id\":\"https:\\\/\\\/www.ladyfrombelarus.com\\\/travel-to-belarus\\\/#primaryimage\",\"url\":\"https:\\\/\\\/www.ladyfrombelarus.com\\\/wp-content\\\/uploads\\\/2018\\\/08\\\/StockSnap_7RIJC46ZER.jpg\",\"contentUrl\":\"https:\\\/\\\/www.ladyfrombelarus.com\\\/wp-content\\\/uploads\\\/2018\\\/08\\\/StockSnap_7RIJC46ZER.jpg\",\"width\":2709,\"height\":1742,\"caption\":\"StockSnap 7RIJC46ZER\"},{\"@type\":\"BreadcrumbList\",\"@id\":\"https:\\\/\\\/www.ladyfrombelarus.com\\\/travel-to-belarus\\\/#breadcrumb\",\"itemListElement\":[{\"@type\":\"ListItem\",\"position\":1,\"name\":\"Home\",\"item\":\"https:\\\/\\\/www.ladyfrombelarus.com\\\/\"},{\"@type\":\"ListItem\",\"position\":2,\"name\":\"Travel to Belarus (current as of February 2026)\"}]},{\"@type\":\"WebSite\",\"@id\":\"https:\\\/\\\/www.ladyfrombelarus.com\\\/#website\",\"url\":\"https:\\\/\\\/www.ladyfrombelarus.com\\\/\",\"name\":\"{:en}Ladyfrombelarus Marriage agency {:}{:de}Osteurop\u00e4ische Partnervermittlung LadyfromBelarus{:}{:fr}Agence de mariage Ladyfrombelarus{:}{:it}Agenzia di matrimonio Ladyfrombelarus{:}{:es}Agencia matrimonial Ladyfrombelarus{:}\",\"description\":\"L&#039;agence de mariage, cr\u00e9\u00e9e en 1998. Nous pr\u00e9sentons des femmes c\u00e9libataires de Bi\u00e9lorussie aux hommes europ\u00e9ens\",\"publisher\":{\"@id\":\"https:\\\/\\\/www.ladyfrombelarus.com\\\/#organization\"},\"potentialAction\":[{\"@type\":\"SearchAction\",\"target\":{\"@type\":\"EntryPoint\",\"urlTemplate\":\"https:\\\/\\\/www.ladyfrombelarus.com\\\/?s={search_term_string}\"},\"query-input\":{\"@type\":\"PropertyValueSpecification\",\"valueRequired\":true,\"valueName\":\"search_term_string\"}}],\"inLanguage\":\"fr-FR\"},{\"@type\":\"Organization\",\"@id\":\"https:\\\/\\\/www.ladyfrombelarus.com\\\/#organization\",\"name\":\"marriage agency Ladyfrombelarus\",\"url\":\"https:\\\/\\\/www.ladyfrombelarus.com\\\/\",\"logo\":{\"@type\":\"ImageObject\",\"inLanguage\":\"fr-FR\",\"@id\":\"https:\\\/\\\/www.ladyfrombelarus.com\\\/#\\\/schema\\\/logo\\\/image\\\/\",\"url\":\"https:\\\/\\\/www.ladyfrombelarus.com\\\/wp-content\\\/uploads\\\/2019\\\/09\\\/cropped-LOGO_wide.png\",\"contentUrl\":\"https:\\\/\\\/www.ladyfrombelarus.com\\\/wp-content\\\/uploads\\\/2019\\\/09\\\/cropped-LOGO_wide.png\",\"width\":512,\"height\":512,\"caption\":\"marriage agency Ladyfrombelarus\"},\"image\":{\"@id\":\"https:\\\/\\\/www.ladyfrombelarus.com\\\/#\\\/schema\\\/logo\\\/image\\\/\"},\"sameAs\":[\"https:\\\/\\\/www.facebook.com\\\/ladyfrombelarus\\\/\",\"https:\\\/\\\/www.instagram.com\\\/ladyfrombelarus\\\/\",\"https:\\\/\\\/www.youtube.com\\\/user\\\/agency4marriage\"]}]}<\/script>\n<!-- \/ Yoast SEO plugin. -->","yoast_head_json":{"title":"Travel to Belarus (current as of February 2026) &#8902; Agence de mariage Ladyfrombelarus","robots":{"index":"index","follow":"follow","max-snippet":"max-snippet:-1","max-image-preview":"max-image-preview:large","max-video-preview":"max-video-preview:-1"},"canonical":"https:\/\/www.ladyfrombelarus.com\/travel-to-belarus\/","og_locale":"fr_FR","og_type":"article","og_title":"Travel to Belarus (current as of February 2026) &#8902; Agence de mariage Ladyfrombelarus","og_url":"https:\/\/www.ladyfrombelarus.com\/travel-to-belarus\/","og_site_name":"Agence de mariage Ladyfrombelarus","article_publisher":"https:\/\/www.facebook.com\/ladyfrombelarus\/","article_modified_time":"2026-02-24T12:25:16+00:00","og_image":[{"width":1024,"height":658,"url":"https:\/\/www.ladyfrombelarus.com\/wp-content\/uploads\/2018\/08\/StockSnap_7RIJC46ZER-1024x658.jpg","type":"image\/jpeg"}],"twitter_card":"summary_large_image","twitter_misc":{"Dur\u00e9e de lecture estim\u00e9e":"6 minutes"},"schema":{"@context":"https:\/\/schema.org","@graph":[{"@type":"WebPage","@id":"https:\/\/www.ladyfrombelarus.com\/travel-to-belarus\/","url":"https:\/\/www.ladyfrombelarus.com\/travel-to-belarus\/","name":"Travel to Belarus (current as of February 2026) &#8902; Agence de mariage Ladyfrombelarus","isPartOf":{"@id":"https:\/\/www.ladyfrombelarus.com\/#website"},"primaryImageOfPage":{"@id":"https:\/\/www.ladyfrombelarus.com\/travel-to-belarus\/#primaryimage"},"image":{"@id":"https:\/\/www.ladyfrombelarus.com\/travel-to-belarus\/#primaryimage"},"thumbnailUrl":"https:\/\/www.ladyfrombelarus.com\/wp-content\/uploads\/2018\/08\/StockSnap_7RIJC46ZER.jpg","datePublished":"2009-04-13T17:38:40+00:00","dateModified":"2026-02-24T12:25:16+00:00","breadcrumb":{"@id":"https:\/\/www.ladyfrombelarus.com\/travel-to-belarus\/#breadcrumb"},"inLanguage":"fr-FR","potentialAction":[{"@type":"ReadAction","target":["https:\/\/www.ladyfrombelarus.com\/travel-to-belarus\/"]}]},{"@type":"ImageObject","inLanguage":"fr-FR","@id":"https:\/\/www.ladyfrombelarus.com\/travel-to-belarus\/#primaryimage","url":"https:\/\/www.ladyfrombelarus.com\/wp-content\/uploads\/2018\/08\/StockSnap_7RIJC46ZER.jpg","contentUrl":"https:\/\/www.ladyfrombelarus.com\/wp-content\/uploads\/2018\/08\/StockSnap_7RIJC46ZER.jpg","width":2709,"height":1742,"caption":"StockSnap 7RIJC46ZER"},{"@type":"BreadcrumbList","@id":"https:\/\/www.ladyfrombelarus.com\/travel-to-belarus\/#breadcrumb","itemListElement":[{"@type":"ListItem","position":1,"name":"Home","item":"https:\/\/www.ladyfrombelarus.com\/"},{"@type":"ListItem","position":2,"name":"Travel to Belarus (current as of February 2026)"}]},{"@type":"WebSite","@id":"https:\/\/www.ladyfrombelarus.com\/#website","url":"https:\/\/www.ladyfrombelarus.com\/","name":"{:en}Ladyfrombelarus Marriage agency {:}{:de}Osteurop\u00e4ische Partnervermittlung LadyfromBelarus{:}{:fr}Agence de mariage Ladyfrombelarus{:}{:it}Agenzia di matrimonio Ladyfrombelarus{:}{:es}Agencia matrimonial Ladyfrombelarus{:}","description":"L&#039;agence de mariage, cr\u00e9\u00e9e en 1998. Nous pr\u00e9sentons des femmes c\u00e9libataires de Bi\u00e9lorussie aux hommes europ\u00e9ens","publisher":{"@id":"https:\/\/www.ladyfrombelarus.com\/#organization"},"potentialAction":[{"@type":"SearchAction","target":{"@type":"EntryPoint","urlTemplate":"https:\/\/www.ladyfrombelarus.com\/?s={search_term_string}"},"query-input":{"@type":"PropertyValueSpecification","valueRequired":true,"valueName":"search_term_string"}}],"inLanguage":"fr-FR"},{"@type":"Organization","@id":"https:\/\/www.ladyfrombelarus.com\/#organization","name":"marriage agency Ladyfrombelarus","url":"https:\/\/www.ladyfrombelarus.com\/","logo":{"@type":"ImageObject","inLanguage":"fr-FR","@id":"https:\/\/www.ladyfrombelarus.com\/#\/schema\/logo\/image\/","url":"https:\/\/www.ladyfrombelarus.com\/wp-content\/uploads\/2019\/09\/cropped-LOGO_wide.png","contentUrl":"https:\/\/www.ladyfrombelarus.com\/wp-content\/uploads\/2019\/09\/cropped-LOGO_wide.png","width":512,"height":512,"caption":"marriage agency Ladyfrombelarus"},"image":{"@id":"https:\/\/www.ladyfrombelarus.com\/#\/schema\/logo\/image\/"},"sameAs":["https:\/\/www.facebook.com\/ladyfrombelarus\/","https:\/\/www.instagram.com\/ladyfrombelarus\/","https:\/\/www.youtube.com\/user\/agency4marriage"]}]}},"_links":{"self":[{"href":"https:\/\/www.ladyfrombelarus.com\/fr\/wp-json\/wp\/v2\/pages\/349","targetHints":{"allow":["GET"]}}],"collection":[{"href":"https:\/\/www.ladyfrombelarus.com\/fr\/wp-json\/wp\/v2\/pages"}],"about":[{"href":"https:\/\/www.ladyfrombelarus.com\/fr\/wp-json\/wp\/v2\/types\/page"}],"author":[{"embeddable":true,"href":"https:\/\/www.ladyfrombelarus.com\/fr\/wp-json\/wp\/v2\/users\/1"}],"replies":[{"embeddable":true,"href":"https:\/\/www.ladyfrombelarus.com\/fr\/wp-json\/wp\/v2\/comments?post=349"}],"version-history":[{"count":196,"href":"https:\/\/www.ladyfrombelarus.com\/fr\/wp-json\/wp\/v2\/pages\/349\/revisions"}],"predecessor-version":[{"id":15886,"href":"https:\/\/www.ladyfrombelarus.com\/fr\/wp-json\/wp\/v2\/pages\/349\/revisions\/15886"}],"wp:featuredmedia":[{"embeddable":true,"href":"https:\/\/www.ladyfrombelarus.com\/fr\/wp-json\/wp\/v2\/media\/12029"}],"wp:attachment":[{"href":"https:\/\/www.ladyfrombelarus.com\/fr\/wp-json\/wp\/v2\/media?parent=349"}],"curies":[{"name":"wp","href":"https:\/\/api.w.org\/{rel}","templated":true}]}}