{"id":12847,"date":"2019-08-05T14:20:06","date_gmt":"2019-08-05T12:20:06","guid":{"rendered":"https:\/\/www.ladyfrombelarus.com\/?page_id=12847"},"modified":"2023-12-07T18:49:35","modified_gmt":"2023-12-07T16:49:35","slug":"process","status":"publish","type":"page","link":"https:\/\/www.ladyfrombelarus.com\/it\/process\/","title":{"rendered":"LA NOSTRA PROCEDURA"},"content":{"rendered":"<\/p>\n\n\n<p>La nostra procedura inizia con il conoscervi. Potete inviarci un\u2019e-mail o compilare la richiesta sul nostro sito web o scrivere a uno dei nostri messengger per iniziare.<\/p>\n\n\n\n<p>Poi, utilizzando la nostra esperienza acquisita negli ultimi 25 anni, creiamo un\u2019esperienza di conoscenze personalizzata solo per voi.&nbsp; Perch\u00e9, dopo tutto, incontrare qualcuno \u00e8 l\u2019unico modo per vedere se le scintille volano.<\/p>\n\n\n\n<div class=\"wp-block-columns has-2-columns is-layout-flex wp-container-core-columns-is-layout-9d6595d7 wp-block-columns-is-layout-flex\">\n<div class=\"wp-block-column is-layout-flow wp-block-column-is-layout-flow\">\n<h4 class=\"wp-block-heading\">1. Raccontateci di voi <\/h4>\n\n\n\n<p>Potete compilare una domanda sul nostro sito web (pi\u00f9 dettagliata \u00e8, meglio \u00e8), oppure potete inviare un\u2019e-mail dettagliata o raccontare tutto durante la conversazione.<\/p>\n\n\n\n<p>Se preferite compilare una domanda, \u00e8 una cosa normale. Se volete parlare con noi, vi preghiamo di scriverci e parleremo con voi su Skype.<\/p>\n\n\n\n<p>Pi\u00f9 dettagliatamente viene compilata la vostra domanda, piu` buona la qualit\u00e0 delle vostre foto, e` pi\u00f9 efficace sar\u00e0 il risultato che vi aspetter\u00e0 nella seconda fase.<\/p>\n\n\n\n<p>A questo punto, chiederemo anche il passaporto per confermare che sei una persona reale. In questa fase, vi chiederemo anche il passaporto per confermare che siete una persona reale.<\/p>\n<\/div>\n\n\n\n<div class=\"wp-block-column is-layout-flow wp-block-column-is-layout-flow\">\n<figure class=\"wp-block-image\"><img fetchpriority=\"high\" decoding=\"async\" width=\"1024\" height=\"1024\" src=\"https:\/\/www.ladyfrombelarus.com\/wp-content\/uploads\/2019\/08\/1_fill-in-the-application-1024x1024.jpg\" alt=\"\" class=\"wp-image-12867\" srcset=\"https:\/\/www.ladyfrombelarus.com\/wp-content\/uploads\/2019\/08\/1_fill-in-the-application-1024x1024.jpg 1024w, https:\/\/www.ladyfrombelarus.com\/wp-content\/uploads\/2019\/08\/1_fill-in-the-application-150x150.jpg 150w, https:\/\/www.ladyfrombelarus.com\/wp-content\/uploads\/2019\/08\/1_fill-in-the-application-300x300.jpg 300w, https:\/\/www.ladyfrombelarus.com\/wp-content\/uploads\/2019\/08\/1_fill-in-the-application-768x768.jpg 768w, https:\/\/www.ladyfrombelarus.com\/wp-content\/uploads\/2019\/08\/1_fill-in-the-application-100x100.jpg 100w, https:\/\/www.ladyfrombelarus.com\/wp-content\/uploads\/2019\/08\/1_fill-in-the-application.jpg 1080w\" sizes=\"(max-width: 706px) 89vw, (max-width: 767px) 82vw, 740px\" \/><\/figure>\n<\/div>\n<\/div>\n\n\n\n<div class=\"wp-block-columns has-2-columns is-layout-flex wp-container-core-columns-is-layout-9d6595d7 wp-block-columns-is-layout-flex\">\n<div class=\"wp-block-column is-layout-flow wp-block-column-is-layout-flow\">\n<p> <\/p>\n\n\n\n<figure class=\"wp-block-image\"><img decoding=\"async\" width=\"300\" height=\"300\" src=\"https:\/\/www.ladyfrombelarus.com\/wp-content\/uploads\/2019\/08\/2_select-the-ladies-300x300.jpg\" alt=\"\" class=\"wp-image-12871\" srcset=\"https:\/\/www.ladyfrombelarus.com\/wp-content\/uploads\/2019\/08\/2_select-the-ladies-300x300.jpg 300w, https:\/\/www.ladyfrombelarus.com\/wp-content\/uploads\/2019\/08\/2_select-the-ladies-150x150.jpg 150w, https:\/\/www.ladyfrombelarus.com\/wp-content\/uploads\/2019\/08\/2_select-the-ladies-768x768.jpg 768w, https:\/\/www.ladyfrombelarus.com\/wp-content\/uploads\/2019\/08\/2_select-the-ladies-1024x1024.jpg 1024w, https:\/\/www.ladyfrombelarus.com\/wp-content\/uploads\/2019\/08\/2_select-the-ladies-100x100.jpg 100w, https:\/\/www.ladyfrombelarus.com\/wp-content\/uploads\/2019\/08\/2_select-the-ladies.jpg 1080w\" sizes=\"(max-width: 300px) 100vw, 300px\" \/><\/figure>\n<\/div>\n\n\n\n<div class=\"wp-block-column is-layout-flow wp-block-column-is-layout-flow\">\n<h4 class=\"wp-block-heading\"> 2. La scelta delle ragazze<\/h4>\n\n\n\n<p>Credo che la prima scelta dovrebbe essere fatta dall\u2019uomo. Scegliete le 20-30 ragazze che vi piacciono di pi\u00f9 sul nostro sito web in modo che possiamo avere un\u2019idea delle vostre aspettative.<\/p>\n\n\n\n<p>Invieremo il vostro profilo alle donne di vostra scelta per vedere se c\u2019\u00e8 una corrispondenza tra le vostre aspettative e il vostro profilo.<\/p>\n\n\n\n<p>Le donne ci rispondono entro 2-5 giorni. Di solito e` una specie della tabella con le risposte s\u00ec\/no.<\/p>\n\n\n\n<p>Quando avremo le risposte, potremmo iniziare a fissare i video-incontri con le signore che hanno espresso interesse nei tuoi confronti.<\/p>\n\n\n\n<p>Il 50% delle risposte positive \u00e8 un buon indicatore, significa che puoi trovare il tuo altro significativo tra quelli che ti attraggono e avrai bisogno dell&#8217;aiuto dell&#8217;agenzia solo per l&#8217;organizzazione di questi incontri.<\/p>\n<\/div>\n<\/div>\n\n\n\n<div class=\"wp-block-columns has-2-columns is-layout-flex wp-container-core-columns-is-layout-9d6595d7 wp-block-columns-is-layout-flex\">\n<div class=\"wp-block-column is-layout-flow wp-block-column-is-layout-flow\">\n<h4 class=\"wp-block-heading\">3. Consulenza<\/h4>\n\n\n\n<p>Se non avete abbastanza risposte positive, significa che le vostre aspettative sono un po\u2019 alte.<\/p>\n\n\n\n<p>Dovrete migliorare il vostro profilo o scegliere le donne di un\u2019altra categoria di et\u00e0\/professionale. In questa fase potete usufruire del nostro aiuto.<\/p>\n\n\n\n<p>Oppure possiamo aiutarti a scegliere le donne secondo i tuoi criteri principali.<\/p>\n\n\n\n<p>Conosciamo personalmente la maggior parte delle nostre donne non solo sulla carta ma anche nella vita reale grazie alla nostra comunicazione regolare con loro.<\/p>\n\n\n\n<p>Possiamo preselezionare le signore della nostra agenzia che potenzialmente potrebbero essere felici di conoscerti per ottenere risposte positive e inviarti in pi\u00f9 giorni l&#8217;elenco di coloro che sono interessati a te.<\/p>\n\n\n\n<p>Come sai, questo tipo di servizio costa centinaia e migliaia in altre agenzie. Ma nella nostra agenzia potete ottenere un tale servizio gratuitamente, quindi non perdere l\u2019occasione.<\/p>\n<\/div>\n\n\n\n<div class=\"wp-block-column is-layout-flow wp-block-column-is-layout-flow\">\n<figure class=\"wp-block-image\"><img decoding=\"async\" width=\"300\" height=\"300\" src=\"https:\/\/www.ladyfrombelarus.com\/wp-content\/uploads\/2019\/08\/3_matchmaking-300x300.jpg\" alt=\"\" class=\"wp-image-12877\" srcset=\"https:\/\/www.ladyfrombelarus.com\/wp-content\/uploads\/2019\/08\/3_matchmaking-300x300.jpg 300w, https:\/\/www.ladyfrombelarus.com\/wp-content\/uploads\/2019\/08\/3_matchmaking-150x150.jpg 150w, https:\/\/www.ladyfrombelarus.com\/wp-content\/uploads\/2019\/08\/3_matchmaking-768x768.jpg 768w, https:\/\/www.ladyfrombelarus.com\/wp-content\/uploads\/2019\/08\/3_matchmaking-1024x1024.jpg 1024w, https:\/\/www.ladyfrombelarus.com\/wp-content\/uploads\/2019\/08\/3_matchmaking-100x100.jpg 100w, https:\/\/www.ladyfrombelarus.com\/wp-content\/uploads\/2019\/08\/3_matchmaking.jpg 1080w\" sizes=\"(max-width: 300px) 100vw, 300px\" \/><\/figure>\n<\/div>\n<\/div>\n\n\n\n<div class=\"wp-block-columns has-2-columns is-layout-flex wp-container-core-columns-is-layout-9d6595d7 wp-block-columns-is-layout-flex\">\n<div class=\"wp-block-column is-layout-flow wp-block-column-is-layout-flow\">\n<figure class=\"wp-block-image\"><img loading=\"lazy\" decoding=\"async\" width=\"300\" height=\"300\" src=\"https:\/\/www.ladyfrombelarus.com\/wp-content\/uploads\/2019\/08\/4_feedback-table-300x300.jpg\" alt=\"\" class=\"wp-image-12879\" srcset=\"https:\/\/www.ladyfrombelarus.com\/wp-content\/uploads\/2019\/08\/4_feedback-table-300x300.jpg 300w, https:\/\/www.ladyfrombelarus.com\/wp-content\/uploads\/2019\/08\/4_feedback-table-150x150.jpg 150w, https:\/\/www.ladyfrombelarus.com\/wp-content\/uploads\/2019\/08\/4_feedback-table-768x768.jpg 768w, https:\/\/www.ladyfrombelarus.com\/wp-content\/uploads\/2019\/08\/4_feedback-table-1024x1024.jpg 1024w, https:\/\/www.ladyfrombelarus.com\/wp-content\/uploads\/2019\/08\/4_feedback-table-100x100.jpg 100w, https:\/\/www.ladyfrombelarus.com\/wp-content\/uploads\/2019\/08\/4_feedback-table.jpg 1080w\" sizes=\"(max-width: 300px) 100vw, 300px\" \/><\/figure>\n<\/div>\n\n\n\n<div class=\"wp-block-column is-layout-flow wp-block-column-is-layout-flow\">\n<h4 class=\"wp-block-heading\">4. Incontri<\/h4>\n\n\n\n<p>Lo scopo dei 2 passaggi precedenti \u00e8 raccogliere diverse risposte positive dalle signore e iniziare a fissare gli incontri.<\/p>\n\n\n\n<p>Sappiamo che i nostri clienti sono per lo pi\u00f9 persone molto impegnate e che il tempo \u00e8 denaro. Ecco perch\u00e9 il video-incontro \u00e8 utile.<\/p>\n\n\n\n<p>Lo scopo dei video-incontri \u00e8 vedere una signora, parlare con lei, fare le domande principali e avere la prima impressione. In caso di reciproco interesse potete concordare la continuazione della comunicazione diretta. Sentiti libero di scambiare le informazioni di contatto su un incontro, ma se dimentichi di chiedere i contatti diretti di una signora te li daremo.<\/p>\n\n\n\n<p>Di solito, consigliamo di chattare con 7-10 donne in quanto, secondo la nostra esperienza, rende la tua ricerca pi\u00f9 efficiente e aumenta le possibilit\u00e0 di incontrare quella giusta.<\/p>\n\n\n\n<p>Nel caso tu possa venire in Bielorussia nel prossimo futuro e desideri incontrare le donne di persona, saremo lieti di organizzare incontri personali. Di solito si svolge nel nostro ufficio, per questo abbiamo le stanze separate.<\/p>\n\n\n\n<p>Vi offriamo una tazza di caff\u00e8 o t\u00e8 e cercheremo di creare un\u2019atmosfera che vi far\u00e0 conoscere la ragazza nel miglior modo possibile. Potete passare questo tempo nella stanza o invitare la donna fuori a prendere un caff\u00e8 o pranzare.<\/p>\n<\/div>\n<\/div>\n\n\n\n<div class=\"wp-block-columns has-2-columns is-layout-flex wp-container-core-columns-is-layout-9d6595d7 wp-block-columns-is-layout-flex\">\n<div class=\"wp-block-column is-layout-flow wp-block-column-is-layout-flow\">\n<h4 class=\"wp-block-heading\">5. Ulteriori comunicazioni<\/h4>\n\n\n\n<p>Ti consigliamo di mantenere la comunicazione con tutte le donne che hai incontrato tramite video o di persona.<\/p>\n\n\n\n<p>Alla fine, dopo aver comunicato online con le donne per un po&#8217;, dovresti pensare di incontrarla offline. Qui saremo lieti di aiutare anche te e fissare il primo vero appuntamento presso la nostra sede.<\/p>\n\n\n\n<p>Se volete, possiamo consigliarvi un caff\u00e8 o un ristorante accogliente o prenotare un tavolo.<\/p>\n\n\n\n<p>Se siete aperti agli incontri creativi, come il pattinaggio o l\u2019equitazione, un viaggio romantico nei castelli bielorussi \u2013 sentitevi liberi di organizzarli, siamo sempre pronti a sostenere le idee interessanti.<\/p>\n\n\n\n<p>Oppure puoi semplicemente organizzare il tuo primo vero appuntamento da solo da qualche parte in citt\u00e0.<\/p>\n<\/div>\n\n\n\n<div class=\"wp-block-column is-layout-flow wp-block-column-is-layout-flow\">\n<figure class=\"wp-block-image\"><img loading=\"lazy\" decoding=\"async\" width=\"1024\" height=\"1024\" src=\"https:\/\/www.ladyfrombelarus.com\/wp-content\/uploads\/2019\/08\/5_real-meeting-1024x1024.jpg\" alt=\"\" class=\"wp-image-12881\" srcset=\"https:\/\/www.ladyfrombelarus.com\/wp-content\/uploads\/2019\/08\/5_real-meeting-1024x1024.jpg 1024w, https:\/\/www.ladyfrombelarus.com\/wp-content\/uploads\/2019\/08\/5_real-meeting-150x150.jpg 150w, https:\/\/www.ladyfrombelarus.com\/wp-content\/uploads\/2019\/08\/5_real-meeting-300x300.jpg 300w, https:\/\/www.ladyfrombelarus.com\/wp-content\/uploads\/2019\/08\/5_real-meeting-768x768.jpg 768w, https:\/\/www.ladyfrombelarus.com\/wp-content\/uploads\/2019\/08\/5_real-meeting-100x100.jpg 100w, https:\/\/www.ladyfrombelarus.com\/wp-content\/uploads\/2019\/08\/5_real-meeting.jpg 1080w\" sizes=\"(max-width: 706px) 89vw, (max-width: 767px) 82vw, 740px\" \/><\/figure>\n<\/div>\n<\/div>\n\n\n\n<div class=\"wp-block-columns has-2-columns is-layout-flex wp-container-core-columns-is-layout-9d6595d7 wp-block-columns-is-layout-flex\">\n<div class=\"wp-block-column is-layout-flow wp-block-column-is-layout-flow\">\n<h4 class=\"wp-block-heading\"> Sono nati i sentimenti?  <\/h4>\n\n\n\n<p>Perfetto! Contattateci per farci sapere che darete al vostro nuovo rapporto un po\u2019 di tempo per prosperare.<\/p>\n\n\n\n<p>Naturalmente, non tutti gli incontri si concludono con successo. Ma sappiamo che il nostro approccio alle relazioni ravviver\u00e0 il vostro entusiasmo e l\u2019ottimismo nel trovare qualcuno di speciale.<\/p>\n<\/div>\n\n\n\n<div class=\"wp-block-column is-layout-flow wp-block-column-is-layout-flow\">\n<figure class=\"wp-block-image\"><img loading=\"lazy\" decoding=\"async\" width=\"1024\" height=\"1024\" src=\"https:\/\/www.ladyfrombelarus.com\/wp-content\/uploads\/2019\/08\/7_happy-1024x1024.jpg\" alt=\"\" class=\"wp-image-12884\" srcset=\"https:\/\/www.ladyfrombelarus.com\/wp-content\/uploads\/2019\/08\/7_happy-1024x1024.jpg 1024w, https:\/\/www.ladyfrombelarus.com\/wp-content\/uploads\/2019\/08\/7_happy-150x150.jpg 150w, https:\/\/www.ladyfrombelarus.com\/wp-content\/uploads\/2019\/08\/7_happy-300x300.jpg 300w, https:\/\/www.ladyfrombelarus.com\/wp-content\/uploads\/2019\/08\/7_happy-768x768.jpg 768w, https:\/\/www.ladyfrombelarus.com\/wp-content\/uploads\/2019\/08\/7_happy-100x100.jpg 100w, https:\/\/www.ladyfrombelarus.com\/wp-content\/uploads\/2019\/08\/7_happy.jpg 1080w\" sizes=\"(max-width: 706px) 89vw, (max-width: 767px) 82vw, 740px\" \/><\/figure>\n<\/div>\n<\/div>\n\n\n\n<p>  Scegliendo Ladyfrombelarus, vi aprite al mondo di nuove opportunit\u00e0 che non avreste mai pensato o aspettato.<\/p>\n\n\n\n<p>Dopo 25 anni di aiuto alle persone single di trovarsi, sappiamo che avere qualcuno nella propria squadra che pio` aiutarvi a navigare nel complesso mondo degli incontri nell\u2019Europa orientale \u00e8 il modo pi\u00f9 sicuro per avvicinarsi al vero amore. \u00c8 una grande gioia per noi vedere come le persone si trovano.<\/p>\n\n\n<p>","protected":false},"excerpt":{"rendered":"La nostra procedura inizia con il conoscervi. Potete inviarci un\u2019e-mail o compilare la richiesta sul nostro sito web o scrivere a uno dei nostri messengger per iniziare. Poi, utilizzando la nostra esperienza acquisita negli ultimi 25 anni, creiamo un\u2019esperienza di conoscenze personalizzata solo per voi.&nbsp; Perch\u00e9, dopo tutto, incontrare qualcuno \u00e8 l\u2019unico modo per vedere &hellip; <p class=\"link-more\"><a href=\"https:\/\/www.ladyfrombelarus.com\/it\/process\/\" class=\"more-link\">Leggi tutto<span class=\"screen-reader-text\"> &#8220;LA NOSTRA PROCEDURA&#8221;<\/span><\/a><\/p>","protected":false},"author":1,"featured_media":0,"parent":0,"menu_order":0,"comment_status":"closed","ping_status":"closed","template":"","meta":{"footnotes":""},"class_list":["post-12847","page","type-page","status-publish","hentry"],"translation":{"provider":"WPGlobus","version":"3.0.2","language":"it","enabled_languages":["en","de","fr","it","es"],"languages":{"en":{"title":true,"content":true,"excerpt":false},"de":{"title":true,"content":true,"excerpt":false},"fr":{"title":true,"content":true,"excerpt":false},"it":{"title":true,"content":true,"excerpt":false},"es":{"title":true,"content":true,"excerpt":false}}},"yoast_head":"<!-- This site is optimized with the Yoast SEO plugin v27.4 - https:\/\/yoast.com\/product\/yoast-seo-wordpress\/ -->\n<title>Dating agency in Minsk, Belarus \u2013 site Ladyfrombelarus.com<\/title>\n<meta name=\"description\" content=\"Migliore agenzia di appuntamenti Ladyfrombelarus a Minsk, Bielorussia. 1283 vere donne bielorusse single sul sito. Aiutiamo signori dell&#039;UE, USA, Canada, Australia a conoscere donne single bielorusse per creare una famiglia. 1510 coppie felici negli ultimi 25 anni\" \/>\n<meta name=\"robots\" content=\"index, follow, max-snippet:-1, max-image-preview:large, max-video-preview:-1\" \/>\n<link rel=\"canonical\" href=\"https:\/\/www.ladyfrombelarus.com\/process\/\" \/>\n<meta property=\"og:locale\" content=\"it_IT\" \/>\n<meta property=\"og:type\" content=\"article\" \/>\n<meta property=\"og:title\" content=\"LA NOSTRA PROCEDURA &#8902; Agenzia di matrimonio Ladyfrombelarus\" \/>\n<meta property=\"og:description\" content=\"Migliore agenzia di appuntamenti Ladyfrombelarus a Minsk, Bielorussia. 1283 vere donne bielorusse single sul sito. Aiutiamo signori dell&#039;UE, USA, Canada, Australia a conoscere donne single bielorusse per creare una famiglia. 1510 coppie felici negli ultimi 25 anni\" \/>\n<meta property=\"og:url\" content=\"https:\/\/www.ladyfrombelarus.com\/process\/\" \/>\n<meta property=\"og:site_name\" content=\"Agenzia di matrimonio Ladyfrombelarus\" \/>\n<meta property=\"article:publisher\" content=\"https:\/\/www.facebook.com\/ladyfrombelarus\/\" \/>\n<meta property=\"article:modified_time\" content=\"2023-12-07T16:49:35+00:00\" \/>\n<meta property=\"og:image\" content=\"https:\/\/www.ladyfrombelarus.com\/wp-content\/uploads\/2019\/08\/1_fill-in-the-application-1024x1024.jpg\" \/>\n<meta name=\"twitter:card\" content=\"summary_large_image\" \/>\n<meta name=\"twitter:label1\" content=\"Tempo di lettura stimato\" \/>\n\t<meta name=\"twitter:data1\" content=\"26 minuti\" \/>\n<script type=\"application\/ld+json\" class=\"yoast-schema-graph\">{\"@context\":\"https:\\\/\\\/schema.org\",\"@graph\":[{\"@type\":\"WebPage\",\"@id\":\"https:\\\/\\\/www.ladyfrombelarus.com\\\/process\\\/\",\"url\":\"https:\\\/\\\/www.ladyfrombelarus.com\\\/process\\\/\",\"name\":\"Dating agency in Minsk, Belarus \u2013 site Ladyfrombelarus.com\",\"isPartOf\":{\"@id\":\"https:\\\/\\\/www.ladyfrombelarus.com\\\/#website\"},\"primaryImageOfPage\":{\"@id\":\"https:\\\/\\\/www.ladyfrombelarus.com\\\/process\\\/#primaryimage\"},\"image\":{\"@id\":\"https:\\\/\\\/www.ladyfrombelarus.com\\\/process\\\/#primaryimage\"},\"thumbnailUrl\":\"https:\\\/\\\/www.ladyfrombelarus.com\\\/wp-content\\\/uploads\\\/2019\\\/08\\\/1_fill-in-the-application-1024x1024.jpg\",\"datePublished\":\"2019-08-05T12:20:06+00:00\",\"dateModified\":\"2023-12-07T16:49:35+00:00\",\"description\":\"Migliore agenzia di appuntamenti Ladyfrombelarus a Minsk, Bielorussia. 1283 vere donne bielorusse single sul sito. Aiutiamo signori dell'UE, USA, Canada, Australia a conoscere donne single bielorusse per creare una famiglia. 1510 coppie felici negli ultimi 25 anni\",\"breadcrumb\":{\"@id\":\"https:\\\/\\\/www.ladyfrombelarus.com\\\/process\\\/#breadcrumb\"},\"inLanguage\":\"it-IT\",\"potentialAction\":[{\"@type\":\"ReadAction\",\"target\":[\"https:\\\/\\\/www.ladyfrombelarus.com\\\/process\\\/\"]}]},{\"@type\":\"ImageObject\",\"inLanguage\":\"it-IT\",\"@id\":\"https:\\\/\\\/www.ladyfrombelarus.com\\\/process\\\/#primaryimage\",\"url\":\"https:\\\/\\\/www.ladyfrombelarus.com\\\/wp-content\\\/uploads\\\/2019\\\/08\\\/1_fill-in-the-application-1024x1024.jpg\",\"contentUrl\":\"https:\\\/\\\/www.ladyfrombelarus.com\\\/wp-content\\\/uploads\\\/2019\\\/08\\\/1_fill-in-the-application-1024x1024.jpg\"},{\"@type\":\"BreadcrumbList\",\"@id\":\"https:\\\/\\\/www.ladyfrombelarus.com\\\/process\\\/#breadcrumb\",\"itemListElement\":[{\"@type\":\"ListItem\",\"position\":1,\"name\":\"Home\",\"item\":\"https:\\\/\\\/www.ladyfrombelarus.com\\\/\"},{\"@type\":\"ListItem\",\"position\":2,\"name\":\"{:en}Our Process{:}{:de}Unser Prozess{:}{:fr}NOTRE PROCESSUS{:}{:it}LA NOSTRA PROCEDURA{:}{:es}Nuestro proceso{:}\"}]},{\"@type\":\"WebSite\",\"@id\":\"https:\\\/\\\/www.ladyfrombelarus.com\\\/#website\",\"url\":\"https:\\\/\\\/www.ladyfrombelarus.com\\\/\",\"name\":\"{:en}Ladyfrombelarus Marriage agency {:}{:de}Osteurop\u00e4ische Partnervermittlung LadyfromBelarus{:}{:fr}Agence de mariage Ladyfrombelarus{:}{:it}Agenzia di matrimonio Ladyfrombelarus{:}{:es}Agencia matrimonial Ladyfrombelarus{:}\",\"description\":\"Agenzia matrimoniale, creata nel 1998. Introduciamo le donne singoledalla Bielorussia agli uomini europei\",\"publisher\":{\"@id\":\"https:\\\/\\\/www.ladyfrombelarus.com\\\/#organization\"},\"potentialAction\":[{\"@type\":\"SearchAction\",\"target\":{\"@type\":\"EntryPoint\",\"urlTemplate\":\"https:\\\/\\\/www.ladyfrombelarus.com\\\/?s={search_term_string}\"},\"query-input\":{\"@type\":\"PropertyValueSpecification\",\"valueRequired\":true,\"valueName\":\"search_term_string\"}}],\"inLanguage\":\"it-IT\"},{\"@type\":\"Organization\",\"@id\":\"https:\\\/\\\/www.ladyfrombelarus.com\\\/#organization\",\"name\":\"marriage agency Ladyfrombelarus\",\"url\":\"https:\\\/\\\/www.ladyfrombelarus.com\\\/\",\"logo\":{\"@type\":\"ImageObject\",\"inLanguage\":\"it-IT\",\"@id\":\"https:\\\/\\\/www.ladyfrombelarus.com\\\/#\\\/schema\\\/logo\\\/image\\\/\",\"url\":\"https:\\\/\\\/www.ladyfrombelarus.com\\\/wp-content\\\/uploads\\\/2019\\\/09\\\/cropped-LOGO_wide.png\",\"contentUrl\":\"https:\\\/\\\/www.ladyfrombelarus.com\\\/wp-content\\\/uploads\\\/2019\\\/09\\\/cropped-LOGO_wide.png\",\"width\":512,\"height\":512,\"caption\":\"marriage agency Ladyfrombelarus\"},\"image\":{\"@id\":\"https:\\\/\\\/www.ladyfrombelarus.com\\\/#\\\/schema\\\/logo\\\/image\\\/\"},\"sameAs\":[\"https:\\\/\\\/www.facebook.com\\\/ladyfrombelarus\\\/\",\"https:\\\/\\\/www.instagram.com\\\/ladyfrombelarus\\\/\",\"https:\\\/\\\/www.youtube.com\\\/user\\\/agency4marriage\"]}]}<\/script>\n<!-- \/ Yoast SEO plugin. -->","yoast_head_json":{"title":"Dating agency in Minsk, Belarus \u2013 site Ladyfrombelarus.com","description":"Migliore agenzia di appuntamenti Ladyfrombelarus a Minsk, Bielorussia. 1283 vere donne bielorusse single sul sito. Aiutiamo signori dell'UE, USA, Canada, Australia a conoscere donne single bielorusse per creare una famiglia. 1510 coppie felici negli ultimi 25 anni","robots":{"index":"index","follow":"follow","max-snippet":"max-snippet:-1","max-image-preview":"max-image-preview:large","max-video-preview":"max-video-preview:-1"},"canonical":"https:\/\/www.ladyfrombelarus.com\/process\/","og_locale":"it_IT","og_type":"article","og_title":"LA NOSTRA PROCEDURA &#8902; Agenzia di matrimonio Ladyfrombelarus","og_description":"Migliore agenzia di appuntamenti Ladyfrombelarus a Minsk, Bielorussia. 1283 vere donne bielorusse single sul sito. Aiutiamo signori dell'UE, USA, Canada, Australia a conoscere donne single bielorusse per creare una famiglia. 1510 coppie felici negli ultimi 25 anni","og_url":"https:\/\/www.ladyfrombelarus.com\/process\/","og_site_name":"Agenzia di matrimonio Ladyfrombelarus","article_publisher":"https:\/\/www.facebook.com\/ladyfrombelarus\/","article_modified_time":"2023-12-07T16:49:35+00:00","og_image":[{"url":"https:\/\/www.ladyfrombelarus.com\/wp-content\/uploads\/2019\/08\/1_fill-in-the-application-1024x1024.jpg","type":"","width":"","height":""}],"twitter_card":"summary_large_image","twitter_misc":{"Tempo di lettura stimato":"26 minuti"},"schema":{"@context":"https:\/\/schema.org","@graph":[{"@type":"WebPage","@id":"https:\/\/www.ladyfrombelarus.com\/process\/","url":"https:\/\/www.ladyfrombelarus.com\/process\/","name":"Dating agency in Minsk, Belarus \u2013 site Ladyfrombelarus.com","isPartOf":{"@id":"https:\/\/www.ladyfrombelarus.com\/#website"},"primaryImageOfPage":{"@id":"https:\/\/www.ladyfrombelarus.com\/process\/#primaryimage"},"image":{"@id":"https:\/\/www.ladyfrombelarus.com\/process\/#primaryimage"},"thumbnailUrl":"https:\/\/www.ladyfrombelarus.com\/wp-content\/uploads\/2019\/08\/1_fill-in-the-application-1024x1024.jpg","datePublished":"2019-08-05T12:20:06+00:00","dateModified":"2023-12-07T16:49:35+00:00","description":"Migliore agenzia di appuntamenti Ladyfrombelarus a Minsk, Bielorussia. 1283 vere donne bielorusse single sul sito. Aiutiamo signori dell'UE, USA, Canada, Australia a conoscere donne single bielorusse per creare una famiglia. 1510 coppie felici negli ultimi 25 anni","breadcrumb":{"@id":"https:\/\/www.ladyfrombelarus.com\/process\/#breadcrumb"},"inLanguage":"it-IT","potentialAction":[{"@type":"ReadAction","target":["https:\/\/www.ladyfrombelarus.com\/process\/"]}]},{"@type":"ImageObject","inLanguage":"it-IT","@id":"https:\/\/www.ladyfrombelarus.com\/process\/#primaryimage","url":"https:\/\/www.ladyfrombelarus.com\/wp-content\/uploads\/2019\/08\/1_fill-in-the-application-1024x1024.jpg","contentUrl":"https:\/\/www.ladyfrombelarus.com\/wp-content\/uploads\/2019\/08\/1_fill-in-the-application-1024x1024.jpg"},{"@type":"BreadcrumbList","@id":"https:\/\/www.ladyfrombelarus.com\/process\/#breadcrumb","itemListElement":[{"@type":"ListItem","position":1,"name":"Home","item":"https:\/\/www.ladyfrombelarus.com\/"},{"@type":"ListItem","position":2,"name":"{:en}Our Process{:}{:de}Unser Prozess{:}{:fr}NOTRE PROCESSUS{:}{:it}LA NOSTRA PROCEDURA{:}{:es}Nuestro proceso{:}"}]},{"@type":"WebSite","@id":"https:\/\/www.ladyfrombelarus.com\/#website","url":"https:\/\/www.ladyfrombelarus.com\/","name":"{:en}Ladyfrombelarus Marriage agency {:}{:de}Osteurop\u00e4ische Partnervermittlung LadyfromBelarus{:}{:fr}Agence de mariage Ladyfrombelarus{:}{:it}Agenzia di matrimonio Ladyfrombelarus{:}{:es}Agencia matrimonial Ladyfrombelarus{:}","description":"Agenzia matrimoniale, creata nel 1998. Introduciamo le donne singoledalla Bielorussia agli uomini europei","publisher":{"@id":"https:\/\/www.ladyfrombelarus.com\/#organization"},"potentialAction":[{"@type":"SearchAction","target":{"@type":"EntryPoint","urlTemplate":"https:\/\/www.ladyfrombelarus.com\/?s={search_term_string}"},"query-input":{"@type":"PropertyValueSpecification","valueRequired":true,"valueName":"search_term_string"}}],"inLanguage":"it-IT"},{"@type":"Organization","@id":"https:\/\/www.ladyfrombelarus.com\/#organization","name":"marriage agency Ladyfrombelarus","url":"https:\/\/www.ladyfrombelarus.com\/","logo":{"@type":"ImageObject","inLanguage":"it-IT","@id":"https:\/\/www.ladyfrombelarus.com\/#\/schema\/logo\/image\/","url":"https:\/\/www.ladyfrombelarus.com\/wp-content\/uploads\/2019\/09\/cropped-LOGO_wide.png","contentUrl":"https:\/\/www.ladyfrombelarus.com\/wp-content\/uploads\/2019\/09\/cropped-LOGO_wide.png","width":512,"height":512,"caption":"marriage agency Ladyfrombelarus"},"image":{"@id":"https:\/\/www.ladyfrombelarus.com\/#\/schema\/logo\/image\/"},"sameAs":["https:\/\/www.facebook.com\/ladyfrombelarus\/","https:\/\/www.instagram.com\/ladyfrombelarus\/","https:\/\/www.youtube.com\/user\/agency4marriage"]}]}},"_links":{"self":[{"href":"https:\/\/www.ladyfrombelarus.com\/it\/wp-json\/wp\/v2\/pages\/12847","targetHints":{"allow":["GET"]}}],"collection":[{"href":"https:\/\/www.ladyfrombelarus.com\/it\/wp-json\/wp\/v2\/pages"}],"about":[{"href":"https:\/\/www.ladyfrombelarus.com\/it\/wp-json\/wp\/v2\/types\/page"}],"author":[{"embeddable":true,"href":"https:\/\/www.ladyfrombelarus.com\/it\/wp-json\/wp\/v2\/users\/1"}],"replies":[{"embeddable":true,"href":"https:\/\/www.ladyfrombelarus.com\/it\/wp-json\/wp\/v2\/comments?post=12847"}],"version-history":[{"count":76,"href":"https:\/\/www.ladyfrombelarus.com\/it\/wp-json\/wp\/v2\/pages\/12847\/revisions"}],"predecessor-version":[{"id":15408,"href":"https:\/\/www.ladyfrombelarus.com\/it\/wp-json\/wp\/v2\/pages\/12847\/revisions\/15408"}],"wp:attachment":[{"href":"https:\/\/www.ladyfrombelarus.com\/it\/wp-json\/wp\/v2\/media?parent=12847"}],"curies":[{"name":"wp","href":"https:\/\/api.w.org\/{rel}","templated":true}]}}